{"id":4448,"date":"2026-04-04T10:02:01","date_gmt":"2026-04-04T10:02:01","guid":{"rendered":"https:\/\/lyfilter.com\/"},"modified":"2026-04-04T10:02:01","modified_gmt":"2026-04-04T10:02:01","slug":"lvyuan-pleated-sediment-filter-suppliers-for-sea-water","status":"publish","type":"product","link":"https:\/\/lyfilter.com\/de\/lvyuan-pleated-sediment-filter-suppliers-for-sea-water\/","title":{"rendered":"Lvyuan Falten-Sedimentfilter Lieferanten f\u00fcr Meerwasser"},"content":{"rendered":"<p><b>Vorteile f\u00fcr das Unternehmen<\/b><br \/>\n<b>1.<\/b>\u00a0<a href=\"https:\/\/lyfilter.com\/de\/pleated-filter-cartridge.html\/\">Faltenfiltereinsatz<\/a>\u00a0ist das klassische Modell von Lvyuan Water Purification Equipment, das auf dem chinesischen Markt sehr beliebt ist. Es kann auch Partikel, mikrobielle Organismen, Eisenoxid und andere Verunreinigungen filtern<br \/>\n<b>2.<\/b>\u00a0Guangzhou Lvyuan Water Purification Equipment Co., Ltd. stellt fest, dass Vielfalt ebenso wie Qualit\u00e4t und Kundenservice einen Wettbewerbsvorteil darstellt. Das Filtermedium ist thermisch gebunden, um die Freisetzung von Fasern zu verhindern und gleichzeitig konstante Durchflussraten zu gew\u00e4hrleisten.<br \/>\n<b>3.<\/b>\u00a0Das Produkt hat einen niedrigen Schmelzpunkt. Es ist ein optimiertes feuerfestes Material, das eine Reaktion mit den geschmolzenen Materialien verhindern kann. Es ist best\u00e4ndig gegen F\u00e4ulnis, S\u00e4uren und Laugen, organische und anorganische L\u00f6sungsmittel.<br \/>\n<b>4.<\/b>\u00a0Dieses Produkt bietet plane Steifigkeit und Biegesteifigkeit. Beim Stapeln von Waren bleibt es stabil, solange die Grenzbelastung nicht erreicht wird. Das Design mit abgestufter Neigung hilft, ein schnelles Verstopfen zu vermeiden.<br \/>\n<b>5.<\/b>\u00a0Das Produkt arbeitet sehr leise. Im Vergleich zu den Windturbinen und Wasserkraftanlagen, die unglaublich laut sind, macht es keinen L\u00e4rm. Es scheidet w\u00e4hrend des Betriebs kein l\u00f6sliches Material aus<\/p>\n<div class=\"pro_aliData\">\n<div class=\"detail-box\">\n<div class=\"scc-wrapper detail-module module-cspu\" data-module=\"cspu\"><\/div>\n<div class=\"scc-wrapper detail-module module-productPackagingAndQuickDetail\" data-spm=\"prilinga1e\">\n<div class=\"widget-detail-overview\">\n<div class=\"do-title\">\u00dcbersicht<\/div>\n<div id=\"car-parts-model\"><\/div>\n<div class=\"do-content\">\n<div class=\"do-overview\">\n<div class=\"do-entry do-entry-separate\">\n<div class=\"do-entry-title\">Schnelle Details<\/div>\n<\/div>\n<\/div>\n<\/div>\n<\/div>\n<\/div>\n<\/div>\n<\/div>","protected":false},"excerpt":{"rendered":"<table>\n<thead>\n<tr>\n<th>Feld<\/th>\n<th>Wert<\/th>\n<th>Feld<\/th>\n<th>Wert<\/th>\n<\/tr>\n<\/thead>\n<tbody>\n<tr>\n<td>Service nach der Garantie<\/td>\n<td>Online-Unterst\u00fctzung<\/td>\n<td>Lokaler Dienstort<\/td>\n<td>keine<\/td>\n<\/tr>\n<tr>\n<td>Standort des Ausstellungsraums<\/td>\n<td>keine<\/td>\n<td>Video-Ausgangsinspektion<\/td>\n<td>Zur Verf\u00fcgung gestellt<\/td>\n<\/tr>\n<tr>\n<td>Maschinen-Testbericht<\/td>\n<td>Nicht verf\u00fcgbar<\/td>\n<td>Marketing-Typ<\/td>\n<td>Gew\u00f6hnliches Produkt<\/td>\n<\/tr>\n<tr>\n<td>Garantie f\u00fcr Kernkomponenten<\/td>\n<td>Nicht verf\u00fcgbar<\/td>\n<td>Ort der Herkunft<\/td>\n<td>Guangdong, China<\/td>\n<\/tr>\n<tr>\n<td>Markenname<\/td>\n<td>Lvyuan \/ OEM<\/td>\n<td>Material<\/td>\n<td>Plissiertes Filterelement<\/td>\n<\/tr>\n<tr>\n<td>Gewicht<\/td>\n<td>h\u00e4ngt<\/td>\n<td>Gr\u00f6\u00dfe<\/td>\n<td>Standard, Individualisierung<\/td>\n<\/tr>\n<tr>\n<td>Strom<\/td>\n<td>0<\/td>\n<td>Garantie<\/td>\n<td>Nicht verf\u00fcgbar<\/td>\n<\/tr>\n<tr>\n<td>Name des Produkts<\/td>\n<td>pes-Membranfilter<\/td>\n<td>Mikron Rate<\/td>\n<td>0,1, 0,5, 1, 5, 10 ~60um<\/td>\n<\/tr>\n<tr>\n<td>Plissierte Patrone Material<\/td>\n<td>PP\/PTFE\/PES \/Nylon 6 \/PVDF<\/td>\n<td>L\u00e4nge<\/td>\n<td>5\u2033, 10\u2033, 20\u2033, 30\u2033, 40\u2033, OEM<\/td>\n<\/tr>\n<tr>\n<td>Filtermedien<\/td>\n<td>Hochgradig asymmetrische Polyethersulfid-Membran<\/td>\n<td>Endkappe<\/td>\n<td>DOE, 222+Fin, 222+Flat, 226+Fin, 226+Flat<\/td>\n<\/tr>\n<tr>\n<td>Material der Dichtung\/des Rings<\/td>\n<td>Silizium\/EPDM\/NBR\/Viton\/Te-lfon<\/td>\n<td>Verwendung<\/td>\n<td>Fl\u00fcssigkeitsfilterelemente, Wasserfilterteile<\/td>\n<\/tr>\n<tr>\n<td>Innerer Kern<\/td>\n<td>PP\/Edelstahl<\/td>\n<td>Zertifizierung<\/td>\n<td>SGS\/ISO9001<\/td>\n<\/tr>\n<tr>\n<td>Kernkomponenten<\/td>\n<td>Kerzenfilterelement<\/td>\n<td>Lieferf\u00e4higkeit<\/td>\n<td>50000 St\u00fcck\/St\u00fcck pro Monat Wasserfilterelement<\/td>\n<\/tr>\n<\/tbody>\n<\/table>","protected":false},"featured_media":4449,"comment_status":"open","ping_status":"closed","template":"","meta":{"_gspb_post_css":""},"product_brand":[],"product_cat":[21],"product_tag":[1534,1643,1645,1644,1544,1136],"class_list":{"0":"post-4448","1":"product","2":"type-product","3":"status-publish","4":"has-post-thumbnail","6":"product_cat-pleated-filter-cartridge","7":"product_tag-inversafilterpurification","8":"product_tag-lvyuan-pleated-sediment-filter","9":"product_tag-marine-water-treatment-filter","10":"product_tag-pleated-water-filter-supplier","11":"product_tag-sea-water-sediment-filter","12":"product_tag-water-filter-locks","14":"first","15":"instock","16":"shipping-taxable","17":"product-type-simple"},"_links":{"self":[{"href":"https:\/\/lyfilter.com\/de\/wp-json\/wp\/v2\/product\/4448","targetHints":{"allow":["GET"]}}],"collection":[{"href":"https:\/\/lyfilter.com\/de\/wp-json\/wp\/v2\/product"}],"about":[{"href":"https:\/\/lyfilter.com\/de\/wp-json\/wp\/v2\/types\/product"}],"replies":[{"embeddable":true,"href":"https:\/\/lyfilter.com\/de\/wp-json\/wp\/v2\/comments?post=4448"}],"wp:featuredmedia":[{"embeddable":true,"href":"https:\/\/lyfilter.com\/de\/wp-json\/wp\/v2\/media\/4449"}],"wp:attachment":[{"href":"https:\/\/lyfilter.com\/de\/wp-json\/wp\/v2\/media?parent=4448"}],"wp:term":[{"taxonomy":"product_brand","embeddable":true,"href":"https:\/\/lyfilter.com\/de\/wp-json\/wp\/v2\/product_brand?post=4448"},{"taxonomy":"product_cat","embeddable":true,"href":"https:\/\/lyfilter.com\/de\/wp-json\/wp\/v2\/product_cat?post=4448"},{"taxonomy":"product_tag","embeddable":true,"href":"https:\/\/lyfilter.com\/de\/wp-json\/wp\/v2\/product_tag?post=4448"}],"curies":[{"name":"wp","href":"https:\/\/api.w.org\/{rel}","templated":true}]}}