{"id":4429,"date":"2026-04-04T09:53:46","date_gmt":"2026-04-04T09:53:46","guid":{"rendered":"https:\/\/lyfilter.com\/"},"modified":"2026-04-04T09:53:47","modified_gmt":"2026-04-04T09:53:47","slug":"20-inch-water-filter-housing-oem-lvyuan-by-lvyuan-filter","status":"publish","type":"product","link":"https:\/\/lyfilter.com\/de\/20-inch-water-filter-housing-oem-lvyuan-by-lvyuan-filter\/","title":{"rendered":"20-Zoll-Wasserfiltergeh\u00e4use OEM\/Lvyuan von Lvyuan Filter"},"content":{"rendered":"<p><b>Vorteile f\u00fcr das Unternehmen<\/b><\/p>\n<p>- 20 Zoll\u00a0<a href=\"https:\/\/lyfilter.com\/de\/stainless-steel-filter-housing.html\/\">Wasserfiltergeh\u00e4use<\/a>\u00a0wird die Nutzer mit \u00fcberzeugenden Funktionen und unverwechselbaren Stilen beeindrucken.<\/p>\n<p>- Jeder Aspekt des Produkts wird streng gepr\u00fcft, um den internationalen Qualit\u00e4tsstandards zu entsprechen.<\/p>\n<p>- Guangzhou Lvyuan Water Purification Equipment Co., Ltd. ist stark gewachsen und hat sich einen guten Ruf als f\u00fchrendes Unternehmen, Qualit\u00e4t und Integrit\u00e4t in seinem jeweiligen Bereich erworben.<\/p>\n<p>&nbsp;<\/p>\n<p><strong>Mobiles Filtersystem aus Edelstahl<\/strong><\/p>\n<p>Das von Guangzhou Lvyuan hergestellte mobile Schlauchfiltersystem besteht aus einem Standard-Schlauchfilter (40AM, 80AM, 40AST, 840AST), einer pneumatischen Doppelkammer-Membranpumpe Wei Li oder Wilden PW25\/50, einem Schaltkasten, einem Auslassrohr DN25, DN50 und einem Einlassrohrflansch DN25, DN50 oder einem Au\u00dfendrahtanschluss, der auf der Installationsplattform des Wagens installiert ist. Es kann frei auf jede Arbeits Produktionslinie mit einem Schritt feste Installation f\u00fcr die Filtration bewegt werden.<\/p>","protected":false},"excerpt":{"rendered":"<table>\n<thead>\n<tr>\n<th>Feld<\/th>\n<th>Wert<\/th>\n<\/tr>\n<\/thead>\n<tbody>\n<tr>\n<td>Start Hafen<\/td>\n<td>Guangzhou<\/td>\n<\/tr>\n<tr>\n<td>Produktionskapazit\u00e4t<\/td>\n<td>10000 Einheiten\/Monat<\/td>\n<\/tr>\n<tr>\n<td>Zahlung<\/td>\n<td>T\/T, Alibaba Handelsgarantie<\/td>\n<\/tr>\n<tr>\n<td>Marke<\/td>\n<td>OEM\/Lvyuan<\/td>\n<\/tr>\n<\/tbody>\n<\/table>","protected":false},"featured_media":4435,"comment_status":"open","ping_status":"closed","template":"","meta":{"_gspb_post_css":""},"product_brand":[],"product_cat":[15],"product_tag":[1634,1636,1534,1186,1635,1136],"class_list":{"0":"post-4429","1":"product","2":"type-product","3":"status-publish","4":"has-post-thumbnail","6":"product_cat-stainless-steel-filter-housing","7":"product_tag-20-inch-water-filter-housing","8":"product_tag-filter-housing-for-water-system","9":"product_tag-inversafilterpurification","10":"product_tag-lvyuan-filter-housing","11":"product_tag-water-filter-housing-oem","12":"product_tag-water-filter-locks","14":"first","15":"instock","16":"shipping-taxable","17":"product-type-simple"},"_links":{"self":[{"href":"https:\/\/lyfilter.com\/de\/wp-json\/wp\/v2\/product\/4429","targetHints":{"allow":["GET"]}}],"collection":[{"href":"https:\/\/lyfilter.com\/de\/wp-json\/wp\/v2\/product"}],"about":[{"href":"https:\/\/lyfilter.com\/de\/wp-json\/wp\/v2\/types\/product"}],"replies":[{"embeddable":true,"href":"https:\/\/lyfilter.com\/de\/wp-json\/wp\/v2\/comments?post=4429"}],"wp:featuredmedia":[{"embeddable":true,"href":"https:\/\/lyfilter.com\/de\/wp-json\/wp\/v2\/media\/4435"}],"wp:attachment":[{"href":"https:\/\/lyfilter.com\/de\/wp-json\/wp\/v2\/media?parent=4429"}],"wp:term":[{"taxonomy":"product_brand","embeddable":true,"href":"https:\/\/lyfilter.com\/de\/wp-json\/wp\/v2\/product_brand?post=4429"},{"taxonomy":"product_cat","embeddable":true,"href":"https:\/\/lyfilter.com\/de\/wp-json\/wp\/v2\/product_cat?post=4429"},{"taxonomy":"product_tag","embeddable":true,"href":"https:\/\/lyfilter.com\/de\/wp-json\/wp\/v2\/product_tag?post=4429"}],"curies":[{"name":"wp","href":"https:\/\/api.w.org\/{rel}","templated":true}]}}