{"id":4427,"date":"2026-04-04T09:47:11","date_gmt":"2026-04-04T09:47:11","guid":{"rendered":"https:\/\/lyfilter.com\/"},"modified":"2026-04-04T09:47:11","modified_gmt":"2026-04-04T09:47:11","slug":"low-cost-seawater-desalination-plant-for-boat-on-sailing","status":"publish","type":"product","link":"https:\/\/lyfilter.com\/de\/low-cost-seawater-desalination-plant-for-boat-on-sailing\/","title":{"rendered":"Kosteng\u00fcnstige Meerwasserentsalzungsanlage f\u00fcr Boote auf Segeln"},"content":{"rendered":"<p>Kapazit\u00e4t: 5000LPD bis 100000LPD<br \/>\nTDS: 800ppm<br \/>\nTrinkwasser f\u00fcr Wohn- und Seeschiffe geeignet<\/p>\n<div id=\"J-rich-text-description\">\n<p>- Einf\u00fchrung in die Generation<\/p>\n<p>Die Meerwasserentsalzungsanlagen der Serie LY-FSHB mit kleiner und mittlerer Kapazit\u00e4t eignen sich f\u00fcr Inseln, Seeschiffe, Bahnh\u00f6fe und K\u00fcstenst\u00e4dte. Sie entfernen effektiv anorganisches Salz, Mineralien, organische Viren und Bakterien und wandeln das Meerwasser mit Hilfe der fortschrittlichen Umkehrosmose-Technologie in Trinkwasser um. Das Trinkwasser des Produkts ist f\u00fcr den menschlichen Verbrauch oder die Bew\u00e4sserung geeignet.<\/p>\n<p>&nbsp;<\/p>\n<p>- Kurzer Prozess<\/p>\n<p>Meerwasser \u2192Wassertank\u2192 Druckerh\u00f6hungspumpe\u2192 Mechanischer Filter \u2192Sicherheitsfilter\u2192 Hochdruckpumpe \u2192 Meerwasserentsalzung RO-Membranmodule \u2192 Trinkwassertank<\/p>\n<p>&nbsp;<\/p>\n<p>- Der Vorteil<\/p>\n<p>&nbsp;<\/p>\n<p>Diese Wasserausr\u00fcstung passt Amerika DOW Meerwasserentsalzung Umkehrosmose-Membran, die hohe Entsalzung Verh\u00e4ltnis und stabile und sichere Leistung hat. Die RO-Hochdruckpumpe, die Hoch- und Niederdruckschutz der Maschine hat, ist Marke und es wird besonders f\u00fcr Meerwasserentsalzung verwendet. Dieses Ger\u00e4t kann die Sicherheit der gesamten Maschine gew\u00e4hrleisten. Das Trinkwasser, das von dieser Maschine produziert wird, ist klar und hat keine Chemikalien und wir k\u00f6nnen es direkt trinken.<\/p>\n<p>Diese Maschine ist von geringer Gr\u00f6\u00dfe, daher leicht, bequem f\u00fcr die Installation und Anpassung konzipiert. Sie ist einfach zu bedienen und zu warten.<\/p>\n<p>&nbsp;<\/p>\n<\/div>","protected":false},"excerpt":{"rendered":"<table>\n<thead>\n<tr>\n<th>Feld<\/th>\n<th>Wert<\/th>\n<\/tr>\n<\/thead>\n<tbody>\n<tr>\n<td>Anwendbare Industrien<\/td>\n<td>Lebensmittel- und Getr\u00e4nkefabrik, Bauarbeiten, Lebensmittel- und Getr\u00e4nkel\u00e4den<\/td>\n<\/tr>\n<tr>\n<td>Service nach der Garantie<\/td>\n<td>Online-Unterst\u00fctzung<\/td>\n<\/tr>\n<tr>\n<td>Lokaler Dienstort<\/td>\n<td>keine<\/td>\n<\/tr>\n<tr>\n<td>Standort des Ausstellungsraums<\/td>\n<td>keine<\/td>\n<\/tr>\n<tr>\n<td>Video-Ausgangsinspektion<\/td>\n<td>Zur Verf\u00fcgung gestellt<\/td>\n<\/tr>\n<tr>\n<td>Maschinen-Testbericht<\/td>\n<td>Zur Verf\u00fcgung gestellt<\/td>\n<\/tr>\n<tr>\n<td>Marketing-Typ<\/td>\n<td>Gew\u00f6hnliches Produkt<\/td>\n<\/tr>\n<tr>\n<td>Garantie f\u00fcr Kernkomponenten<\/td>\n<td>1 Jahr<\/td>\n<\/tr>\n<tr>\n<td>Kernkomponenten<\/td>\n<td>Druckbeh\u00e4lter, Motor<\/td>\n<\/tr>\n<tr>\n<td>Ort der Herkunft<\/td>\n<td>Guangdong, China<\/td>\n<\/tr>\n<tr>\n<td>Markenname<\/td>\n<td>Lvyuan\/OEM<\/td>\n<\/tr>\n<tr>\n<td>Garantie<\/td>\n<td>1 Jahr<\/td>\n<\/tr>\n<tr>\n<td>After-Sales-Service<\/td>\n<td>Online-Unterst\u00fctzung<\/td>\n<\/tr>\n<tr>\n<td>Typ1<\/td>\n<td>Meerwasserentsalzung<\/td>\n<\/tr>\n<tr>\n<td>Typ2<\/td>\n<td>Bitterwasserentsalzung<\/td>\n<\/tr>\n<tr>\n<td>Typ3<\/td>\n<td>ro Wasserreinigungssystem<\/td>\n<\/tr>\n<tr>\n<td>Wassertarif<\/td>\n<td>5000LPD-100000LPD<\/td>\n<\/tr>\n<tr>\n<td>Entsalzungsrate<\/td>\n<td>98%<\/td>\n<\/tr>\n<tr>\n<td>Arbeitsdruck<\/td>\n<td>3,5-6,5MPa<\/td>\n<\/tr>\n<tr>\n<td>Verwendung<\/td>\n<td>Herstellung von reinem Wasser f\u00fcr Segelschiffe<\/td>\n<\/tr>\n<tr>\n<td>Kernprozess<\/td>\n<td>Umkehrosmosemembran<\/td>\n<\/tr>\n<tr>\n<td>Sterilisation<\/td>\n<td>UV-Sterilisator<\/td>\n<\/tr>\n<tr>\n<td>Verwendung2<\/td>\n<td>Meerwasserentsalzung f\u00fcr Boote<\/td>\n<\/tr>\n<tr>\n<td>Lieferf\u00e4higkeit<\/td>\n<td>5 Satz\/S\u00e4tze pro Woche<\/td>\n<\/tr>\n<\/tbody>\n<\/table>","protected":false},"featured_media":4428,"comment_status":"open","ping_status":"closed","template":"","meta":{"_gspb_post_css":""},"product_brand":[],"product_cat":[1628],"product_tag":[1630,1534,1629,1632,1631,1633],"class_list":{"0":"post-4427","1":"product","2":"type-product","3":"status-publish","4":"has-post-thumbnail","6":"product_cat-seawater-desalination-plant","7":"product_tag-boat-desalination-system","8":"product_tag-inversafilterpurification","9":"product_tag-low-cost-seawater-desalination-plant","10":"product_tag-marine-water-purification","11":"product_tag-sailing-water-maker","12":"product_tag-seawater-treatment-system","14":"first","15":"instock","16":"shipping-taxable","17":"product-type-simple"},"_links":{"self":[{"href":"https:\/\/lyfilter.com\/de\/wp-json\/wp\/v2\/product\/4427","targetHints":{"allow":["GET"]}}],"collection":[{"href":"https:\/\/lyfilter.com\/de\/wp-json\/wp\/v2\/product"}],"about":[{"href":"https:\/\/lyfilter.com\/de\/wp-json\/wp\/v2\/types\/product"}],"replies":[{"embeddable":true,"href":"https:\/\/lyfilter.com\/de\/wp-json\/wp\/v2\/comments?post=4427"}],"wp:featuredmedia":[{"embeddable":true,"href":"https:\/\/lyfilter.com\/de\/wp-json\/wp\/v2\/media\/4428"}],"wp:attachment":[{"href":"https:\/\/lyfilter.com\/de\/wp-json\/wp\/v2\/media?parent=4427"}],"wp:term":[{"taxonomy":"product_brand","embeddable":true,"href":"https:\/\/lyfilter.com\/de\/wp-json\/wp\/v2\/product_brand?post=4427"},{"taxonomy":"product_cat","embeddable":true,"href":"https:\/\/lyfilter.com\/de\/wp-json\/wp\/v2\/product_cat?post=4427"},{"taxonomy":"product_tag","embeddable":true,"href":"https:\/\/lyfilter.com\/de\/wp-json\/wp\/v2\/product_tag?post=4427"}],"curies":[{"name":"wp","href":"https:\/\/api.w.org\/{rel}","templated":true}]}}