{"id":4421,"date":"2026-04-04T09:44:14","date_gmt":"2026-04-04T09:44:14","guid":{"rendered":"https:\/\/lyfilter.com\/"},"modified":"2026-04-04T09:44:14","modified_gmt":"2026-04-04T09:44:14","slug":"lvyuan-filter-professional-sintered-stainless-steel-filter-elements-supply-for-water","status":"publish","type":"product","link":"https:\/\/lyfilter.com\/de\/lvyuan-filter-professional-sintered-stainless-steel-filter-elements-supply-for-water\/","title":{"rendered":"Lvyuan Filter Professionelle gesinterte Edelstahl-Filterelemente f\u00fcr die Wasserversorgung"},"content":{"rendered":"<p>Dieses Filterelement aus gesintertem Edelstahl wurde f\u00fcr die Wasserfiltration entwickelt und bietet einen stabilen Durchfluss, dauerhafte Festigkeit und eine lange Nutzungsdauer. Lvyuan und InversaFilterPurification bieten zuverl\u00e4ssige Lieferung und Unterst\u00fctzung f\u00fcr den industriellen Einsatz.<\/p>","protected":false},"excerpt":{"rendered":"<table>\n<thead>\n<tr>\n<th>Feld<\/th>\n<th>Wert<\/th>\n<\/tr>\n<\/thead>\n<tbody>\n<tr>\n<td>Service nach der Garantie<\/td>\n<td>Online-Unterst\u00fctzung<\/td>\n<\/tr>\n<tr>\n<td>Lokaler Dienstort<\/td>\n<td>keine<\/td>\n<\/tr>\n<tr>\n<td>Standort des Ausstellungsraums<\/td>\n<td>keine<\/td>\n<\/tr>\n<tr>\n<td>Video-Ausgangsinspektion<\/td>\n<td>Zur Verf\u00fcgung gestellt<\/td>\n<\/tr>\n<tr>\n<td>Maschinen-Testbericht<\/td>\n<td>Zur Verf\u00fcgung gestellt<\/td>\n<\/tr>\n<tr>\n<td>Marketing-Typ<\/td>\n<td>Gew\u00f6hnliches Produkt<\/td>\n<\/tr>\n<tr>\n<td>Garantie f\u00fcr Kernkomponenten<\/td>\n<td>1 Jahr<\/td>\n<\/tr>\n<tr>\n<td>Kernkomponenten<\/td>\n<td>Druckbeh\u00e4lter<\/td>\n<\/tr>\n<tr>\n<td>Ort der Herkunft<\/td>\n<td>Guangdong, China<\/td>\n<\/tr>\n<tr>\n<td>Markenname<\/td>\n<td>Lvyuan\/OEM<\/td>\n<\/tr>\n<tr>\n<td>Garantie<\/td>\n<td>1 Jahr<\/td>\n<\/tr>\n<tr>\n<td>After-Sales-Service<\/td>\n<td>Online-Unterst\u00fctzung<\/td>\n<\/tr>\n<tr>\n<td>Name des Produkts<\/td>\n<td>Edelstahl-Dampffilter<\/td>\n<\/tr>\n<tr>\n<td>Mikron Rate<\/td>\n<td>0,1 bis 400 Mikrometer<\/td>\n<\/tr>\n<tr>\n<td>OEM-Abmessung<\/td>\n<td>Verf\u00fcgbar<\/td>\n<\/tr>\n<tr>\n<td>L\u00e4nge<\/td>\n<td>5\u2033, 10\u2033, 20\u2033, 30\u2033, 40\u2033, 50\u201d, 60\u201d Zoll<\/td>\n<\/tr>\n<tr>\n<td>Rostfreier Stahl Material<\/td>\n<td>304, 316, 316L<\/td>\n<\/tr>\n<tr>\n<td>Interface-Formular<\/td>\n<td>222,226,215, M36, M24, M22, M20 Gewindeanschluss<\/td>\n<\/tr>\n<tr>\n<td>Ebene<\/td>\n<td>Falten-\/Gewebepatronenfilter<\/td>\n<\/tr>\n<tr>\n<td>Verwendung<\/td>\n<td>Gas- und Fl\u00fcssigkeitsfiltration<\/td>\n<\/tr>\n<tr>\n<td>Hitzebest\u00e4ndigkeit<\/td>\n<td>- 200 - 500 Grad<\/td>\n<\/tr>\n<tr>\n<td>Arbeitsdruck<\/td>\n<td>0,1 bis 30Mpa<\/td>\n<\/tr>\n<\/tbody>\n<\/table>","protected":false},"featured_media":4425,"comment_status":"open","ping_status":"closed","template":"","meta":{"_gspb_post_css":""},"product_brand":[],"product_cat":[18],"product_tag":[334,1534,1399,1626,1136,1627],"class_list":{"0":"post-4421","1":"product","2":"type-product","3":"status-publish","4":"has-post-thumbnail","6":"product_cat-sintered-metal-filters","7":"product_tag-industrial-water-filter","8":"product_tag-inversafilterpurification","9":"product_tag-lvyuan-sintered-stainless-steel-filter","10":"product_tag-stainless-steel-filter-element","11":"product_tag-water-filter-locks","12":"product_tag-water-filtration-filter-element","14":"first","15":"instock","16":"shipping-taxable","17":"product-type-simple"},"_links":{"self":[{"href":"https:\/\/lyfilter.com\/de\/wp-json\/wp\/v2\/product\/4421","targetHints":{"allow":["GET"]}}],"collection":[{"href":"https:\/\/lyfilter.com\/de\/wp-json\/wp\/v2\/product"}],"about":[{"href":"https:\/\/lyfilter.com\/de\/wp-json\/wp\/v2\/types\/product"}],"replies":[{"embeddable":true,"href":"https:\/\/lyfilter.com\/de\/wp-json\/wp\/v2\/comments?post=4421"}],"wp:featuredmedia":[{"embeddable":true,"href":"https:\/\/lyfilter.com\/de\/wp-json\/wp\/v2\/media\/4425"}],"wp:attachment":[{"href":"https:\/\/lyfilter.com\/de\/wp-json\/wp\/v2\/media?parent=4421"}],"wp:term":[{"taxonomy":"product_brand","embeddable":true,"href":"https:\/\/lyfilter.com\/de\/wp-json\/wp\/v2\/product_brand?post=4421"},{"taxonomy":"product_cat","embeddable":true,"href":"https:\/\/lyfilter.com\/de\/wp-json\/wp\/v2\/product_cat?post=4421"},{"taxonomy":"product_tag","embeddable":true,"href":"https:\/\/lyfilter.com\/de\/wp-json\/wp\/v2\/product_tag?post=4421"}],"curies":[{"name":"wp","href":"https:\/\/api.w.org\/{rel}","templated":true}]}}