{"id":4414,"date":"2026-04-04T09:24:35","date_gmt":"2026-04-04T09:24:35","guid":{"rendered":"https:\/\/lyfilter.com\/"},"modified":"2026-05-08T01:28:26","modified_gmt":"2026-05-08T01:28:26","slug":"water-filter-housing-blue-ro-filter-housing-10-20-for-water-system","status":"publish","type":"product","link":"https:\/\/lyfilter.com\/de\/water-filter-housing-blue-ro-filter-housing-10-20-for-water-system\/","title":{"rendered":"Wasserfiltergeh\u00e4use blau\/ RO Filtergeh\u00e4use 10\u201d 20\u201d f\u00fcr Wassersystem"},"content":{"rendered":"<p>Dieses blaue Wasserfiltergeh\u00e4use ist f\u00fcr eine zuverl\u00e4ssige Filtration ausgelegt und bietet Ihrem Wassersystem einen sicheren Sitz und einen gleichm\u00e4\u00dfigen Durchfluss. InversaFilterPurification bietet 10-Zoll- und 20-Zoll-Optionen an, die sich leicht an verschiedene Setups anpassen lassen.<\/p>","protected":false},"excerpt":{"rendered":"<table>\n<thead>\n<tr>\n<th>Feld<\/th>\n<th>Wert<\/th>\n<\/tr>\n<\/thead>\n<tbody>\n<tr>\n<td>Anwendbare Industrien<\/td>\n<td>Hotels, Lebensmittel- und Getr\u00e4nkehersteller, Hausgebrauch, Wasseraufbereitung<\/td>\n<\/tr>\n<tr>\n<td>Ort der Herkunft<\/td>\n<td>Guangdong, China<\/td>\n<\/tr>\n<tr>\n<td>Markenname<\/td>\n<td>Lvyuan,OEM,ODM<\/td>\n<\/tr>\n<tr>\n<td>Material<\/td>\n<td>Seiten<\/td>\n<\/tr>\n<tr>\n<td>Gewicht<\/td>\n<td>angepasst<\/td>\n<\/tr>\n<tr>\n<td>Gr\u00f6\u00dfe<\/td>\n<td>angepasst<\/td>\n<\/tr>\n<tr>\n<td>Strom<\/td>\n<td>angepasst<\/td>\n<\/tr>\n<tr>\n<td>Garantie<\/td>\n<td>Nicht verf\u00fcgbar<\/td>\n<\/tr>\n<tr>\n<td>Merkmal<\/td>\n<td>Fl\u00fcssigkeit kl\u00e4ren<\/td>\n<\/tr>\n<tr>\n<td>L\u00e4nge<\/td>\n<td>10 Zoll<\/td>\n<\/tr>\n<tr>\n<td>Zertifizierung<\/td>\n<td>SGS<\/td>\n<\/tr>\n<tr>\n<td>Form<\/td>\n<td>Zylinder<\/td>\n<\/tr>\n<tr>\n<td>Verwendung<\/td>\n<td>Wasseraufbereitung<\/td>\n<\/tr>\n<tr>\n<td>Anmeldung<\/td>\n<td>Industrie, Haushalt<\/td>\n<\/tr>\n<tr>\n<td>Rohmaterial<\/td>\n<td>Seiten<\/td>\n<\/tr>\n<tr>\n<td>Stil<\/td>\n<td>billig<\/td>\n<\/tr>\n<tr>\n<td>Farbe<\/td>\n<td>Blau und transparent<\/td>\n<\/tr>\n<tr>\n<td>OD<\/td>\n<td>185mm<\/td>\n<\/tr>\n<tr>\n<td>After-Sales-Service<\/td>\n<td>Online-Unterst\u00fctzung<\/td>\n<\/tr>\n<tr>\n<td>Lieferf\u00e4higkeit<\/td>\n<td>500 St\u00fcck\/St\u00fcck pro Tag<\/td>\n<\/tr>\n<\/tbody>\n<\/table>","protected":false},"featured_media":4415,"comment_status":"open","ping_status":"closed","template":"","meta":{"_gspb_post_css":""},"product_brand":[],"product_cat":[1304],"product_tag":[1625,1594,1623,1534,1624,1136],"class_list":{"0":"post-4414","1":"product","2":"type-product","3":"status-publish","4":"has-post-thumbnail","6":"product_cat-10-inch-filter-housing","7":"product_tag-10-inch-water-filter-housing","8":"product_tag-20-inch-filter-housing","9":"product_tag-blue-water-filter-housing","10":"product_tag-inversafilterpurification","11":"product_tag-ro-filter-housing","12":"product_tag-water-filter-locks","14":"first","15":"instock","16":"shipping-taxable","17":"product-type-simple"},"_links":{"self":[{"href":"https:\/\/lyfilter.com\/de\/wp-json\/wp\/v2\/product\/4414","targetHints":{"allow":["GET"]}}],"collection":[{"href":"https:\/\/lyfilter.com\/de\/wp-json\/wp\/v2\/product"}],"about":[{"href":"https:\/\/lyfilter.com\/de\/wp-json\/wp\/v2\/types\/product"}],"replies":[{"embeddable":true,"href":"https:\/\/lyfilter.com\/de\/wp-json\/wp\/v2\/comments?post=4414"}],"wp:featuredmedia":[{"embeddable":true,"href":"https:\/\/lyfilter.com\/de\/wp-json\/wp\/v2\/media\/4415"}],"wp:attachment":[{"href":"https:\/\/lyfilter.com\/de\/wp-json\/wp\/v2\/media?parent=4414"}],"wp:term":[{"taxonomy":"product_brand","embeddable":true,"href":"https:\/\/lyfilter.com\/de\/wp-json\/wp\/v2\/product_brand?post=4414"},{"taxonomy":"product_cat","embeddable":true,"href":"https:\/\/lyfilter.com\/de\/wp-json\/wp\/v2\/product_cat?post=4414"},{"taxonomy":"product_tag","embeddable":true,"href":"https:\/\/lyfilter.com\/de\/wp-json\/wp\/v2\/product_tag?post=4414"}],"curies":[{"name":"wp","href":"https:\/\/api.w.org\/{rel}","templated":true}]}}