{"id":4397,"date":"2026-04-04T09:06:52","date_gmt":"2026-04-04T09:06:52","guid":{"rendered":"https:\/\/lyfilter.com\/"},"modified":"2026-04-04T09:06:52","modified_gmt":"2026-04-04T09:06:52","slug":"best-price-pp-melt-blown-filter-cartridge-with-custom-services-for-water-purifier","status":"publish","type":"product","link":"https:\/\/lyfilter.com\/de\/best-price-pp-melt-blown-filter-cartridge-with-custom-services-for-water-purifier\/","title":{"rendered":"Bester Preis PP Schmelz geblasen Filterpatrone mit benutzerdefinierten Dienstleistungen f\u00fcr Wasserreiniger"},"content":{"rendered":"<p><b>Vorteile f\u00fcr das Unternehmen<\/b><br \/>\n<b>1.<\/b>\u00a0Die Gestaltung von\u00a0<a href=\"https:\/\/lyfilter.com\/de\/\">Lvyuan-Filter<\/a>\u00a0wird streng durchgef\u00fchrt. Sie wird von unseren Konstrukteuren durchgef\u00fchrt, die gro\u00dfen Wert auf die Sicherheit der Teile und Komponenten, die Sicherheit der gesamten Maschine, die Betriebssicherheit und die Umweltsicherheit legen. Sie hat eine h\u00f6here Schmutzaufnahmekapazit\u00e4t und eine l\u00e4ngere Lebensdauer<br \/>\n<b>2.<\/b>\u00a0Seit ihrer Gr\u00fcndung hat die Guangzhou Lvyuan Water Purification Equipment Co., Ltd. von vielen Benutzern Lob erhalten. Die sternf\u00f6rmige Ringdichtung macht die\u00a0<a href=\"https:\/\/lyfilter.com\/de\/products.html\/\">Filtereinsatz<\/a>\u00a0leicht zu demontieren und zu warten<br \/>\n<b>3.<\/b>\u00a0Das Produkt ist hervorragend abgedichtet. Seine Pr\u00e4zisionskomponenten und -teile sind durch ein Schutzgeh\u00e4use gesch\u00fctzt, um versehentliche St\u00f6\u00dfe und Staubablagerungen zu vermeiden. Es ist mit einer breiten Palette von L\u00e4ngen f\u00fcr Standard- und Vollstromgeh\u00e4use erh\u00e4ltlich<\/p>","protected":false},"excerpt":{"rendered":"<table>\n<thead>\n<tr>\n<th>Feld<\/th>\n<th>Wert<\/th>\n<\/tr>\n<\/thead>\n<tbody>\n<tr>\n<td>Anwendbare Industrien<\/td>\n<td>Produktionsanlagen, Lebensmittel- und Getr\u00e4nkehersteller, Hausgebrauch, Wasseraufbereitung<\/td>\n<\/tr>\n<tr>\n<td>Ort der Herkunft<\/td>\n<td>Guangdong, China<\/td>\n<\/tr>\n<tr>\n<td>Markenname<\/td>\n<td>Lvyuan, OEM, ODM<\/td>\n<\/tr>\n<tr>\n<td>Material<\/td>\n<td>Seiten<\/td>\n<\/tr>\n<tr>\n<td>Gewicht<\/td>\n<td>angepasst<\/td>\n<\/tr>\n<tr>\n<td>Gr\u00f6\u00dfe<\/td>\n<td>individuell, schlank, jumbo<\/td>\n<\/tr>\n<tr>\n<td>Strom<\/td>\n<td>0<\/td>\n<\/tr>\n<tr>\n<td>Garantie<\/td>\n<td>Nicht verf\u00fcgbar<\/td>\n<\/tr>\n<tr>\n<td>Merkmal<\/td>\n<td>Stahl in individueller Gr\u00f6\u00dfe und mit Logo<\/td>\n<\/tr>\n<tr>\n<td>Zertifizierung<\/td>\n<td>SGS<\/td>\n<\/tr>\n<tr>\n<td>Form<\/td>\n<td>Zylinder<\/td>\n<\/tr>\n<tr>\n<td>Verwendung<\/td>\n<td>Wasseraufbereitung<\/td>\n<\/tr>\n<tr>\n<td>Anmeldung<\/td>\n<td>Industrie<\/td>\n<\/tr>\n<tr>\n<td>Farbe<\/td>\n<td>wei\u00df<\/td>\n<\/tr>\n<tr>\n<td>Verpacken<\/td>\n<td>Papierschachtel<\/td>\n<\/tr>\n<tr>\n<td>Rohmaterial<\/td>\n<td>pp Faser<\/td>\n<\/tr>\n<tr>\n<td>Erscheinungsbild<\/td>\n<td>gepr\u00e4gt, gl\u00e4nzend, etc.<\/td>\n<\/tr>\n<tr>\n<td>After-Sales-Service<\/td>\n<td>Online-Unterst\u00fctzung<\/td>\n<\/tr>\n<tr>\n<td>Lieferf\u00e4higkeit<\/td>\n<td>5000 St\u00fcck\/St\u00fcck pro Woche<\/td>\n<\/tr>\n<\/tbody>\n<\/table>","protected":false},"featured_media":4404,"comment_status":"open","ping_status":"closed","template":"","meta":{"_gspb_post_css":""},"product_brand":[],"product_cat":[23],"product_tag":[665,1534,768,325,1613,1165],"class_list":{"0":"post-4397","1":"product","2":"type-product","3":"status-publish","4":"has-post-thumbnail","6":"product_cat-pp-filter-cartridge","7":"product_tag-custom-water-filter-cartridge","8":"product_tag-inversafilterpurification","9":"product_tag-pp-melt-blown-filter-cartridge","10":"product_tag-sediment-filter-cartridge","11":"product_tag-water-filtration-solution","12":"product_tag-water-purifier-filter","14":"first","15":"instock","16":"shipping-taxable","17":"product-type-simple"},"_links":{"self":[{"href":"https:\/\/lyfilter.com\/de\/wp-json\/wp\/v2\/product\/4397","targetHints":{"allow":["GET"]}}],"collection":[{"href":"https:\/\/lyfilter.com\/de\/wp-json\/wp\/v2\/product"}],"about":[{"href":"https:\/\/lyfilter.com\/de\/wp-json\/wp\/v2\/types\/product"}],"replies":[{"embeddable":true,"href":"https:\/\/lyfilter.com\/de\/wp-json\/wp\/v2\/comments?post=4397"}],"wp:featuredmedia":[{"embeddable":true,"href":"https:\/\/lyfilter.com\/de\/wp-json\/wp\/v2\/media\/4404"}],"wp:attachment":[{"href":"https:\/\/lyfilter.com\/de\/wp-json\/wp\/v2\/media?parent=4397"}],"wp:term":[{"taxonomy":"product_brand","embeddable":true,"href":"https:\/\/lyfilter.com\/de\/wp-json\/wp\/v2\/product_brand?post=4397"},{"taxonomy":"product_cat","embeddable":true,"href":"https:\/\/lyfilter.com\/de\/wp-json\/wp\/v2\/product_cat?post=4397"},{"taxonomy":"product_tag","embeddable":true,"href":"https:\/\/lyfilter.com\/de\/wp-json\/wp\/v2\/product_tag?post=4397"}],"curies":[{"name":"wp","href":"https:\/\/api.w.org\/{rel}","templated":true}]}}