{"id":4372,"date":"2026-04-04T08:49:40","date_gmt":"2026-04-04T08:49:40","guid":{"rendered":"https:\/\/lyfilter.com\/"},"modified":"2026-04-04T08:49:40","modified_gmt":"2026-04-04T08:49:40","slug":"lvyuan-affordable-titanium-filter-suppliers-for-factory","status":"publish","type":"product","link":"https:\/\/lyfilter.com\/de\/lvyuan-affordable-titanium-filter-suppliers-for-factory\/","title":{"rendered":"Lvyuan Erschwingliche Titan-Filter Lieferanten f\u00fcr Fabrik"},"content":{"rendered":"<p><b>Vorteile f\u00fcr das Unternehmen<\/b><br \/>\n<b>1.<\/b>\u00a0Eine solche Konstruktion aus rostfreiem Stahl\u00a0<a href=\"https:\/\/lyfilter.com\/de\/sintered-filter-cartridge.html\/\">gesinterte Filterpatrone<\/a>\u00a0k\u00f6nnte m\u00f6glicherweise die Titanfilterindustrie revolutionieren. Da die Kappen thermisch geschwei\u00dft sind, neigen sie nicht dazu, zu brechen oder abzufallen.<br \/>\n<b>2.<\/b>\u00a0Mit der Verbreitung von Mundpropaganda hat das Produkt das gro\u00dfe Potenzial, in Zukunft einen gr\u00f6\u00dferen Marktanteil zu erobern. Es kann die Filtrationsgenauigkeit wirksam kontrollieren<br \/>\n<b>3.<\/b>\u00a0Die rasante Entwicklung des Titanfilters ist auf die Eigenschaften der gesinterten Filterpatrone aus Edelstahl zur\u00fcckzuf\u00fchren. Es f\u00e4ngt gr\u00f6\u00dfere Partikel in den \u00e4u\u00dferen Schichten und fangen kleinere Partikel in der tiefen Schicht<br \/>\n<b>4.<\/b>\u00a0Im Vergleich zu allgemeinen gesinterten Filterpatronen aus Edelstahl hat der Titanfilter die Eigenschaften von por\u00f6sen Metallfiltern. Es hat eine gro\u00dfe effektive Filterfl\u00e4che<\/p>\n<p>&nbsp;<\/p>\n<div class=\"scc-wrapper detail-module module-productPackagingAndQuickDetail\" data-spm=\"prilinga1e\">\n<div class=\"widget-detail-overview\">\n<div class=\"do-content\">\n<div class=\"do-overview\">\n<div class=\"do-entry do-entry-full\">\n<h3 class=\"do-entry-title\">Verpackung und Lieferung<\/h3>\n<div class=\"do-entry-list\">\n<dl class=\"do-entry-item\">\n<dt class=\"do-entry-item-key\">Verkaufen von Einheiten:<\/dt>\n<dd class=\"do-entry-item-val\">Einzelnes Element<\/dd>\n<\/dl>\n<dl class=\"do-entry-item\">\n<dt class=\"do-entry-item-key\" title=\"Gr\u00f6\u00dfe der Einzelverpackung:\">Gr\u00f6\u00dfe der Einzelverpackung:<\/dt>\n<dd class=\"do-entry-item-val\">20X20X20 cm<\/dd>\n<\/dl>\n<dl class=\"do-entry-item\">\n<dt class=\"do-entry-item-key\" title=\"Einfaches Bruttogewicht:\">Einfaches Bruttogewicht:<\/dt>\n<dd class=\"do-entry-item-val\">1.000 kg<\/dd>\n<\/dl>\n<dl class=\"do-entry-item\">\n<dt class=\"do-entry-item-key\">Verpackungsart:<\/dt>\n<dd class=\"do-entry-item-val pkg-method\">Hochwertige 10 20 40 Zoll Titanpulver Mikronfilter\/5 Mikron Titanfilter Verpackungsgr\u00f6\u00dfe: Einzelverpackung 1pc\/Box 112*41*41cm\/CTN<\/dd>\n<\/dl>\n<dl class=\"do-entry-item\">\n<dt class=\"do-entry-item-key\" title=\"Vorlaufzeit\">Vorlaufzeit\u00a0<i class=\"next-icon next-icon-help next-icon-xs js-leadtimes-tips\"><\/i>:<\/dt>\n<dd class=\"do-entry-item-val\" title=\"Vorlaufzeit\">\n<div class=\"table-responsive\">\n<table class=\"supply-ability-table ui2-table ui2-table-normal ui2-table-zebra ui2-table-hover\">\n<tbody>\n<tr>\n<td>Menge (St\u00fcck)<\/td>\n<td>1 - 500<\/td>\n<td>&gt;500<\/td>\n<\/tr>\n<tr>\n<td>Gesch\u00e4tzte Zeit(Tage)<\/td>\n<td>10<\/td>\n<td>Noch zu verhandeln<\/td>\n<\/tr>\n<\/tbody>\n<\/table>\n<\/div>\n<\/dd>\n<\/dl>\n<\/div>\n<\/div>\n<\/div>\n<\/div>\n<\/div>\n<\/div>","protected":false},"excerpt":{"rendered":"<table>\n<thead>\n<tr>\n<th>Feld<\/th>\n<th>Wert<\/th>\n<\/tr>\n<\/thead>\n<tbody>\n<tr>\n<td>Anwendbare Industrien<\/td>\n<td>Heimgebrauch<\/td>\n<\/tr>\n<tr>\n<td>Service nach der Garantie<\/td>\n<td>Online-Unterst\u00fctzung<\/td>\n<\/tr>\n<tr>\n<td>Lokaler Dienstort<\/td>\n<td>keine<\/td>\n<\/tr>\n<tr>\n<td>Standort des Ausstellungsraums<\/td>\n<td>keine<\/td>\n<\/tr>\n<tr>\n<td>Video-Ausgangsinspektion<\/td>\n<td>Zur Verf\u00fcgung gestellt<\/td>\n<\/tr>\n<tr>\n<td>Maschinen-Testbericht<\/td>\n<td>Zur Verf\u00fcgung gestellt<\/td>\n<\/tr>\n<tr>\n<td>Marketing-Typ<\/td>\n<td>Gew\u00f6hnliches Produkt<\/td>\n<\/tr>\n<tr>\n<td>Garantie f\u00fcr Kernkomponenten<\/td>\n<td>1 Jahr<\/td>\n<\/tr>\n<tr>\n<td>Kernkomponenten<\/td>\n<td>Druckbeh\u00e4lter<\/td>\n<\/tr>\n<tr>\n<td>Ort der Herkunft<\/td>\n<td>China<\/td>\n<\/tr>\n<tr>\n<td>Garantie<\/td>\n<td>1 Jahr<\/td>\n<\/tr>\n<tr>\n<td>After-Sales-Service<\/td>\n<td>Online-Unterst\u00fctzung<\/td>\n<\/tr>\n<tr>\n<td>Artikel Name<\/td>\n<td>Titanpulver-Mikronfilter<\/td>\n<\/tr>\n<tr>\n<td>Material<\/td>\n<td>Reintitan 99,6%<\/td>\n<\/tr>\n<tr>\n<td>L\u00e4nge<\/td>\n<td>10\u201d, 20\u201d, 30\u201d, 40\u201d<\/td>\n<\/tr>\n<tr>\n<td>Schnittstelle<\/td>\n<td>222,226,227,Flat,M20,M30,M42<\/td>\n<\/tr>\n<tr>\n<td>\u00c4u\u00dferer Durchmesser<\/td>\n<td>60mm<\/td>\n<\/tr>\n<tr>\n<td>Porosit\u00e4t<\/td>\n<td>28~50%<\/td>\n<\/tr>\n<tr>\n<td>Temperaturtoleranz<\/td>\n<td>\u2264300\u2103(Nass)<\/td>\n<\/tr>\n<tr>\n<td>Verwendung<\/td>\n<td>Mineralwasser, Wein, etc. filtern<\/td>\n<\/tr>\n<tr>\n<td>Art des Waschens<\/td>\n<td>Brunnensp\u00fclung &amp; R\u00fccksp\u00fclung<\/td>\n<\/tr>\n<\/tbody>\n<\/table>","protected":false},"featured_media":4373,"comment_status":"open","ping_status":"closed","template":"","meta":{"_gspb_post_css":""},"product_brand":[],"product_cat":[1141],"product_tag":[1597,1598,1599,1534,1596,1136],"class_list":{"0":"post-4372","1":"product","2":"type-product","3":"status-publish","4":"has-post-thumbnail","6":"product_cat-titanium-filter-cartridge","7":"product_tag-affordable-titanium-filter","8":"product_tag-factory-titanium-filter-supplier","9":"product_tag-industrial-titanium-filter","10":"product_tag-inversafilterpurification","11":"product_tag-lvyuan-titanium-filter","12":"product_tag-water-filter-locks","14":"first","15":"instock","16":"shipping-taxable","17":"product-type-simple"},"_links":{"self":[{"href":"https:\/\/lyfilter.com\/de\/wp-json\/wp\/v2\/product\/4372","targetHints":{"allow":["GET"]}}],"collection":[{"href":"https:\/\/lyfilter.com\/de\/wp-json\/wp\/v2\/product"}],"about":[{"href":"https:\/\/lyfilter.com\/de\/wp-json\/wp\/v2\/types\/product"}],"replies":[{"embeddable":true,"href":"https:\/\/lyfilter.com\/de\/wp-json\/wp\/v2\/comments?post=4372"}],"wp:featuredmedia":[{"embeddable":true,"href":"https:\/\/lyfilter.com\/de\/wp-json\/wp\/v2\/media\/4373"}],"wp:attachment":[{"href":"https:\/\/lyfilter.com\/de\/wp-json\/wp\/v2\/media?parent=4372"}],"wp:term":[{"taxonomy":"product_brand","embeddable":true,"href":"https:\/\/lyfilter.com\/de\/wp-json\/wp\/v2\/product_brand?post=4372"},{"taxonomy":"product_cat","embeddable":true,"href":"https:\/\/lyfilter.com\/de\/wp-json\/wp\/v2\/product_cat?post=4372"},{"taxonomy":"product_tag","embeddable":true,"href":"https:\/\/lyfilter.com\/de\/wp-json\/wp\/v2\/product_tag?post=4372"}],"curies":[{"name":"wp","href":"https:\/\/api.w.org\/{rel}","templated":true}]}}