{"id":4369,"date":"2026-04-04T08:46:20","date_gmt":"2026-04-04T08:46:20","guid":{"rendered":"https:\/\/lyfilter.com\/"},"modified":"2026-04-04T08:46:20","modified_gmt":"2026-04-04T08:46:20","slug":"single-standard-big-blue-1-inch-in-out-10-20-inch-ss316-cartridge-filter-housing-for-chemical-liquid-water-filter","status":"publish","type":"product","link":"https:\/\/lyfilter.com\/de\/single-standard-big-blue-1-inch-in-out-10-20-inch-ss316-cartridge-filter-housing-for-chemical-liquid-water-filter\/","title":{"rendered":"Einzelne Standard &amp; Big Blue 1 Zoll ( In &amp; Out )10 20 Zoll SS316 Patronenfilter Geh\u00e4use f\u00fcr chemische Fl\u00fcssigkeit Wasserfilter"},"content":{"rendered":"<h3 class=\"do-entry-title\">Verpackung und Lieferung<\/h3>\n<div class=\"do-entry-list\">\n<dl class=\"do-entry-item\">\n<dt class=\"do-entry-item-key\">Verkaufen von Einheiten:<\/dt>\n<dd class=\"do-entry-item-val\">Einzelnes Element<\/dd>\n<\/dl>\n<dl class=\"do-entry-item\">\n<dt class=\"do-entry-item-key\" title=\"Gr\u00f6\u00dfe der Einzelverpackung:\">Gr\u00f6\u00dfe der Einzelverpackung:<\/dt>\n<dd class=\"do-entry-item-val\">50X25X25 cm<\/dd>\n<\/dl>\n<dl class=\"do-entry-item\">\n<dt class=\"do-entry-item-key\" title=\"Einfaches Bruttogewicht:\">Einfaches Bruttogewicht:<\/dt>\n<dd class=\"do-entry-item-val\">6.000 kg<\/dd>\n<\/dl>\n<dl class=\"do-entry-item\">\n<dt class=\"do-entry-item-key\">Verpackungsart:<\/dt>\n<dd class=\"do-entry-item-val pkg-method\">Einzelne Standard &amp; gro\u00dfe blaue 1 Zoll ( in &amp; out )10 20 Zoll ss316 Patronenfiltergeh\u00e4use f\u00fcr chemische Fl\u00fcssigkeit Wasserfilter: Verpackung: Export Standardkarton\/As erforderlich<\/dd>\n<\/dl>\n<dl class=\"do-entry-item\">\n<dt class=\"do-entry-item-key\" title=\"Vorlaufzeit\">Vorlaufzeit\u00a0<i class=\"next-icon next-icon-help next-icon-xs js-leadtimes-tips\"><\/i>:<\/dt>\n<dd class=\"do-entry-item-val\" title=\"Vorlaufzeit\">\n<div class=\"table-responsive\">\n<table class=\"supply-ability-table ui2-table ui2-table-normal ui2-table-zebra ui2-table-hover\">\n<tbody>\n<tr>\n<td>Menge (Einheiten)<\/td>\n<td>1 - 10<\/td>\n<td>11 - 100<\/td>\n<td>&gt;100<\/td>\n<\/tr>\n<tr>\n<td>Gesch\u00e4tzte Zeit(Tage)<\/td>\n<td>7<\/td>\n<td>15<\/td>\n<td>Noch zu verhandeln<\/td>\n<\/tr>\n<\/tbody>\n<\/table>\n<\/div>\n<\/dd>\n<\/dl>\n<\/div>","protected":false},"excerpt":{"rendered":"<table>\n<thead>\n<tr>\n<th>Feld<\/th>\n<th>Wert<\/th>\n<\/tr>\n<\/thead>\n<tbody>\n<tr>\n<td>Ort der Herkunft<\/td>\n<td>Guangdong, China<\/td>\n<\/tr>\n<tr>\n<td>Markenname<\/td>\n<td>Kundenspezifisch<\/td>\n<\/tr>\n<tr>\n<td>Material<\/td>\n<td>Kundenspezifisch<\/td>\n<\/tr>\n<tr>\n<td>Gewicht<\/td>\n<td>Kundenspezifisch<\/td>\n<\/tr>\n<tr>\n<td>Gr\u00f6\u00dfe<\/td>\n<td>Kundenspezifisch<\/td>\n<\/tr>\n<tr>\n<td>Strom<\/td>\n<td>Kundenspezifisch<\/td>\n<\/tr>\n<tr>\n<td>Garantie<\/td>\n<td>Nicht verf\u00fcgbar<\/td>\n<\/tr>\n<tr>\n<td>Artikel Name<\/td>\n<td>1 Zoll (innen und au\u00dfen) 10 20 Zoll ss316 Patronenfiltergeh\u00e4use<\/td>\n<\/tr>\n<tr>\n<td>L\u00e4nge der Filterpatrone<\/td>\n<td>10\u2033 20\u2033 30\u2033 40\u2033<\/td>\n<\/tr>\n<tr>\n<td>Rostfreier Stahl<\/td>\n<td>SUS304, SUS316L<\/td>\n<\/tr>\n<tr>\n<td>Anzahl der Patronenfilter<\/td>\n<td>Einzelner Kern<\/td>\n<\/tr>\n<tr>\n<td>Oberfl\u00e4chenbehandlung<\/td>\n<td>Poliert &amp; Sandgestrahlt<\/td>\n<\/tr>\n<tr>\n<td>O-Ring Dichtung<\/td>\n<td>Elastik\/NBR\/EPDM\/Viton<\/td>\n<\/tr>\n<tr>\n<td>Typ der installierten Oberkappe<\/td>\n<td>Klammer-Typ<\/td>\n<\/tr>\n<tr>\n<td>Steckertyp<\/td>\n<td>222\/226\/DOE<\/td>\n<\/tr>\n<tr>\n<td>Einlass &amp; Auslass Typ<\/td>\n<td>Innengewinde<\/td>\n<\/tr>\n<tr>\n<td>Verpackungsmethode<\/td>\n<td>Standardbox exportieren<\/td>\n<\/tr>\n<tr>\n<td>After-Sales-Service<\/td>\n<td>Online-Unterst\u00fctzung<\/td>\n<\/tr>\n<\/tbody>\n<\/table>","protected":false},"featured_media":4371,"comment_status":"open","ping_status":"closed","template":"","meta":{"_gspb_post_css":""},"product_brand":[],"product_cat":[1202],"product_tag":[1593,1594,101,1595,1534,1592],"class_list":{"0":"post-4369","1":"product","2":"type-product","3":"status-publish","4":"has-post-thumbnail","6":"product_cat-filter-cartridge","7":"product_tag-10-inch-filter-housing","8":"product_tag-20-inch-filter-housing","9":"product_tag-big-blue-filter-housing","10":"product_tag-chemical-liquid-water-filter","11":"product_tag-inversafilterpurification","12":"product_tag-ss316-cartridge-filter-housing","14":"first","15":"instock","16":"shipping-taxable","17":"product-type-simple"},"_links":{"self":[{"href":"https:\/\/lyfilter.com\/de\/wp-json\/wp\/v2\/product\/4369","targetHints":{"allow":["GET"]}}],"collection":[{"href":"https:\/\/lyfilter.com\/de\/wp-json\/wp\/v2\/product"}],"about":[{"href":"https:\/\/lyfilter.com\/de\/wp-json\/wp\/v2\/types\/product"}],"replies":[{"embeddable":true,"href":"https:\/\/lyfilter.com\/de\/wp-json\/wp\/v2\/comments?post=4369"}],"wp:featuredmedia":[{"embeddable":true,"href":"https:\/\/lyfilter.com\/de\/wp-json\/wp\/v2\/media\/4371"}],"wp:attachment":[{"href":"https:\/\/lyfilter.com\/de\/wp-json\/wp\/v2\/media?parent=4369"}],"wp:term":[{"taxonomy":"product_brand","embeddable":true,"href":"https:\/\/lyfilter.com\/de\/wp-json\/wp\/v2\/product_brand?post=4369"},{"taxonomy":"product_cat","embeddable":true,"href":"https:\/\/lyfilter.com\/de\/wp-json\/wp\/v2\/product_cat?post=4369"},{"taxonomy":"product_tag","embeddable":true,"href":"https:\/\/lyfilter.com\/de\/wp-json\/wp\/v2\/product_tag?post=4369"}],"curies":[{"name":"wp","href":"https:\/\/api.w.org\/{rel}","templated":true}]}}