{"id":4359,"date":"2026-04-04T08:32:27","date_gmt":"2026-04-04T08:32:27","guid":{"rendered":"https:\/\/lyfilter.com\/"},"modified":"2026-04-04T08:32:27","modified_gmt":"2026-04-04T08:32:27","slug":"lvyuan-stainless-steel-bag-filter-wholesale-for-sea-water","status":"publish","type":"product","link":"https:\/\/lyfilter.com\/de\/lvyuan-stainless-steel-bag-filter-wholesale-for-sea-water\/","title":{"rendered":"Lvyuan Edelstahl Tasche Filter Gro\u00dfhandel f\u00fcr Meerwasser"},"content":{"rendered":"<p><b>Vorteile f\u00fcr das Unternehmen<\/b><br \/>\n<b>1.<\/b>\u00a0Lvyuan-Edelstahlbeutelfilter werden aus hochwertigen Materialien mit Hilfe modernster Technologie hergestellt. Er bietet ausgezeichnete Filtration und gute thermische Stabilit\u00e4t<br \/>\n<b>2.<\/b>\u00a0Guangzhou Lvyuan Water Purification Equipment Co., Ltd. bietet professionelle Verkaufsunterst\u00fctzung f\u00fcr lokale Partner und Gro\u00dfkunden. Es f\u00e4ngt gr\u00f6\u00dfere Partikel in den \u00e4u\u00dferen Schichten und kleinere Partikel in der tiefen Schicht ab.<br \/>\n<b>3.<\/b>\u00a0Dieses Produkt ist korrosionsbest\u00e4ndig. Es wurde in salzhaltiger Umgebung getestet, um seine Best\u00e4ndigkeit gegen die Auswirkungen einer salzhaltigen Atmosph\u00e4re zu ermitteln. Es scheidet w\u00e4hrend des Betriebs kein l\u00f6sliches Material aus.<br \/>\n<b>4.<\/b>\u00a0Das Produkt zeichnet sich durch eine hohe Korrosionsbest\u00e4ndigkeit aus. In seiner Struktur wurden nicht korrosive Materialien verwendet, um seine Widerstandsf\u00e4higkeit gegen Rost oder s\u00e4urehaltige Fl\u00fcssigkeiten zu erh\u00f6hen. Die selbsttragende Fasermatrix erm\u00f6glicht ein kernloses Design, das sowohl wirtschaftlich als auch stark ist.<br \/>\n<b>5.<\/b>\u00a0Das Produkt zeichnet sich durch eine einfache Bedienung aus. Es verf\u00fcgt \u00fcber ein relativ einfaches Betriebssystem, das einen leistungsstarken Verarbeitungsablauf kombiniert und eine einfache Bedienerf\u00fchrung bietet. Alle Elemente sind aus FDA-konformem Material f\u00fcr den Kontakt mit Lebensmitteln und Getr\u00e4nken hergestellt.<\/p>","protected":false},"excerpt":{"rendered":"<p>Dieser f\u00fcr die Filtration von Meerwasser konzipierte Lvyuan-Edelstahlbeutelfilter sorgt f\u00fcr einen sauberen Durchfluss, eine zuverl\u00e4ssige Partikelabscheidung und eine lange Nutzungsdauer. InversaFilterPurification bietet praktische Qualit\u00e4t mit einem glatten, professionellen Gef\u00fchl.<\/p>","protected":false},"featured_media":4361,"comment_status":"open","ping_status":"closed","template":"","meta":{"_gspb_post_css":""},"product_brand":[],"product_cat":[1135],"product_tag":[1534,1582,1585,1583,1584,1136],"class_list":{"0":"post-4359","1":"product","2":"type-product","3":"status-publish","4":"has-post-thumbnail","6":"product_cat-stainless-steel-bag-filter-housing","7":"product_tag-inversafilterpurification","8":"product_tag-lvyuan-stainless-steel-bag-filter","9":"product_tag-marine-filtration-system","10":"product_tag-sea-water-bag-filter","11":"product_tag-stainless-steel-sea-water-filter","12":"product_tag-water-filter-locks","14":"first","15":"instock","16":"shipping-taxable","17":"product-type-simple"},"_links":{"self":[{"href":"https:\/\/lyfilter.com\/de\/wp-json\/wp\/v2\/product\/4359","targetHints":{"allow":["GET"]}}],"collection":[{"href":"https:\/\/lyfilter.com\/de\/wp-json\/wp\/v2\/product"}],"about":[{"href":"https:\/\/lyfilter.com\/de\/wp-json\/wp\/v2\/types\/product"}],"replies":[{"embeddable":true,"href":"https:\/\/lyfilter.com\/de\/wp-json\/wp\/v2\/comments?post=4359"}],"wp:featuredmedia":[{"embeddable":true,"href":"https:\/\/lyfilter.com\/de\/wp-json\/wp\/v2\/media\/4361"}],"wp:attachment":[{"href":"https:\/\/lyfilter.com\/de\/wp-json\/wp\/v2\/media?parent=4359"}],"wp:term":[{"taxonomy":"product_brand","embeddable":true,"href":"https:\/\/lyfilter.com\/de\/wp-json\/wp\/v2\/product_brand?post=4359"},{"taxonomy":"product_cat","embeddable":true,"href":"https:\/\/lyfilter.com\/de\/wp-json\/wp\/v2\/product_cat?post=4359"},{"taxonomy":"product_tag","embeddable":true,"href":"https:\/\/lyfilter.com\/de\/wp-json\/wp\/v2\/product_tag?post=4359"}],"curies":[{"name":"wp","href":"https:\/\/api.w.org\/{rel}","templated":true}]}}