{"id":4348,"date":"2026-04-04T08:13:40","date_gmt":"2026-04-04T08:13:40","guid":{"rendered":"https:\/\/lyfilter.com\/"},"modified":"2026-04-04T08:13:40","modified_gmt":"2026-04-04T08:13:40","slug":"china-factory-nano-carbon-water-filter-for-water-treatment-purification","status":"publish","type":"product","link":"https:\/\/lyfilter.com\/de\/china-factory-nano-carbon-water-filter-for-water-treatment-purification\/","title":{"rendered":"China Factory Nano Carbon Wasserfilter f\u00fcr Wasseraufbereitung Reinigung"},"content":{"rendered":"<p>Dieser Nano-Kohle-Wasserfilter wurde f\u00fcr die moderne Wasseraufbereitung entwickelt und tr\u00e4gt zu einem saubereren Durchfluss, einer besseren Reduzierung von Verunreinigungen und einer zuverl\u00e4ssigeren t\u00e4glichen Leistung bei. InversaFilterPurification bietet einen praktischen Wert mit einem sauberen und zuverl\u00e4ssigen Filtrationsgef\u00fchl.<\/p>","protected":false},"excerpt":{"rendered":"<table>\n<thead>\n<tr>\n<th>Feld<\/th>\n<th>Wert<\/th>\n<\/tr>\n<\/thead>\n<tbody>\n<tr>\n<td>Anwendbare Industrien<\/td>\n<td>Produktionsanlagen, Lebensmittel- und Getr\u00e4nkefabrik, Wasseraufbereitung<\/td>\n<\/tr>\n<tr>\n<td>Service nach der Garantie<\/td>\n<td>Online-Unterst\u00fctzung<\/td>\n<\/tr>\n<tr>\n<td>Lokaler Dienstort<\/td>\n<td>keine<\/td>\n<\/tr>\n<tr>\n<td>Standort des Ausstellungsraums<\/td>\n<td>keine<\/td>\n<\/tr>\n<tr>\n<td>Ort der Herkunft<\/td>\n<td>Guangdong, China<\/td>\n<\/tr>\n<tr>\n<td>Markenname<\/td>\n<td>Lvyuan oder OEM\/ ODM<\/td>\n<\/tr>\n<tr>\n<td>Material<\/td>\n<td>Kokosnusskohle, Kokosnusskohle, Kohlekohle<\/td>\n<\/tr>\n<tr>\n<td>Gewicht<\/td>\n<td>angepasst<\/td>\n<\/tr>\n<tr>\n<td>Gr\u00f6\u00dfe<\/td>\n<td>kundenspezifisch, kundenspezifisch<\/td>\n<\/tr>\n<tr>\n<td>Strom<\/td>\n<td>0<\/td>\n<\/tr>\n<tr>\n<td>Garantie<\/td>\n<td>Nicht verf\u00fcgbar<\/td>\n<\/tr>\n<tr>\n<td>Schl\u00fcsselw\u00f6rter<\/td>\n<td>Nano-Kohle-Wasserfilter<\/td>\n<\/tr>\n<tr>\n<td>After-Sales-Service<\/td>\n<td>Online-Unterst\u00fctzung<\/td>\n<\/tr>\n<tr>\n<td>Merkmal<\/td>\n<td>Geruch, Sediment, Geruch, etc. entfernen<\/td>\n<\/tr>\n<tr>\n<td>Anmeldung<\/td>\n<td>Vorfiltrierung<\/td>\n<\/tr>\n<tr>\n<td>Farbe<\/td>\n<td>Schwarz\/Grau<\/td>\n<\/tr>\n<tr>\n<td>Typ<\/td>\n<td>Wasserfilterteile<\/td>\n<\/tr>\n<tr>\n<td>Durchmesser<\/td>\n<td>angepasst<\/td>\n<\/tr>\n<tr>\n<td>Mikron-Rate<\/td>\n<td>5\/10\/25 Mikron<\/td>\n<\/tr>\n<tr>\n<td>Lieferf\u00e4higkeit<\/td>\n<td>500 St\u00fcck\/St\u00fcck pro Woche<\/td>\n<\/tr>\n<\/tbody>\n<\/table>","protected":false},"featured_media":4356,"comment_status":"open","ping_status":"closed","template":"","meta":{"_gspb_post_css":""},"product_brand":[],"product_cat":[1339],"product_tag":[1577,1574,1534,1575,1136,1576],"class_list":{"0":"post-4348","1":"product","2":"type-product","3":"status-publish","4":"has-post-thumbnail","6":"product_cat-carbon-filter","7":"product_tag-carbon-water-filter-cartridge","8":"product_tag-china-factory-nano-carbon-water-filter","9":"product_tag-inversafilterpurification","10":"product_tag-nano-carbon-water-filter","11":"product_tag-water-filter-locks","12":"product_tag-water-treatment-purification-filter","14":"first","15":"instock","16":"shipping-taxable","17":"product-type-simple"},"_links":{"self":[{"href":"https:\/\/lyfilter.com\/de\/wp-json\/wp\/v2\/product\/4348","targetHints":{"allow":["GET"]}}],"collection":[{"href":"https:\/\/lyfilter.com\/de\/wp-json\/wp\/v2\/product"}],"about":[{"href":"https:\/\/lyfilter.com\/de\/wp-json\/wp\/v2\/types\/product"}],"replies":[{"embeddable":true,"href":"https:\/\/lyfilter.com\/de\/wp-json\/wp\/v2\/comments?post=4348"}],"wp:featuredmedia":[{"embeddable":true,"href":"https:\/\/lyfilter.com\/de\/wp-json\/wp\/v2\/media\/4356"}],"wp:attachment":[{"href":"https:\/\/lyfilter.com\/de\/wp-json\/wp\/v2\/media?parent=4348"}],"wp:term":[{"taxonomy":"product_brand","embeddable":true,"href":"https:\/\/lyfilter.com\/de\/wp-json\/wp\/v2\/product_brand?post=4348"},{"taxonomy":"product_cat","embeddable":true,"href":"https:\/\/lyfilter.com\/de\/wp-json\/wp\/v2\/product_cat?post=4348"},{"taxonomy":"product_tag","embeddable":true,"href":"https:\/\/lyfilter.com\/de\/wp-json\/wp\/v2\/product_tag?post=4348"}],"curies":[{"name":"wp","href":"https:\/\/api.w.org\/{rel}","templated":true}]}}