{"id":4339,"date":"2026-04-04T08:10:36","date_gmt":"2026-04-04T08:10:36","guid":{"rendered":"https:\/\/lyfilter.com\/"},"modified":"2026-04-04T08:10:36","modified_gmt":"2026-04-04T08:10:36","slug":"guangzhou-manufacturer-9-75-10-18-5-water-carbon-filter-cartridge-for-water-filter-housings","status":"publish","type":"product","link":"https:\/\/lyfilter.com\/de\/guangzhou-manufacturer-9-75-10-18-5-water-carbon-filter-cartridge-for-water-filter-housings\/","title":{"rendered":"Guangzhou Hersteller 9.75\u2033 10\u2033 18.5\u2033 Wasser Kohlefilterpatrone f\u00fcr Wasserfiltergeh\u00e4use"},"content":{"rendered":"<p>Diese Wasser-Kohlefilterpatrone des Herstellers Guangzhou wurde f\u00fcr eine saubere Filtration im Alltag entwickelt und passt in 9,75-Zoll-, 10-Zoll- und 18,5-Zoll-Wasserfiltergeh\u00e4use mit zuverl\u00e4ssiger Leistung. InversaFilterPurification bringt praktische Qualit\u00e4t, reibungslosen Fluss und vertrauensw\u00fcrdigen t\u00e4glichen Gebrauch.<\/p>","protected":false},"excerpt":{"rendered":"<table>\n<thead>\n<tr>\n<th>Feld<\/th>\n<th>Wert<\/th>\n<\/tr>\n<\/thead>\n<tbody>\n<tr>\n<td>Ort der Herkunft<\/td>\n<td>Guangdong, China<\/td>\n<\/tr>\n<tr>\n<td>Markenname<\/td>\n<td>OEM\/LVYUAN<\/td>\n<\/tr>\n<tr>\n<td>Material<\/td>\n<td>CARBON, Gesinterte Aktivkohle aus Kokosnuss<\/td>\n<\/tr>\n<tr>\n<td>Gewicht<\/td>\n<td>200<\/td>\n<\/tr>\n<tr>\n<td>Gr\u00f6\u00dfe<\/td>\n<td>68x28x250mm<\/td>\n<\/tr>\n<tr>\n<td>Strom<\/td>\n<td>0<\/td>\n<\/tr>\n<tr>\n<td>Garantie<\/td>\n<td>Nicht verf\u00fcgbar<\/td>\n<\/tr>\n<tr>\n<td>Name des Produkts<\/td>\n<td>Guangzhou Hersteller 9,75\u2033 10\u2033 18,5\u2033 Wasser-Kohlefilter-Patrone<\/td>\n<\/tr>\n<tr>\n<td>After-Sales-Service<\/td>\n<td>Online-Unterst\u00fctzung, Online-Unterst\u00fctzung<\/td>\n<\/tr>\n<tr>\n<td>Zertifizierung<\/td>\n<td>SGS\/ISO<\/td>\n<\/tr>\n<tr>\n<td>L\u00e4nge<\/td>\n<td>10-1050mm<\/td>\n<\/tr>\n<tr>\n<td>OD<\/td>\n<td>14-121mm<\/td>\n<\/tr>\n<tr>\n<td>ID<\/td>\n<td>6-50mm<\/td>\n<\/tr>\n<tr>\n<td>Mikron-Rate<\/td>\n<td>0,5-20um<\/td>\n<\/tr>\n<tr>\n<td>Jodzahl<\/td>\n<td>bis zu 1000<\/td>\n<\/tr>\n<tr>\n<td>Durchflussmenge<\/td>\n<td>\u2264300L\/h<\/td>\n<\/tr>\n<tr>\n<td>Lieferf\u00e4higkeit<\/td>\n<td>500 St\u00fcck\/St\u00fcck pro Tag<\/td>\n<\/tr>\n<\/tbody>\n<\/table>","protected":false},"featured_media":4340,"comment_status":"open","ping_status":"closed","template":"","meta":{"_gspb_post_css":""},"product_brand":[],"product_cat":[22],"product_tag":[1572,1573,1571,1569,1534,1570],"class_list":{"0":"post-4339","1":"product","2":"type-product","3":"status-publish","4":"has-post-thumbnail","6":"product_cat-sintered-filter-cartridge","7":"product_tag-10-inch-carbon-filter-cartridge","8":"product_tag-18-5-inch-water-filter-cartridge","9":"product_tag-9-75-inch-carbon-filter","10":"product_tag-guangzhou-water-carbon-filter-cartridge","11":"product_tag-inversafilterpurification","12":"product_tag-water-filter-housings","14":"first","15":"instock","16":"shipping-taxable","17":"product-type-simple"},"_links":{"self":[{"href":"https:\/\/lyfilter.com\/de\/wp-json\/wp\/v2\/product\/4339","targetHints":{"allow":["GET"]}}],"collection":[{"href":"https:\/\/lyfilter.com\/de\/wp-json\/wp\/v2\/product"}],"about":[{"href":"https:\/\/lyfilter.com\/de\/wp-json\/wp\/v2\/types\/product"}],"replies":[{"embeddable":true,"href":"https:\/\/lyfilter.com\/de\/wp-json\/wp\/v2\/comments?post=4339"}],"wp:featuredmedia":[{"embeddable":true,"href":"https:\/\/lyfilter.com\/de\/wp-json\/wp\/v2\/media\/4340"}],"wp:attachment":[{"href":"https:\/\/lyfilter.com\/de\/wp-json\/wp\/v2\/media?parent=4339"}],"wp:term":[{"taxonomy":"product_brand","embeddable":true,"href":"https:\/\/lyfilter.com\/de\/wp-json\/wp\/v2\/product_brand?post=4339"},{"taxonomy":"product_cat","embeddable":true,"href":"https:\/\/lyfilter.com\/de\/wp-json\/wp\/v2\/product_cat?post=4339"},{"taxonomy":"product_tag","embeddable":true,"href":"https:\/\/lyfilter.com\/de\/wp-json\/wp\/v2\/product_tag?post=4339"}],"curies":[{"name":"wp","href":"https:\/\/api.w.org\/{rel}","templated":true}]}}