{"id":4314,"date":"2026-04-04T07:50:08","date_gmt":"2026-04-04T07:50:08","guid":{"rendered":"https:\/\/lyfilter.com\/"},"modified":"2026-04-04T07:50:08","modified_gmt":"2026-04-04T07:50:08","slug":"pure-quality-reverse-osmosis-filtration-large-scale-water-purification-system-for-school-hospital-factory","status":"publish","type":"product","link":"https:\/\/lyfilter.com\/de\/pure-quality-reverse-osmosis-filtration-large-scale-water-purification-system-for-school-hospital-factory\/","title":{"rendered":"Reine Qualit\u00e4t Umkehrosmose Filtration Gro\u00dfes Wasserreinigungssystem f\u00fcr Schule Krankenhaus Fabrik"},"content":{"rendered":"<p>Dieses Umkehrosmose-Filtersystem wurde f\u00fcr Umgebungen mit hohem Bedarf entwickelt und liefert sauberes, konsistentes Wasser f\u00fcr Schulen, Krankenh\u00e4user und Fabriken. InversaFilterPurification kombiniert praktische Leistung, zuverl\u00e4ssigen Output und ein Design, das f\u00fcr den t\u00e4glichen Einsatz in gro\u00dfem Ma\u00dfstab gemacht ist.<\/p>","protected":false},"excerpt":{"rendered":"<table>\n<thead>\n<tr>\n<th>Feld<\/th>\n<th>Wert<\/th>\n<\/tr>\n<\/thead>\n<tbody>\n<tr>\n<td>Ort der Herkunft<\/td>\n<td>Guangdong, China<\/td>\n<\/tr>\n<tr>\n<td>Markenname<\/td>\n<td>LvYuan \/ OEM<\/td>\n<\/tr>\n<tr>\n<td>Material<\/td>\n<td>Karton \/ Holzkiste<\/td>\n<\/tr>\n<tr>\n<td>Gewicht<\/td>\n<td>h\u00e4ngt<\/td>\n<\/tr>\n<tr>\n<td>Gr\u00f6\u00dfe<\/td>\n<td>h\u00e4ngt<\/td>\n<\/tr>\n<tr>\n<td>Strom<\/td>\n<td>96<\/td>\n<\/tr>\n<tr>\n<td>Garantie<\/td>\n<td>1 Jahr<\/td>\n<\/tr>\n<tr>\n<td>After-Sales-Service<\/td>\n<td>Online-Unterst\u00fctzung<\/td>\n<\/tr>\n<tr>\n<td>Name des Produkts<\/td>\n<td>Wasserfiltersystem<\/td>\n<\/tr>\n<tr>\n<td>Filter<\/td>\n<td>PP+GAC+CTO+RO+T33<\/td>\n<\/tr>\n<tr>\n<td>UV-Sterilisator<\/td>\n<td>Option<\/td>\n<\/tr>\n<tr>\n<td>Kapazit\u00e4t von reinem Wasser<\/td>\n<td>200, 300, 400, 600, 800GPD<\/td>\n<\/tr>\n<tr>\n<td>Gleichzeitiger Benutzer<\/td>\n<td>50 bis 300 Personen<\/td>\n<\/tr>\n<tr>\n<td>Wassertank<\/td>\n<td>11G Stahldruckbeh\u00e4lter\/42L<\/td>\n<\/tr>\n<tr>\n<td>Technologie<\/td>\n<td>Umkehrosmose-Wasseraufbereitung<\/td>\n<\/tr>\n<tr>\n<td>Elektrische Armaturen<\/td>\n<td>Durchflussmesser, Digitalanzeige und Manometer<\/td>\n<\/tr>\n<tr>\n<td>Sp\u00fclen<\/td>\n<td>Mikroelektronisch gesteuerte automatische Sp\u00fclung<\/td>\n<\/tr>\n<tr>\n<td>Druckerh\u00f6hungspumpe<\/td>\n<td>E-CHEN\/Grand Forest\/Dengyuan<\/td>\n<\/tr>\n<tr>\n<td>Lieferf\u00e4higkeit<\/td>\n<td>3000 St\u00fcck\/St\u00fcck pro Monat Wasseraufbereitungsanlage im gro\u00dfen Ma\u00dfstab<\/td>\n<\/tr>\n<\/tbody>\n<\/table>","protected":false},"featured_media":4318,"comment_status":"open","ping_status":"closed","template":"","meta":{"_gspb_post_css":""},"product_brand":[],"product_cat":[1558],"product_tag":[1561,1534,1559,1288,1560,1136],"class_list":{"0":"post-4314","1":"product","2":"type-product","3":"status-publish","4":"has-post-thumbnail","6":"product_cat-commercial-ro-water-purifier","7":"product_tag-industrial-ro-system","8":"product_tag-inversafilterpurification","9":"product_tag-large-scale-water-purification-system","10":"product_tag-reverse-osmosis-filtration","11":"product_tag-school-hospital-factory-water-system","12":"product_tag-water-filter-locks","14":"first","15":"instock","16":"shipping-taxable","17":"product-type-simple"},"_links":{"self":[{"href":"https:\/\/lyfilter.com\/de\/wp-json\/wp\/v2\/product\/4314","targetHints":{"allow":["GET"]}}],"collection":[{"href":"https:\/\/lyfilter.com\/de\/wp-json\/wp\/v2\/product"}],"about":[{"href":"https:\/\/lyfilter.com\/de\/wp-json\/wp\/v2\/types\/product"}],"replies":[{"embeddable":true,"href":"https:\/\/lyfilter.com\/de\/wp-json\/wp\/v2\/comments?post=4314"}],"wp:featuredmedia":[{"embeddable":true,"href":"https:\/\/lyfilter.com\/de\/wp-json\/wp\/v2\/media\/4318"}],"wp:attachment":[{"href":"https:\/\/lyfilter.com\/de\/wp-json\/wp\/v2\/media?parent=4314"}],"wp:term":[{"taxonomy":"product_brand","embeddable":true,"href":"https:\/\/lyfilter.com\/de\/wp-json\/wp\/v2\/product_brand?post=4314"},{"taxonomy":"product_cat","embeddable":true,"href":"https:\/\/lyfilter.com\/de\/wp-json\/wp\/v2\/product_cat?post=4314"},{"taxonomy":"product_tag","embeddable":true,"href":"https:\/\/lyfilter.com\/de\/wp-json\/wp\/v2\/product_tag?post=4314"}],"curies":[{"name":"wp","href":"https:\/\/api.w.org\/{rel}","templated":true}]}}