{"id":4312,"date":"2026-04-04T07:45:28","date_gmt":"2026-04-04T07:45:28","guid":{"rendered":"https:\/\/lyfilter.com\/"},"modified":"2026-04-04T07:45:29","modified_gmt":"2026-04-04T07:45:29","slug":"high-technology-customized-5-micron-titanium-filter-cartridges-series-for-water-ozone-treatment","status":"publish","type":"product","link":"https:\/\/lyfilter.com\/de\/high-technology-customized-5-micron-titanium-filter-cartridges-series-for-water-ozone-treatment\/","title":{"rendered":"Hochtechnologische, ma\u00dfgeschneiderte 5-Mikron-Titan-Filterpatronen f\u00fcr die Ozonbehandlung von Wasser"},"content":{"rendered":"<p>Diese ma\u00dfgeschneiderte 5-Mikron-Titanfilterpatronenserie wurde f\u00fcr die fortschrittliche Ozonbehandlung von Wasser entwickelt und bietet einen sauberen Durchfluss, eine hohe Korrosionsbest\u00e4ndigkeit und eine zuverl\u00e4ssige Partikelkontrolle. InversaFilterPurification bietet praktische Qualit\u00e4t mit dauerhafter Filtrationszuverl\u00e4ssigkeit.<\/p>","protected":false},"excerpt":{"rendered":"<table>\n<thead>\n<tr>\n<th>Feld<\/th>\n<th>Wert<\/th>\n<\/tr>\n<\/thead>\n<tbody>\n<tr>\n<td>Ort der Herkunft<\/td>\n<td>Guangdong, China<\/td>\n<\/tr>\n<tr>\n<td>Markenname<\/td>\n<td>Lvyuan\/OEM<\/td>\n<\/tr>\n<tr>\n<td>Material<\/td>\n<td>Titan, Reintitan<\/td>\n<\/tr>\n<tr>\n<td>Gewicht<\/td>\n<td>Kundenspezifisch<\/td>\n<\/tr>\n<tr>\n<td>Gr\u00f6\u00dfe<\/td>\n<td>Kundenspezifisch<\/td>\n<\/tr>\n<tr>\n<td>Strom<\/td>\n<td>0<\/td>\n<\/tr>\n<tr>\n<td>Garantie<\/td>\n<td>Nicht verf\u00fcgbar<\/td>\n<\/tr>\n<tr>\n<td>Artikel Name<\/td>\n<td>Hochtechnologische kundenspezifische Titan-Filterpatronen-Serie<\/td>\n<\/tr>\n<tr>\n<td>Schnittstelle<\/td>\n<td>222,226,227,Flat,M20,M30,M42<\/td>\n<\/tr>\n<tr>\n<td>\u00c4u\u00dferer Durchmesser<\/td>\n<td>60mm<\/td>\n<\/tr>\n<tr>\n<td>L\u00e4nge<\/td>\n<td>5 ~ 40 Zoll<\/td>\n<\/tr>\n<tr>\n<td>Mikron<\/td>\n<td>0,1 ~ 100 Mikron<\/td>\n<\/tr>\n<tr>\n<td>Porosit\u00e4t<\/td>\n<td>28~50%<\/td>\n<\/tr>\n<tr>\n<td>Temperaturtoleranz<\/td>\n<td>\u2264300\u2103(Nass)<\/td>\n<\/tr>\n<tr>\n<td>Verwendung<\/td>\n<td>Filter f\u00fcr Mineralwasser, Wein, Ozon, etc.<\/td>\n<\/tr>\n<tr>\n<td>Art des Waschens<\/td>\n<td>Brunnensp\u00fclung &amp; R\u00fccksp\u00fclung<\/td>\n<\/tr>\n<tr>\n<td>After-Sales-Service<\/td>\n<td>Online-Unterst\u00fctzung<\/td>\n<\/tr>\n<tr>\n<td>Lieferf\u00e4higkeit<\/td>\n<td>500 St\u00fcck\/St\u00fcck pro Tag<\/td>\n<\/tr>\n<\/tbody>\n<\/table>","protected":false},"featured_media":4313,"comment_status":"open","ping_status":"closed","template":"","meta":{"_gspb_post_css":""},"product_brand":[],"product_cat":[1141],"product_tag":[1554,1556,1534,1557,1136,1555],"class_list":{"0":"post-4312","1":"product","2":"type-product","3":"status-publish","4":"has-post-thumbnail","6":"product_cat-titanium-filter-cartridge","7":"product_tag-5-micron-titanium-filter-cartridges","8":"product_tag-customized-titanium-filter-cartridge","9":"product_tag-inversafilterpurification","10":"product_tag-sintered-titanium-water-filter","11":"product_tag-water-filter-locks","12":"product_tag-water-ozone-treatment-filter","14":"first","15":"instock","16":"shipping-taxable","17":"product-type-simple"},"_links":{"self":[{"href":"https:\/\/lyfilter.com\/de\/wp-json\/wp\/v2\/product\/4312","targetHints":{"allow":["GET"]}}],"collection":[{"href":"https:\/\/lyfilter.com\/de\/wp-json\/wp\/v2\/product"}],"about":[{"href":"https:\/\/lyfilter.com\/de\/wp-json\/wp\/v2\/types\/product"}],"replies":[{"embeddable":true,"href":"https:\/\/lyfilter.com\/de\/wp-json\/wp\/v2\/comments?post=4312"}],"wp:featuredmedia":[{"embeddable":true,"href":"https:\/\/lyfilter.com\/de\/wp-json\/wp\/v2\/media\/4313"}],"wp:attachment":[{"href":"https:\/\/lyfilter.com\/de\/wp-json\/wp\/v2\/media?parent=4312"}],"wp:term":[{"taxonomy":"product_brand","embeddable":true,"href":"https:\/\/lyfilter.com\/de\/wp-json\/wp\/v2\/product_brand?post=4312"},{"taxonomy":"product_cat","embeddable":true,"href":"https:\/\/lyfilter.com\/de\/wp-json\/wp\/v2\/product_cat?post=4312"},{"taxonomy":"product_tag","embeddable":true,"href":"https:\/\/lyfilter.com\/de\/wp-json\/wp\/v2\/product_tag?post=4312"}],"curies":[{"name":"wp","href":"https:\/\/api.w.org\/{rel}","templated":true}]}}