{"id":4290,"date":"2026-04-04T07:30:39","date_gmt":"2026-04-04T07:30:39","guid":{"rendered":"https:\/\/lyfilter.com\/"},"modified":"2026-04-04T07:30:39","modified_gmt":"2026-04-04T07:30:39","slug":"pp-pleated-filter-cartridge-wholesaler-for-sea-water","status":"publish","type":"product","link":"https:\/\/lyfilter.com\/de\/pp-pleated-filter-cartridge-wholesaler-for-sea-water\/","title":{"rendered":"PP Faltenfilterpatrone Gro\u00dfh\u00e4ndler f\u00fcr Meerwasser"},"content":{"rendered":"<p><b>Vorteile f\u00fcr das Unternehmen<\/b><br \/>\n<b>1.<\/b>\u00a0Lvyuan 20 Mikron plissierter Wasserfilter wurde ernsthaft getestet. Seine Eigenschaften wie Festigkeit, Duktilit\u00e4t und Z\u00e4higkeit sind durch diese Tests best\u00e4tigt. Es kann effektiv kontrollieren Filtration Pr\u00e4zision<br \/>\n<b>2.<\/b>\u00a0Im Laufe der Jahre haben wir eine zunehmende Kompetenz bei der Einrichtung von pp\u00a0<a href=\"https:\/\/lyfilter.com\/de\/pleated-filter-cartridge.html\/\">Faltenfilterpatrone<\/a>\u00a0. Es kann auch Partikel, mikrobielle Organismen, Eisenoxid und andere Verunreinigungen filtern.<br \/>\n<b>3.<\/b>\u00a0Das Produkt bietet hohe Sicherheit w\u00e4hrend des Betriebs. Denn es verf\u00fcgt \u00fcber einen automatischen Unterbrechungsschutz f\u00fcr Leckstrom und Kurzschluss. Es ist in einer gro\u00dfen Auswahl an Mikrometergr\u00f6\u00dfen von 1 bis 100 \u03bcm erh\u00e4ltlich.<br \/>\n<b>4.<\/b>\u00a0Das Produkt kann sofort aufleuchten. Seine hochintensiven Leuchtelemente k\u00f6nnen nicht nur den Auswirkungen von Augenblicksstrom standhalten, sondern auch zum ersten Mal in den normalen Betriebszustand \u00fcbergehen. Es zeichnet sich durch eine hohe Durchflussrate und stabile Filtergenauigkeit aus<\/p>","protected":false},"excerpt":{"rendered":"<table>\n<thead>\n<tr>\n<th>Feld<\/th>\n<th>Wert<\/th>\n<\/tr>\n<\/thead>\n<tbody>\n<tr>\n<td>Anwendbare Industrien<\/td>\n<td>Produktionsanlagen, Lebensmittel- und Getr\u00e4nkefabrik, Wasseraufbereitung<\/td>\n<\/tr>\n<tr>\n<td>Ort der Herkunft<\/td>\n<td>Guangdong, China<\/td>\n<\/tr>\n<tr>\n<td>Markenname<\/td>\n<td>Lvyuan, OEM, ODM<\/td>\n<\/tr>\n<tr>\n<td>Material<\/td>\n<td>pp\/PES\/PVDF\/PTFE\/Nylon<\/td>\n<\/tr>\n<tr>\n<td>Gewicht<\/td>\n<td>angepasst<\/td>\n<\/tr>\n<tr>\n<td>Gr\u00f6\u00dfe<\/td>\n<td>individuell, schlank, jumbo<\/td>\n<\/tr>\n<tr>\n<td>Strom<\/td>\n<td>0<\/td>\n<\/tr>\n<tr>\n<td>Garantie<\/td>\n<td>Nicht verf\u00fcgbar<\/td>\n<\/tr>\n<tr>\n<td>Merkmal<\/td>\n<td>Vergr\u00f6\u00dferung der Filtrationsfl\u00e4che<\/td>\n<\/tr>\n<tr>\n<td>Zertifizierung<\/td>\n<td>SGS<\/td>\n<\/tr>\n<tr>\n<td>Form<\/td>\n<td>Zylinder<\/td>\n<\/tr>\n<tr>\n<td>Verwendung<\/td>\n<td>Wasseraufbereitung<\/td>\n<\/tr>\n<tr>\n<td>Anmeldung<\/td>\n<td>Industrie<\/td>\n<\/tr>\n<tr>\n<td>Farbe<\/td>\n<td>wei\u00df<\/td>\n<\/tr>\n<tr>\n<td>Verpacken<\/td>\n<td>Papierschachtel<\/td>\n<\/tr>\n<tr>\n<td>Anderer Name<\/td>\n<td>Faltenfilterpatrone<\/td>\n<\/tr>\n<tr>\n<td>Mircron-Rate<\/td>\n<td>0,1 Mikrometer bis 100 Mikrometer<\/td>\n<\/tr>\n<tr>\n<td>After-Sales-Service<\/td>\n<td>Online-Unterst\u00fctzung<\/td>\n<\/tr>\n<tr>\n<td>Lieferf\u00e4higkeit<\/td>\n<td>5000 St\u00fcck\/St\u00fcck pro Monat<\/td>\n<\/tr>\n<\/tbody>\n<\/table>","protected":false},"featured_media":4295,"comment_status":"open","ping_status":"closed","template":"","meta":{"_gspb_post_css":""},"product_brand":[],"product_cat":[21],"product_tag":[1534,1548,1181,1293,1549,1136],"class_list":{"0":"post-4290","1":"product","2":"type-product","3":"status-publish","4":"has-post-thumbnail","6":"product_cat-pleated-filter-cartridge","7":"product_tag-inversafilterpurification","8":"product_tag-pp-filter-wholesaler","9":"product_tag-pp-pleated-filter-cartridge","10":"product_tag-sea-water-filter-cartridge","11":"product_tag-sediment-filtration","12":"product_tag-water-filter-locks","14":"first","15":"instock","16":"shipping-taxable","17":"product-type-simple"},"_links":{"self":[{"href":"https:\/\/lyfilter.com\/de\/wp-json\/wp\/v2\/product\/4290","targetHints":{"allow":["GET"]}}],"collection":[{"href":"https:\/\/lyfilter.com\/de\/wp-json\/wp\/v2\/product"}],"about":[{"href":"https:\/\/lyfilter.com\/de\/wp-json\/wp\/v2\/types\/product"}],"replies":[{"embeddable":true,"href":"https:\/\/lyfilter.com\/de\/wp-json\/wp\/v2\/comments?post=4290"}],"wp:featuredmedia":[{"embeddable":true,"href":"https:\/\/lyfilter.com\/de\/wp-json\/wp\/v2\/media\/4295"}],"wp:attachment":[{"href":"https:\/\/lyfilter.com\/de\/wp-json\/wp\/v2\/media?parent=4290"}],"wp:term":[{"taxonomy":"product_brand","embeddable":true,"href":"https:\/\/lyfilter.com\/de\/wp-json\/wp\/v2\/product_brand?post=4290"},{"taxonomy":"product_cat","embeddable":true,"href":"https:\/\/lyfilter.com\/de\/wp-json\/wp\/v2\/product_cat?post=4290"},{"taxonomy":"product_tag","embeddable":true,"href":"https:\/\/lyfilter.com\/de\/wp-json\/wp\/v2\/product_tag?post=4290"}],"curies":[{"name":"wp","href":"https:\/\/api.w.org\/{rel}","templated":true}]}}