{"id":4276,"date":"2026-04-04T07:14:56","date_gmt":"2026-04-04T07:14:56","guid":{"rendered":"https:\/\/lyfilter.com\/"},"modified":"2026-04-04T07:14:56","modified_gmt":"2026-04-04T07:14:56","slug":"professional-stainless-water-filter-housing-stainless-water-filter-housing-company","status":"publish","type":"product","link":"https:\/\/lyfilter.com\/de\/professional-stainless-water-filter-housing-stainless-water-filter-housing-company\/","title":{"rendered":"Professionelles Edelstahl-Wasserfiltergeh\u00e4use Edelstahl-Wasserfiltergeh\u00e4use Unternehmen"},"content":{"rendered":"<p>Dieses rostfreie Wasserfiltergeh\u00e4use wurde f\u00fcr eine zuverl\u00e4ssige, saubere Leistung entwickelt und verleiht Ihrer Einrichtung ein sicheres, professionelles Gef\u00fchl. InversaFilterPurification bietet eine langlebige Konstruktion, die einen sicheren Durchfluss und langfristigen Seelenfrieden unterst\u00fctzt.<\/p>","protected":false},"excerpt":{"rendered":"<table>\n<thead>\n<tr>\n<th>Feld<\/th>\n<th>Wert<\/th>\n<\/tr>\n<\/thead>\n<tbody>\n<tr>\n<td>Anwendbare Industrien<\/td>\n<td>Produktionsst\u00e4tte, Lebensmittel- und Getr\u00e4nkefabrik, Bauernh\u00f6fe, Restaurant, Lebensmittelgesch\u00e4ft, Energie und Bergbau, Lebensmittel- und Getr\u00e4nkel\u00e4den<\/td>\n<\/tr>\n<tr>\n<td>Ort der Herkunft<\/td>\n<td>Guangdong, China<\/td>\n<\/tr>\n<tr>\n<td>Markenname<\/td>\n<td>Lvyuan\/OEM<\/td>\n<\/tr>\n<tr>\n<td>Material<\/td>\n<td>Kundenspezifisch<\/td>\n<\/tr>\n<tr>\n<td>Gewicht<\/td>\n<td>Kundenspezifisch<\/td>\n<\/tr>\n<tr>\n<td>Gr\u00f6\u00dfe<\/td>\n<td>Kundenspezifisch<\/td>\n<\/tr>\n<tr>\n<td>Strom<\/td>\n<td>Kundenspezifisch<\/td>\n<\/tr>\n<tr>\n<td>Garantie<\/td>\n<td>1 Jahr<\/td>\n<\/tr>\n<tr>\n<td>After-Sales-Service<\/td>\n<td>Online-Unterst\u00fctzung<\/td>\n<\/tr>\n<tr>\n<td>Name des Modells<\/td>\n<td>Edelstahl-Geh\u00e4usefilter 1~7 stufiges Kartuschen-Wasserfiltersystem<\/td>\n<\/tr>\n<tr>\n<td>L\u00e4nge<\/td>\n<td>10 Zoll, 20 Zoll, 30 Zoll, 40 Zoll<\/td>\n<\/tr>\n<tr>\n<td>Verwendung<\/td>\n<td>\u00d6l-\/Gas-\/Luft-\/Fl\u00fcssigwasserfiltration<\/td>\n<\/tr>\n<tr>\n<td>Material des Hauptk\u00f6rpers<\/td>\n<td>Rostfreier Stahl 304 \/ 316L<\/td>\n<\/tr>\n<tr>\n<td>Typ des Filtergeh\u00e4uses<\/td>\n<td>R\u00f6hrenf\u00f6rmig<\/td>\n<\/tr>\n<tr>\n<td>Grundsatz<\/td>\n<td>Druckfiltration<\/td>\n<\/tr>\n<tr>\n<td>Etappen<\/td>\n<td>1 - 7 Stufen<\/td>\n<\/tr>\n<tr>\n<td>Verpackung<\/td>\n<td>Netzverpackung, oder Holzkiste<\/td>\n<\/tr>\n<tr>\n<td>Filter<\/td>\n<td>Schlauchfilter &amp; Patronenfilter<\/td>\n<\/tr>\n<tr>\n<td>Wagen<\/td>\n<td>Rostfreier Stahl 304\/316L<\/td>\n<\/tr>\n<tr>\n<td>Lieferf\u00e4higkeit<\/td>\n<td>100 St\u00fcck\/St\u00fcck pro Tag<\/td>\n<\/tr>\n<\/tbody>\n<\/table>","protected":false},"featured_media":4279,"comment_status":"open","ping_status":"closed","template":"","meta":{"_gspb_post_css":""},"product_brand":[],"product_cat":[15],"product_tag":[38,1534,1542,1541,1540,1136],"class_list":{"0":"post-4276","1":"product","2":"type-product","3":"status-publish","4":"has-post-thumbnail","6":"product_cat-stainless-steel-filter-housing","7":"product_tag-industrial-water-filtration","8":"product_tag-inversafilterpurification","9":"product_tag-secure-water-filter-system","10":"product_tag-stainless-filter-housing","11":"product_tag-stainless-water-filter-housing","12":"product_tag-water-filter-locks","14":"first","15":"instock","16":"shipping-taxable","17":"product-type-simple"},"_links":{"self":[{"href":"https:\/\/lyfilter.com\/de\/wp-json\/wp\/v2\/product\/4276","targetHints":{"allow":["GET"]}}],"collection":[{"href":"https:\/\/lyfilter.com\/de\/wp-json\/wp\/v2\/product"}],"about":[{"href":"https:\/\/lyfilter.com\/de\/wp-json\/wp\/v2\/types\/product"}],"replies":[{"embeddable":true,"href":"https:\/\/lyfilter.com\/de\/wp-json\/wp\/v2\/comments?post=4276"}],"wp:featuredmedia":[{"embeddable":true,"href":"https:\/\/lyfilter.com\/de\/wp-json\/wp\/v2\/media\/4279"}],"wp:attachment":[{"href":"https:\/\/lyfilter.com\/de\/wp-json\/wp\/v2\/media?parent=4276"}],"wp:term":[{"taxonomy":"product_brand","embeddable":true,"href":"https:\/\/lyfilter.com\/de\/wp-json\/wp\/v2\/product_brand?post=4276"},{"taxonomy":"product_cat","embeddable":true,"href":"https:\/\/lyfilter.com\/de\/wp-json\/wp\/v2\/product_cat?post=4276"},{"taxonomy":"product_tag","embeddable":true,"href":"https:\/\/lyfilter.com\/de\/wp-json\/wp\/v2\/product_tag?post=4276"}],"curies":[{"name":"wp","href":"https:\/\/api.w.org\/{rel}","templated":true}]}}