{"id":4268,"date":"2026-04-04T07:00:39","date_gmt":"2026-04-04T07:00:39","guid":{"rendered":"https:\/\/lyfilter.com\/"},"modified":"2026-04-04T07:00:39","modified_gmt":"2026-04-04T07:00:39","slug":"lvyuan-filter-pp-water-filter-made-in-china","status":"publish","type":"product","link":"https:\/\/lyfilter.com\/de\/lvyuan-filter-pp-water-filter-made-in-china\/","title":{"rendered":"Lvyuan Filter PP Wasserfilter hergestellt in China"},"content":{"rendered":"<p>Der in China hergestellte PP-Wasserfilter von Lvyuan unterst\u00fctzt die gleichm\u00e4\u00dfige Filtration mit sicheren Wasserfilterverschl\u00fcssen und einer langlebigen Konstruktion. Er sorgt f\u00fcr einen reibungslosen Durchfluss, eine saubere Ausgabe und eine zuverl\u00e4ssige t\u00e4gliche Leistung f\u00fcr die praktische Wasseraufbereitung.<\/p>","protected":false},"excerpt":{"rendered":"<table>\n<thead>\n<tr>\n<th>Ort der Herkunft<\/th>\n<th>Guangdong, China<\/th>\n<th>Markenname<\/th>\n<th>Lvyuan \/ OEM<\/th>\n<\/tr>\n<\/thead>\n<tbody>\n<tr>\n<td>Modellnummer<\/td>\n<td>Baureihe LY-PPF<\/td>\n<td>Name des Produkts<\/td>\n<td>schmelzgeblasene pp-filterpatrone<\/td>\n<\/tr>\n<tr>\n<td>Mikron Rate<\/td>\n<td>Filterpatrone mit 1, 3, 5 und 10 Mikron<\/td>\n<td>Dimension des Produkts<\/td>\n<td>Sonderanfertigung<\/td>\n<\/tr>\n<tr>\n<td>Anmeldung<\/td>\n<td>Wasserfilterteile, Umkehrosmose<\/td>\n<td>L\u00e4nge<\/td>\n<td>5\u2033, 10\u2033, 20\u2033, 30\u2033, 40\u2033, 50\u201d Zoll<\/td>\n<\/tr>\n<tr>\n<td>Filtermedien<\/td>\n<td>Polypropylen PP-Membran<\/td>\n<td>Endkappe<\/td>\n<td>DOE,222+Fin,222+Flat,226+Fin,226+Flat<\/td>\n<\/tr>\n<tr>\n<td>Material der Dichtung\/des Rings<\/td>\n<td>Silizium\/EPDM\/Viton<\/td>\n<td>Verwendung<\/td>\n<td>Fl\u00fcssigkeit Patronenfilter<\/td>\n<\/tr>\n<tr>\n<td>Innerer Kern<\/td>\n<td>PP oder keine<\/td>\n<td>Lieferf\u00e4higkeit<\/td>\n<td>5000 St\u00fcck\/St\u00fcck pro Tag Mikrofiltermedien<\/td>\n<\/tr>\n<\/tbody>\n<\/table>","protected":false},"featured_media":4272,"comment_status":"open","ping_status":"closed","template":"","meta":{"_gspb_post_css":""},"product_brand":[],"product_cat":[23],"product_tag":[1534,1537,1539,1538,1136,866],"class_list":{"0":"post-4268","1":"product","2":"type-product","3":"status-publish","4":"has-post-thumbnail","6":"product_cat-pp-filter-cartridge","7":"product_tag-inversafilterpurification","8":"product_tag-lvyuan-pp-water-filter","9":"product_tag-made-in-china-filter","10":"product_tag-pp-water-filter","11":"product_tag-water-filter-locks","12":"product_tag-water-filtration-cartridge","14":"first","15":"instock","16":"shipping-taxable","17":"product-type-simple"},"_links":{"self":[{"href":"https:\/\/lyfilter.com\/de\/wp-json\/wp\/v2\/product\/4268","targetHints":{"allow":["GET"]}}],"collection":[{"href":"https:\/\/lyfilter.com\/de\/wp-json\/wp\/v2\/product"}],"about":[{"href":"https:\/\/lyfilter.com\/de\/wp-json\/wp\/v2\/types\/product"}],"replies":[{"embeddable":true,"href":"https:\/\/lyfilter.com\/de\/wp-json\/wp\/v2\/comments?post=4268"}],"wp:featuredmedia":[{"embeddable":true,"href":"https:\/\/lyfilter.com\/de\/wp-json\/wp\/v2\/media\/4272"}],"wp:attachment":[{"href":"https:\/\/lyfilter.com\/de\/wp-json\/wp\/v2\/media?parent=4268"}],"wp:term":[{"taxonomy":"product_brand","embeddable":true,"href":"https:\/\/lyfilter.com\/de\/wp-json\/wp\/v2\/product_brand?post=4268"},{"taxonomy":"product_cat","embeddable":true,"href":"https:\/\/lyfilter.com\/de\/wp-json\/wp\/v2\/product_cat?post=4268"},{"taxonomy":"product_tag","embeddable":true,"href":"https:\/\/lyfilter.com\/de\/wp-json\/wp\/v2\/product_tag?post=4268"}],"curies":[{"name":"wp","href":"https:\/\/api.w.org\/{rel}","templated":true}]}}