{"id":4260,"date":"2026-04-04T06:57:14","date_gmt":"2026-04-04T06:57:14","guid":{"rendered":"https:\/\/lyfilter.com\/"},"modified":"2026-04-04T06:57:15","modified_gmt":"2026-04-04T06:57:15","slug":"pp-filter-cartridge-wholesale-lvyuan-filter","status":"publish","type":"product","link":"https:\/\/lyfilter.com\/de\/pp-filter-cartridge-wholesale-lvyuan-filter\/","title":{"rendered":"Pp Filterpatrone Gro\u00dfhandel - Lvyuan Filter"},"content":{"rendered":"<p><b>Schnelles Detail<\/b><\/p>\n<p>Die mechanische Ausr\u00fcstung von Lvyuan Water Purification Equipment hat ein vern\u00fcnftiges Design, eine kompakte Struktur und eine stabile Leistung. Au\u00dferdem ist unser Produkt einfach und bequem zu bedienen und zu installieren. Guangzhou Lvyuan Water Purification Equipment Co., Ltd. legt gro\u00dfen Wert auf die Auswahl der besten Materialien, die in unserer pp-Filterpatronen-Kollektion verwendet werden. Das Produkt ist von hoher Qualit\u00e4t und zuverl\u00e4ssiger Leistung. Guangzhou Lvyuan Water Purification Equipment Co., Ltd. hat sich zu einem der gro\u00dfen Unternehmen in der globalen professionellen pp-Filterpatrone Feld.<\/p>\n<p>&nbsp;<\/p>\n<p><b>Informationen zum Produkt<\/b><\/p>\n<p>Lvyuan Water Purification Equipment legt den Schwerpunkt auf die Produktqualit\u00e4t und strebt bei der Herstellung von pp-Filterpatronen nach h\u00f6chster Qualit\u00e4t.<\/p>","protected":false},"excerpt":{"rendered":"<table>\n<thead>\n<tr>\n<th>Anwendbare Industrien<\/th>\n<th>Produktionsanlagen, Lebensmittel- und Getr\u00e4nkehersteller, Hausgebrauch, Wasseraufbereitung<\/th>\n<th>Ort der Herkunft<\/th>\n<th>Guangdong, China<\/th>\n<\/tr>\n<\/thead>\n<tbody>\n<tr>\n<td>Markenname<\/td>\n<td>Lvyuan, OEM, ODM<\/td>\n<td>Material<\/td>\n<td>Seiten<\/td>\n<\/tr>\n<tr>\n<td>Gewicht<\/td>\n<td>angepasst<\/td>\n<td>Gr\u00f6\u00dfe<\/td>\n<td>individuell, schlank, jumbo<\/td>\n<\/tr>\n<tr>\n<td>Strom<\/td>\n<td>0<\/td>\n<td>Garantie<\/td>\n<td>Nicht verf\u00fcgbar<\/td>\n<\/tr>\n<tr>\n<td>Merkmal<\/td>\n<td>Stahl in individueller Gr\u00f6\u00dfe und mit Logo<\/td>\n<td>Zertifizierung<\/td>\n<td>SGS<\/td>\n<\/tr>\n<tr>\n<td>Form<\/td>\n<td>Zylinder<\/td>\n<td>Verwendung<\/td>\n<td>Wasseraufbereitung<\/td>\n<\/tr>\n<tr>\n<td>Anmeldung<\/td>\n<td>Industrie<\/td>\n<td>Farbe<\/td>\n<td>wei\u00df<\/td>\n<\/tr>\n<tr>\n<td>Verpacken<\/td>\n<td>Papierschachtel<\/td>\n<td>Rohmaterial<\/td>\n<td>pp Faser<\/td>\n<\/tr>\n<tr>\n<td>Erscheinungsbild<\/td>\n<td>gepr\u00e4gt, gl\u00e4nzend, etc.<\/td>\n<td>After-Sales-Service<\/td>\n<td>Online-Unterst\u00fctzung<\/td>\n<\/tr>\n<tr>\n<td>Lieferf\u00e4higkeit<\/td>\n<td>5000 St\u00fcck\/St\u00fcck pro Woche<\/td>\n<td><\/td>\n<td><\/td>\n<\/tr>\n<\/tbody>\n<\/table>","protected":false},"featured_media":4266,"comment_status":"open","ping_status":"closed","template":"","meta":{"_gspb_post_css":""},"product_brand":[],"product_cat":[23],"product_tag":[1534,1242,648,1136,866,1536],"class_list":{"0":"post-4260","1":"product","2":"type-product","3":"status-publish","4":"has-post-thumbnail","6":"product_cat-pp-filter-cartridge","7":"product_tag-inversafilterpurification","8":"product_tag-lvyuan-filter","9":"product_tag-pp-filter-cartridge","10":"product_tag-water-filter-locks","11":"product_tag-water-filtration-cartridge","12":"product_tag-wholesale-filter-cartridge","14":"first","15":"instock","16":"shipping-taxable","17":"product-type-simple"},"_links":{"self":[{"href":"https:\/\/lyfilter.com\/de\/wp-json\/wp\/v2\/product\/4260","targetHints":{"allow":["GET"]}}],"collection":[{"href":"https:\/\/lyfilter.com\/de\/wp-json\/wp\/v2\/product"}],"about":[{"href":"https:\/\/lyfilter.com\/de\/wp-json\/wp\/v2\/types\/product"}],"replies":[{"embeddable":true,"href":"https:\/\/lyfilter.com\/de\/wp-json\/wp\/v2\/comments?post=4260"}],"wp:featuredmedia":[{"embeddable":true,"href":"https:\/\/lyfilter.com\/de\/wp-json\/wp\/v2\/media\/4266"}],"wp:attachment":[{"href":"https:\/\/lyfilter.com\/de\/wp-json\/wp\/v2\/media?parent=4260"}],"wp:term":[{"taxonomy":"product_brand","embeddable":true,"href":"https:\/\/lyfilter.com\/de\/wp-json\/wp\/v2\/product_brand?post=4260"},{"taxonomy":"product_cat","embeddable":true,"href":"https:\/\/lyfilter.com\/de\/wp-json\/wp\/v2\/product_cat?post=4260"},{"taxonomy":"product_tag","embeddable":true,"href":"https:\/\/lyfilter.com\/de\/wp-json\/wp\/v2\/product_tag?post=4260"}],"curies":[{"name":"wp","href":"https:\/\/api.w.org\/{rel}","templated":true}]}}