{"id":4235,"date":"2026-04-04T06:43:15","date_gmt":"2026-04-04T06:43:15","guid":{"rendered":"https:\/\/lyfilter.com\/"},"modified":"2026-04-04T06:43:15","modified_gmt":"2026-04-04T06:43:15","slug":"lvyuan-safe-pp-pleated-filter-cartridge-replace-for-water","status":"publish","type":"product","link":"https:\/\/lyfilter.com\/de\/lvyuan-safe-pp-pleated-filter-cartridge-replace-for-water\/","title":{"rendered":"Lvyuan Safe PP Faltenfilterpatrone ersetzen f\u00fcr Wasser"},"content":{"rendered":"<p><b>Vorteile f\u00fcr das Unternehmen<\/b><br \/>\n<b>1.<\/b>\u00a0Bei der Entwicklung des Lvyuan 20 Mikron Plissee-Wasserfilters hat man sich f\u00fcr Intelligenz entschieden. Er wurde mit einem gewissen Grad an Automatisierung und hohem technologischen Gehalt entwickelt. Es wird nicht verleihen Geschmack, Geruch oder Farbe auf das gefilterte Produkt<br \/>\n<b>2.<\/b>\u00a0Das Produkt hat meinem Bauprojekt sehr geholfen, sich von der Masse abzuheben. Ich liebe seine auff\u00e4lligen Formen und sein Erscheinungsbild. - Sagte einer unserer Kunden. Es gibt eine unterschiedliche Porosit\u00e4t in der Tiefe des Filtermediums<br \/>\n<b>3.<\/b>\u00a0Das Produkt wird f\u00fcr seine hohe Qualit\u00e4t, seine hervorragende Leistung und seine Vielseitigkeit hoch gelobt. Mit einer gro\u00dfen Anzahl von konischen Befestigungsl\u00f6chern im Inneren hat es eine hohe Schmutzaufnahmekapazit\u00e4t<br \/>\n<b>4.<\/b>\u00a0Seiten\u00a0<a href=\"https:\/\/lyfilter.com\/de\/pleated-filter-cartridge.html\/\">Faltenfilterpatrone<\/a>\u00a0von Guangzhou Lvyuan Water Purification Equipment Co, Ltd. spielt eine hervorragende Eigenschaft von 20 Mikron gefaltetem Wasserfilter. Es enth\u00e4lt keine Bindemittel, Mittel, L\u00f6sungsmittel, antistatische Materialien oder Benetzungsmittel<\/p>","protected":false},"excerpt":{"rendered":"<table>\n<thead>\n<tr>\n<th>Anwendbare Industrien<\/th>\n<th>Produktionsanlagen, Lebensmittel- und Getr\u00e4nkefabrik, Wasseraufbereitung<\/th>\n<th>Ort der Herkunft<\/th>\n<th>Guangdong, China<\/th>\n<\/tr>\n<\/thead>\n<tbody>\n<tr>\n<td>Markenname<\/td>\n<td>Lvyuan, OEM, ODM<\/td>\n<td>Material<\/td>\n<td>pp\/PES\/PVDF\/PTFE\/Nylon<\/td>\n<\/tr>\n<tr>\n<td>Gewicht<\/td>\n<td>angepasst<\/td>\n<td>Gr\u00f6\u00dfe<\/td>\n<td>individuell, schlank, jumbo<\/td>\n<\/tr>\n<tr>\n<td>Strom<\/td>\n<td>0<\/td>\n<td>Garantie<\/td>\n<td>Nicht verf\u00fcgbar<\/td>\n<\/tr>\n<tr>\n<td>Merkmal<\/td>\n<td>Vergr\u00f6\u00dferung der Filtrationsfl\u00e4che<\/td>\n<td>Zertifizierung<\/td>\n<td>SGS<\/td>\n<\/tr>\n<tr>\n<td>Form<\/td>\n<td>Zylinder<\/td>\n<td>Verwendung<\/td>\n<td>Wasseraufbereitung<\/td>\n<\/tr>\n<tr>\n<td>Anmeldung<\/td>\n<td>Industrie<\/td>\n<td>Farbe<\/td>\n<td>wei\u00df<\/td>\n<\/tr>\n<tr>\n<td>Verpacken<\/td>\n<td>Papierschachtel<\/td>\n<td>Anderer Name<\/td>\n<td>Faltenfilterpatrone<\/td>\n<\/tr>\n<tr>\n<td>Mircron-Rate<\/td>\n<td>0,1 Mikrometer bis 100 Mikrometer<\/td>\n<td>After-Sales-Service<\/td>\n<td>Online-Unterst\u00fctzung<\/td>\n<\/tr>\n<tr>\n<td>Lieferf\u00e4higkeit<\/td>\n<td>5000 St\u00fcck\/St\u00fcck pro Woche<\/td>\n<td><\/td>\n<td><\/td>\n<\/tr>\n<\/tbody>\n<\/table>","protected":false},"featured_media":4243,"comment_status":"open","ping_status":"closed","template":"","meta":{"_gspb_post_css":""},"product_brand":[],"product_cat":[21],"product_tag":[743,1528,1530,1529,1136,1476],"class_list":{"0":"post-4235","1":"product","2":"type-product","3":"status-publish","4":"has-post-thumbnail","6":"product_cat-pleated-filter-cartridge","7":"product_tag-industrial-water-filter-cartridge","8":"product_tag-lvyuan-pp-pleated-filter-cartridge","9":"product_tag-pleated-filter-replacement","10":"product_tag-safe-pp-water-filter-cartridge","11":"product_tag-water-filter-locks","12":"product_tag-water-purification-filter-cartridge","14":"first","15":"instock","16":"shipping-taxable","17":"product-type-simple"},"_links":{"self":[{"href":"https:\/\/lyfilter.com\/de\/wp-json\/wp\/v2\/product\/4235","targetHints":{"allow":["GET"]}}],"collection":[{"href":"https:\/\/lyfilter.com\/de\/wp-json\/wp\/v2\/product"}],"about":[{"href":"https:\/\/lyfilter.com\/de\/wp-json\/wp\/v2\/types\/product"}],"replies":[{"embeddable":true,"href":"https:\/\/lyfilter.com\/de\/wp-json\/wp\/v2\/comments?post=4235"}],"wp:featuredmedia":[{"embeddable":true,"href":"https:\/\/lyfilter.com\/de\/wp-json\/wp\/v2\/media\/4243"}],"wp:attachment":[{"href":"https:\/\/lyfilter.com\/de\/wp-json\/wp\/v2\/media?parent=4235"}],"wp:term":[{"taxonomy":"product_brand","embeddable":true,"href":"https:\/\/lyfilter.com\/de\/wp-json\/wp\/v2\/product_brand?post=4235"},{"taxonomy":"product_cat","embeddable":true,"href":"https:\/\/lyfilter.com\/de\/wp-json\/wp\/v2\/product_cat?post=4235"},{"taxonomy":"product_tag","embeddable":true,"href":"https:\/\/lyfilter.com\/de\/wp-json\/wp\/v2\/product_tag?post=4235"}],"curies":[{"name":"wp","href":"https:\/\/api.w.org\/{rel}","templated":true}]}}