{"id":4216,"date":"2026-04-04T06:27:05","date_gmt":"2026-04-04T06:27:05","guid":{"rendered":"https:\/\/lyfilter.com\/"},"modified":"2026-04-04T06:27:05","modified_gmt":"2026-04-04T06:27:05","slug":"lvyuan-string-wound-filter-cartridge-exporter-for-water","status":"publish","type":"product","link":"https:\/\/lyfilter.com\/de\/lvyuan-string-wound-filter-cartridge-exporter-for-water\/","title":{"rendered":"Lvyuan String gewickelt Filterpatrone Exporteur f\u00fcr Wasser"},"content":{"rendered":"<p>Diese Lvyuan-Filterpatrone mit Fadenwicklung wurde f\u00fcr sauberes Wasser und gleichm\u00e4\u00dfige Filtration entwickelt. Sie reduziert Sedimente und Schwebeteilchen und sorgt f\u00fcr einen gleichm\u00e4\u00dfigen Durchfluss. Die schichtweise gewickelte Struktur sorgt f\u00fcr zuverl\u00e4ssige Leistung und praktischen t\u00e4glichen Austausch.<\/p>","protected":false},"excerpt":{"rendered":"<table>\n<thead>\n<tr>\n<th>Attribut<\/th>\n<th>Wert<\/th>\n<th>Attribut<\/th>\n<th>Wert<\/th>\n<\/tr>\n<\/thead>\n<tbody>\n<tr>\n<td>Service nach der Garantie<\/td>\n<td>Online-Unterst\u00fctzung<\/td>\n<td>Lokaler Dienstort<\/td>\n<td>keine<\/td>\n<\/tr>\n<tr>\n<td>Standort des Ausstellungsraums<\/td>\n<td>keine<\/td>\n<td>Ort der Herkunft<\/td>\n<td>Guangdong, China<\/td>\n<\/tr>\n<tr>\n<td>Markenname<\/td>\n<td>Lvyuan \/ OEM<\/td>\n<td>Material<\/td>\n<td>Karton, PP \/ Baumwolle \/ Glasfaser<\/td>\n<\/tr>\n<tr>\n<td>Gewicht<\/td>\n<td>h\u00e4ngt<\/td>\n<td>Gr\u00f6\u00dfe<\/td>\n<td>h\u00e4ngt<\/td>\n<\/tr>\n<tr>\n<td>Strom<\/td>\n<td>0<\/td>\n<td>Garantie<\/td>\n<td>Nicht verf\u00fcgbar<\/td>\n<\/tr>\n<tr>\n<td>Name des Produkts<\/td>\n<td>20 Zoll pp Garn Faden gewickelt Filterpatrone<\/td>\n<td>Mikron Rate<\/td>\n<td>Filterpatrone mit 1, 3, 5 und 10 Mikron<\/td>\n<\/tr>\n<tr>\n<td>Innerer Kern<\/td>\n<td>PP oder rostfreier Stahl<\/td>\n<td>L\u00e4nge<\/td>\n<td>5\u2033, 10\u2033, 20\u2033, 30\u2033, 40\u2033, 50\u201d Zoll<\/td>\n<\/tr>\n<tr>\n<td>Material der Dichtung\/des Rings<\/td>\n<td>Silizium\/EPDM\/Viton<\/td>\n<td>Verwendung<\/td>\n<td>Fl\u00fcssigkeitsfilter, Wasserfilterteile<\/td>\n<\/tr>\n<tr>\n<td>Innendurchmesser<\/td>\n<td>28, 30 mm<\/td>\n<td>\u00c4u\u00dferer Durchmesser<\/td>\n<td>60~62mm, Jumbo 110~115mm<\/td>\n<\/tr>\n<tr>\n<td>Zertifizierung<\/td>\n<td>CE SGS ISO<\/td>\n<td>Lieferf\u00e4higkeit<\/td>\n<td>5000 St\u00fcck\/St\u00fcck pro Tag Baumwollgarn-Filterpatrone<\/td>\n<\/tr>\n<\/tbody>\n<\/table>","protected":false},"featured_media":4218,"comment_status":"open","ping_status":"closed","template":"","meta":{"_gspb_post_css":""},"product_brand":[],"product_cat":[1095],"product_tag":[1517,1515,1518,1516,357,1136],"class_list":{"0":"post-4216","1":"product","2":"type-product","3":"status-publish","4":"has-post-thumbnail","6":"product_cat-string-wound-filter-cartridge","7":"product_tag-industrial-water-purification-filter","8":"product_tag-lvyuan-string-wound-filter-cartridge","9":"product_tag-replacement-string-wound-filter","10":"product_tag-string-wound-sediment-filter","11":"product_tag-water-filter-cartridge","12":"product_tag-water-filter-locks","14":"first","15":"instock","16":"shipping-taxable","17":"product-type-simple"},"_links":{"self":[{"href":"https:\/\/lyfilter.com\/de\/wp-json\/wp\/v2\/product\/4216","targetHints":{"allow":["GET"]}}],"collection":[{"href":"https:\/\/lyfilter.com\/de\/wp-json\/wp\/v2\/product"}],"about":[{"href":"https:\/\/lyfilter.com\/de\/wp-json\/wp\/v2\/types\/product"}],"replies":[{"embeddable":true,"href":"https:\/\/lyfilter.com\/de\/wp-json\/wp\/v2\/comments?post=4216"}],"wp:featuredmedia":[{"embeddable":true,"href":"https:\/\/lyfilter.com\/de\/wp-json\/wp\/v2\/media\/4218"}],"wp:attachment":[{"href":"https:\/\/lyfilter.com\/de\/wp-json\/wp\/v2\/media?parent=4216"}],"wp:term":[{"taxonomy":"product_brand","embeddable":true,"href":"https:\/\/lyfilter.com\/de\/wp-json\/wp\/v2\/product_brand?post=4216"},{"taxonomy":"product_cat","embeddable":true,"href":"https:\/\/lyfilter.com\/de\/wp-json\/wp\/v2\/product_cat?post=4216"},{"taxonomy":"product_tag","embeddable":true,"href":"https:\/\/lyfilter.com\/de\/wp-json\/wp\/v2\/product_tag?post=4216"}],"curies":[{"name":"wp","href":"https:\/\/api.w.org\/{rel}","templated":true}]}}