{"id":4211,"date":"2026-04-04T06:24:57","date_gmt":"2026-04-04T06:24:57","guid":{"rendered":"https:\/\/lyfilter.com\/"},"modified":"2026-04-04T06:24:57","modified_gmt":"2026-04-04T06:24:57","slug":"cleanable-20-inch-0-2-micron-sintered-titanium-water-filter-candle-porous-titanium-filter","status":"publish","type":"product","link":"https:\/\/lyfilter.com\/de\/cleanable-20-inch-0-2-micron-sintered-titanium-water-filter-candle-porous-titanium-filter\/","title":{"rendered":"Reinigbare 20 Zoll 0,2 Mikron gesinterte Titan-Wasserfilterkerze \/ por\u00f6ser Titanfilter"},"content":{"rendered":"<p>Diese 20-Zoll-Filterkerze aus gesintertem Titan mit einem Durchmesser von 0,2 Mikrometern wurde f\u00fcr die Feinreinigung von Wasser entwickelt und bietet eine reinigbare, lang anhaltende Leistung mit einer por\u00f6sen Struktur, die einen stabilen Durchfluss, eine zuverl\u00e4ssige Partikelentfernung und eine praktische t\u00e4gliche Verwendung unterst\u00fctzt.<\/p>","protected":false},"excerpt":{"rendered":"<table>\n<thead>\n<tr>\n<th>Attribut<\/th>\n<th>Wert<\/th>\n<th>Attribut<\/th>\n<th>Wert<\/th>\n<\/tr>\n<\/thead>\n<tbody>\n<tr>\n<td>Anwendbare Industrien<\/td>\n<td>Baustoffhandel, Lebensmittel- und Getr\u00e4nkehersteller, Hausgebrauch, Druckereien, Energie und Bergbau, Lebensmittel- und Getr\u00e4nkehandel<\/td>\n<td>Ort der Herkunft<\/td>\n<td>Guangdong, China<\/td>\n<\/tr>\n<tr>\n<td>Markenname<\/td>\n<td>Lvyuan\/OEM<\/td>\n<td>Material<\/td>\n<td>Titan, Reintitan<\/td>\n<\/tr>\n<tr>\n<td>Gewicht<\/td>\n<td>Kundenspezifisch<\/td>\n<td>Gr\u00f6\u00dfe<\/td>\n<td>Kundenspezifisch<\/td>\n<\/tr>\n<tr>\n<td>Strom<\/td>\n<td>0<\/td>\n<td>Garantie<\/td>\n<td>Nicht verf\u00fcgbar<\/td>\n<\/tr>\n<tr>\n<td>Name<\/td>\n<td>Reinigbare 20-Zoll-Wasserfilterkerze aus gesintertem Titan<\/td>\n<td>Schnittstelle<\/td>\n<td>222, 226, 215, Wohnung, M20, M30, M42<\/td>\n<\/tr>\n<tr>\n<td>\u00c4u\u00dferer Durchmesser<\/td>\n<td>60-70mm<\/td>\n<td>L\u00e4nge<\/td>\n<td>5, 10, 20, 30, 40 Zoll oder kundenspezifisch<\/td>\n<\/tr>\n<tr>\n<td>Mikron<\/td>\n<td>0,1 ~ 100 Mikron<\/td>\n<td>Porosit\u00e4t<\/td>\n<td>28~50%<\/td>\n<\/tr>\n<tr>\n<td>Temperaturtoleranz<\/td>\n<td>\u2264300\u2103(Nass)<\/td>\n<td>Verwendung<\/td>\n<td>Mineralwasser, Wein, etc. filtern<\/td>\n<\/tr>\n<tr>\n<td>Art des Waschens<\/td>\n<td>Brunnensp\u00fclung &amp; R\u00fccksp\u00fclung<\/td>\n<td>After-Sales-Service<\/td>\n<td>Online-Unterst\u00fctzung<\/td>\n<\/tr>\n<tr>\n<td>Lieferf\u00e4higkeit<\/td>\n<td>500 St\u00fcck\/St\u00fcck pro Tag<\/td>\n<td><\/td>\n<td><\/td>\n<\/tr>\n<\/tbody>\n<\/table>","protected":false},"featured_media":4212,"comment_status":"open","ping_status":"closed","template":"","meta":{"_gspb_post_css":""},"product_brand":[],"product_cat":[1141],"product_tag":[1512,1511,1514,1513,1492,1136],"class_list":{"0":"post-4211","1":"product","2":"type-product","3":"status-publish","4":"has-post-thumbnail","6":"product_cat-titanium-filter-cartridge","7":"product_tag-0-2-micron-sintered-titanium-filter","8":"product_tag-20-inch-titanium-filter-candle","9":"product_tag-cleanable-water-filter-candle","10":"product_tag-porous-titanium-water-filter","11":"product_tag-sintered-metal-water-filter","12":"product_tag-water-filter-locks","14":"first","15":"instock","16":"shipping-taxable","17":"product-type-simple"},"_links":{"self":[{"href":"https:\/\/lyfilter.com\/de\/wp-json\/wp\/v2\/product\/4211","targetHints":{"allow":["GET"]}}],"collection":[{"href":"https:\/\/lyfilter.com\/de\/wp-json\/wp\/v2\/product"}],"about":[{"href":"https:\/\/lyfilter.com\/de\/wp-json\/wp\/v2\/types\/product"}],"replies":[{"embeddable":true,"href":"https:\/\/lyfilter.com\/de\/wp-json\/wp\/v2\/comments?post=4211"}],"wp:featuredmedia":[{"embeddable":true,"href":"https:\/\/lyfilter.com\/de\/wp-json\/wp\/v2\/media\/4212"}],"wp:attachment":[{"href":"https:\/\/lyfilter.com\/de\/wp-json\/wp\/v2\/media?parent=4211"}],"wp:term":[{"taxonomy":"product_brand","embeddable":true,"href":"https:\/\/lyfilter.com\/de\/wp-json\/wp\/v2\/product_brand?post=4211"},{"taxonomy":"product_cat","embeddable":true,"href":"https:\/\/lyfilter.com\/de\/wp-json\/wp\/v2\/product_cat?post=4211"},{"taxonomy":"product_tag","embeddable":true,"href":"https:\/\/lyfilter.com\/de\/wp-json\/wp\/v2\/product_tag?post=4211"}],"curies":[{"name":"wp","href":"https:\/\/api.w.org\/{rel}","templated":true}]}}