{"id":4203,"date":"2026-04-04T06:21:48","date_gmt":"2026-04-04T06:21:48","guid":{"rendered":"https:\/\/lyfilter.com\/"},"modified":"2026-04-04T06:21:49","modified_gmt":"2026-04-04T06:21:49","slug":"40-inch-stainless-steel-precision-water-filter-housing-with-cartridge-for-water-treatment","status":"publish","type":"product","link":"https:\/\/lyfilter.com\/de\/40-inch-stainless-steel-precision-water-filter-housing-with-cartridge-for-water-treatment\/","title":{"rendered":"40 Zoll Edelstahl-Pr\u00e4zisionswasserfiltergeh\u00e4use mit Kartusche f\u00fcr die Wasseraufbereitung"},"content":{"rendered":"<p>Dieses 40-Zoll-Edelstahl-Pr\u00e4zisionsfiltergeh\u00e4use mit Kartusche wurde f\u00fcr eine saubere und gleichm\u00e4\u00dfige Wasseraufbereitung entwickelt und hilft dabei, feine Partikel abzufangen, w\u00e4hrend der Durchfluss gleichm\u00e4\u00dfig bleibt. Sein robustes Geh\u00e4use erm\u00f6glicht eine zuverl\u00e4ssige Filtration und einen praktischen Langzeiteinsatz.<\/p>","protected":false},"excerpt":{"rendered":"<table>\n<thead>\n<tr>\n<th>Attribut<\/th>\n<th>Wert<\/th>\n<th>Attribut<\/th>\n<th>Wert<\/th>\n<\/tr>\n<\/thead>\n<tbody>\n<tr>\n<td>Anwendbare Industrien<\/td>\n<td>Produktionsanlagen, Lebensmittel- und Getr\u00e4nkefabrik, Wasseraufbereitung<\/td>\n<td>Ort der Herkunft<\/td>\n<td>Guangdong, China<\/td>\n<\/tr>\n<tr>\n<td>Markenname<\/td>\n<td>Lvyuan, OEM, ODM<\/td>\n<td>Material<\/td>\n<td>Edelstahl 304\/316<\/td>\n<\/tr>\n<tr>\n<td>Gewicht<\/td>\n<td>angepasst<\/td>\n<td>Gr\u00f6\u00dfe<\/td>\n<td>kundenspezifisch, 10\u201d, 20\u201d, 30\u201d, 40\u201d<\/td>\n<\/tr>\n<tr>\n<td>Strom<\/td>\n<td>0<\/td>\n<td>Garantie<\/td>\n<td>Nicht verf\u00fcgbar<\/td>\n<\/tr>\n<tr>\n<td>Merkmal<\/td>\n<td>leicht zu installieren<\/td>\n<td>Zertifizierung<\/td>\n<td>SGS<\/td>\n<\/tr>\n<tr>\n<td>Material<\/td>\n<td>SS304\/SS316<\/td>\n<td>Verwendung<\/td>\n<td>Wasserfiltration<\/td>\n<\/tr>\n<tr>\n<td>Anmeldung<\/td>\n<td>Industrie<\/td>\n<td>Oberfl\u00e4che<\/td>\n<td>poliert<\/td>\n<\/tr>\n<tr>\n<td>Modell<\/td>\n<td>LY02<\/td>\n<td>Rohmaterial<\/td>\n<td>rostfreier Stahl<\/td>\n<\/tr>\n<tr>\n<td>Arbeitsdruck<\/td>\n<td>150Psi<\/td>\n<td>After-Sales-Service<\/td>\n<td>Online-Unterst\u00fctzung<\/td>\n<\/tr>\n<tr>\n<td>Lieferf\u00e4higkeit<\/td>\n<td>1000 St\u00fcck\/St\u00fcck pro Monat<\/td>\n<td><\/td>\n<td><\/td>\n<\/tr>\n<\/tbody>\n<\/table>","protected":false},"featured_media":4209,"comment_status":"open","ping_status":"closed","template":"","meta":{"_gspb_post_css":""},"product_brand":[],"product_cat":[15],"product_tag":[1507,1510,1508,1440,1136,1509],"class_list":{"0":"post-4203","1":"product","2":"type-product","3":"status-publish","4":"has-post-thumbnail","6":"product_cat-stainless-steel-filter-housing","7":"product_tag-40-inch-filter-housing","8":"product_tag-industrial-water-filtration-housing","9":"product_tag-precision-cartridge-filter-housing","10":"product_tag-stainless-steel-water-filter-housing","11":"product_tag-water-filter-locks","12":"product_tag-water-treatment-filter-housing","14":"first","15":"instock","16":"shipping-taxable","17":"product-type-simple"},"_links":{"self":[{"href":"https:\/\/lyfilter.com\/de\/wp-json\/wp\/v2\/product\/4203","targetHints":{"allow":["GET"]}}],"collection":[{"href":"https:\/\/lyfilter.com\/de\/wp-json\/wp\/v2\/product"}],"about":[{"href":"https:\/\/lyfilter.com\/de\/wp-json\/wp\/v2\/types\/product"}],"replies":[{"embeddable":true,"href":"https:\/\/lyfilter.com\/de\/wp-json\/wp\/v2\/comments?post=4203"}],"wp:featuredmedia":[{"embeddable":true,"href":"https:\/\/lyfilter.com\/de\/wp-json\/wp\/v2\/media\/4209"}],"wp:attachment":[{"href":"https:\/\/lyfilter.com\/de\/wp-json\/wp\/v2\/media?parent=4203"}],"wp:term":[{"taxonomy":"product_brand","embeddable":true,"href":"https:\/\/lyfilter.com\/de\/wp-json\/wp\/v2\/product_brand?post=4203"},{"taxonomy":"product_cat","embeddable":true,"href":"https:\/\/lyfilter.com\/de\/wp-json\/wp\/v2\/product_cat?post=4203"},{"taxonomy":"product_tag","embeddable":true,"href":"https:\/\/lyfilter.com\/de\/wp-json\/wp\/v2\/product_tag?post=4203"}],"curies":[{"name":"wp","href":"https:\/\/api.w.org\/{rel}","templated":true}]}}