{"id":4199,"date":"2026-04-04T06:18:30","date_gmt":"2026-04-04T06:18:30","guid":{"rendered":"https:\/\/lyfilter.com\/"},"modified":"2026-04-04T06:18:31","modified_gmt":"2026-04-04T06:18:31","slug":"newest-sintered-filter-cartridge-wholesaler-for-water-purifier","status":"publish","type":"product","link":"https:\/\/lyfilter.com\/de\/newest-sintered-filter-cartridge-wholesaler-for-water-purifier\/","title":{"rendered":"Neueste gesinterte Filterpatrone Gro\u00dfh\u00e4ndler f\u00fcr Wasserreiniger"},"content":{"rendered":"<p>Diese neueste Sinterfilterpatrone wurde f\u00fcr eine saubere und gleichm\u00e4\u00dfige Reinigung entwickelt und f\u00e4ngt feine Partikel ab, w\u00e4hrend sie f\u00fcr einen reibungslosen Wasserfluss sorgt. Ihre langlebige Struktur unterst\u00fctzt den langfristigen Einsatz in Wasserreinigern, die eine zuverl\u00e4ssige Filtration ben\u00f6tigen.<\/p>","protected":false},"excerpt":{"rendered":"<table>\n<thead>\n<tr>\n<th>Attribut<\/th>\n<th>Wert<\/th>\n<th>Attribut<\/th>\n<th>Wert<\/th>\n<\/tr>\n<\/thead>\n<tbody>\n<tr>\n<td>Anwendbare Industrien<\/td>\n<td>Produktionsanlagen, Lebensmittel- und Getr\u00e4nkefabrik, Wasseraufbereitung<\/td>\n<td>Service nach der Garantie<\/td>\n<td>Online-Unterst\u00fctzung<\/td>\n<\/tr>\n<tr>\n<td>Lokaler Dienstort<\/td>\n<td>keine<\/td>\n<td>Standort des Ausstellungsraums<\/td>\n<td>keine<\/td>\n<\/tr>\n<tr>\n<td>Ort der Herkunft<\/td>\n<td>Guangdong, China<\/td>\n<td>Markenname<\/td>\n<td>Lvyuan oder OEM\/ ODM<\/td>\n<\/tr>\n<tr>\n<td>Material<\/td>\n<td>Kokosnusskohle, Kokosnusskohle, Kohlekohle<\/td>\n<td>Gewicht<\/td>\n<td>angepasst<\/td>\n<\/tr>\n<tr>\n<td>Gr\u00f6\u00dfe<\/td>\n<td>kundenspezifisch, kundenspezifisch<\/td>\n<td>Strom<\/td>\n<td>0<\/td>\n<\/tr>\n<tr>\n<td>Garantie<\/td>\n<td>Nicht verf\u00fcgbar<\/td>\n<td>Schl\u00fcsselw\u00f6rter<\/td>\n<td>nachf\u00fcllbare Aktivkohle-Wasserfilterpatrone<\/td>\n<\/tr>\n<tr>\n<td>After-Sales-Service<\/td>\n<td>Online-Unterst\u00fctzung<\/td>\n<td>Merkmal<\/td>\n<td>Geruch, Sediment, Geruch, etc. entfernen<\/td>\n<\/tr>\n<tr>\n<td>Anmeldung<\/td>\n<td>Vorfiltrierung<\/td>\n<td>Farbe<\/td>\n<td>Schwarz\/Grau<\/td>\n<\/tr>\n<tr>\n<td>Typ<\/td>\n<td>Wasserfilterteile<\/td>\n<td>Durchmesser<\/td>\n<td>angepasst<\/td>\n<\/tr>\n<tr>\n<td>Mikron-Rate<\/td>\n<td>5\/10\/25 Mikron<\/td>\n<td>Lieferf\u00e4higkeit<\/td>\n<td>500 St\u00fcck\/St\u00fcck pro Woche<\/td>\n<\/tr>\n<\/tbody>\n<\/table>","protected":false},"featured_media":4200,"comment_status":"open","ping_status":"closed","template":"","meta":{"_gspb_post_css":""},"product_brand":[],"product_cat":[22],"product_tag":[1170,1505,1237,1136,1504,1506],"class_list":{"0":"post-4199","1":"product","2":"type-product","3":"status-publish","4":"has-post-thumbnail","6":"product_cat-sintered-filter-cartridge","7":"product_tag-industrial-filtration-cartridge","8":"product_tag-newest-sintered-filter","9":"product_tag-sintered-filter-cartridge","10":"product_tag-water-filter-locks","11":"product_tag-water-purifier-filter-cartridge","12":"product_tag-wholesale-water-purifier-filter","14":"first","15":"instock","16":"shipping-taxable","17":"product-type-simple"},"_links":{"self":[{"href":"https:\/\/lyfilter.com\/de\/wp-json\/wp\/v2\/product\/4199","targetHints":{"allow":["GET"]}}],"collection":[{"href":"https:\/\/lyfilter.com\/de\/wp-json\/wp\/v2\/product"}],"about":[{"href":"https:\/\/lyfilter.com\/de\/wp-json\/wp\/v2\/types\/product"}],"replies":[{"embeddable":true,"href":"https:\/\/lyfilter.com\/de\/wp-json\/wp\/v2\/comments?post=4199"}],"wp:featuredmedia":[{"embeddable":true,"href":"https:\/\/lyfilter.com\/de\/wp-json\/wp\/v2\/media\/4200"}],"wp:attachment":[{"href":"https:\/\/lyfilter.com\/de\/wp-json\/wp\/v2\/media?parent=4199"}],"wp:term":[{"taxonomy":"product_brand","embeddable":true,"href":"https:\/\/lyfilter.com\/de\/wp-json\/wp\/v2\/product_brand?post=4199"},{"taxonomy":"product_cat","embeddable":true,"href":"https:\/\/lyfilter.com\/de\/wp-json\/wp\/v2\/product_cat?post=4199"},{"taxonomy":"product_tag","embeddable":true,"href":"https:\/\/lyfilter.com\/de\/wp-json\/wp\/v2\/product_tag?post=4199"}],"curies":[{"name":"wp","href":"https:\/\/api.w.org\/{rel}","templated":true}]}}