{"id":4180,"date":"2026-04-04T03:43:55","date_gmt":"2026-04-04T03:43:55","guid":{"rendered":"https:\/\/lyfilter.com\/"},"modified":"2026-04-04T03:43:55","modified_gmt":"2026-04-04T03:43:55","slug":"lvyuan-water-filter-cartridge-factory-for-water-purification","status":"publish","type":"product","link":"https:\/\/lyfilter.com\/de\/lvyuan-water-filter-cartridge-factory-for-water-purification\/","title":{"rendered":"Lvyuan Wasserfilterpatrone Fabrik f\u00fcr Wasseraufbereitung"},"content":{"rendered":"<p>Diese Lvyuan-Wasserfilterpatrone wurde f\u00fcr sauberes Wasser und zuverl\u00e4ssige Filtration entwickelt und hilft, Partikel abzufangen, w\u00e4hrend der Durchfluss gleichm\u00e4\u00dfig und stabil bleibt. Das langlebige Design unterst\u00fctzt den t\u00e4glichen Reinigungsbedarf mit praktischer Leistung und einfachem Austausch.<\/p>","protected":false},"excerpt":{"rendered":"<table>\n<thead>\n<tr>\n<th>Attribut<\/th>\n<th>Wert<\/th>\n<th>Attribut<\/th>\n<th>Wert<\/th>\n<\/tr>\n<\/thead>\n<tbody>\n<tr>\n<td>Service nach der Garantie<\/td>\n<td>Online-Unterst\u00fctzung<\/td>\n<td>Lokaler Dienstort<\/td>\n<td>keine<\/td>\n<\/tr>\n<tr>\n<td>Standort des Ausstellungsraums<\/td>\n<td>keine<\/td>\n<td>Video-Ausgangsinspektion<\/td>\n<td>Zur Verf\u00fcgung gestellt<\/td>\n<\/tr>\n<tr>\n<td>Maschinen-Testbericht<\/td>\n<td>Zur Verf\u00fcgung gestellt<\/td>\n<td>Marketing-Typ<\/td>\n<td>Gew\u00f6hnliches Produkt<\/td>\n<\/tr>\n<tr>\n<td>Garantie f\u00fcr Kernkomponenten<\/td>\n<td>1 Jahr<\/td>\n<td>Kernkomponenten<\/td>\n<td>Getriebe, Druckbeh\u00e4lter, Pumpe, Getriebe, Lager, Motor, Motor, PLC<\/td>\n<\/tr>\n<tr>\n<td>Ort der Herkunft<\/td>\n<td>Guangdong, China<\/td>\n<td>Markenname<\/td>\n<td>OEM\/Lvyuan<\/td>\n<\/tr>\n<tr>\n<td>Material<\/td>\n<td>PP\/PE<\/td>\n<td>Gewicht<\/td>\n<td>0.5<\/td>\n<\/tr>\n<tr>\n<td>Gr\u00f6\u00dfe<\/td>\n<td>Kundenspezifisch<\/td>\n<td>Strom<\/td>\n<td>0<\/td>\n<\/tr>\n<tr>\n<td>Garantie<\/td>\n<td>3 Monate<\/td>\n<td>After-Sales-Service<\/td>\n<td>Online-Unterst\u00fctzung<\/td>\n<\/tr>\n<tr>\n<td>Name<\/td>\n<td>Filterpatrone f\u00fcr Staubabscheider<\/td>\n<td>Material der Filtermembran<\/td>\n<td>PP\/PVDF\/PTFE\/PES\/Nylon<\/td>\n<\/tr>\n<tr>\n<td>L\u00e4nge<\/td>\n<td>5 \/ 10 \/ 20 \/ 30 \/ 40 \/ 50 \/ 60 Zoll<\/td>\n<td>Konvektor<\/td>\n<td>Fin\/222\/226\/215\/DOE\/Thread<\/td>\n<\/tr>\n<tr>\n<td>Mikron<\/td>\n<td>0.22\/0.5\/1\/3\/5\/10\/25\/50\/75\/100\/150<\/td>\n<td>Methode der Versiegelung<\/td>\n<td>Warmschmelzschwei\u00dfen<\/td>\n<\/tr>\n<tr>\n<td>Durchmesser<\/td>\n<td>70mm\/OEM<\/td>\n<td>Innerer Kern<\/td>\n<td>PP\/SS\/OEM<\/td>\n<\/tr>\n<tr>\n<td>MOQ<\/td>\n<td>Derzeit keine begrenzte<\/td>\n<td>Lieferf\u00e4higkeit<\/td>\n<td>5000 St\u00fcck\/St\u00fcck pro Woche<\/td>\n<\/tr>\n<\/tbody>\n<\/table>","protected":false},"featured_media":4181,"comment_status":"open","ping_status":"closed","template":"","meta":{"_gspb_post_css":""},"product_brand":[],"product_cat":[1202],"product_tag":[1489,743,1488,1490,1136,773],"class_list":{"0":"post-4180","1":"product","2":"type-product","3":"status-publish","4":"has-post-thumbnail","6":"product_cat-filter-cartridge","7":"product_tag-filter-cartridge-factory","8":"product_tag-industrial-water-filter-cartridge","9":"product_tag-lvyuan-water-filter-cartridge","10":"product_tag-replacement-water-filter-cartridge","11":"product_tag-water-filter-locks","12":"product_tag-water-purification-cartridge","14":"first","15":"instock","16":"shipping-taxable","17":"product-type-simple"},"_links":{"self":[{"href":"https:\/\/lyfilter.com\/de\/wp-json\/wp\/v2\/product\/4180","targetHints":{"allow":["GET"]}}],"collection":[{"href":"https:\/\/lyfilter.com\/de\/wp-json\/wp\/v2\/product"}],"about":[{"href":"https:\/\/lyfilter.com\/de\/wp-json\/wp\/v2\/types\/product"}],"replies":[{"embeddable":true,"href":"https:\/\/lyfilter.com\/de\/wp-json\/wp\/v2\/comments?post=4180"}],"wp:featuredmedia":[{"embeddable":true,"href":"https:\/\/lyfilter.com\/de\/wp-json\/wp\/v2\/media\/4181"}],"wp:attachment":[{"href":"https:\/\/lyfilter.com\/de\/wp-json\/wp\/v2\/media?parent=4180"}],"wp:term":[{"taxonomy":"product_brand","embeddable":true,"href":"https:\/\/lyfilter.com\/de\/wp-json\/wp\/v2\/product_brand?post=4180"},{"taxonomy":"product_cat","embeddable":true,"href":"https:\/\/lyfilter.com\/de\/wp-json\/wp\/v2\/product_cat?post=4180"},{"taxonomy":"product_tag","embeddable":true,"href":"https:\/\/lyfilter.com\/de\/wp-json\/wp\/v2\/product_tag?post=4180"}],"curies":[{"name":"wp","href":"https:\/\/api.w.org\/{rel}","templated":true}]}}