{"id":4167,"date":"2026-04-04T03:32:47","date_gmt":"2026-04-04T03:32:47","guid":{"rendered":"https:\/\/lyfilter.com\/"},"modified":"2026-04-04T03:32:47","modified_gmt":"2026-04-04T03:32:47","slug":"oem-odm-bag-filter-housing-stainless-with-custom-services-for-beverage-industry","status":"publish","type":"product","link":"https:\/\/lyfilter.com\/de\/oem-odm-bag-filter-housing-stainless-with-custom-services-for-beverage-industry\/","title":{"rendered":"OEM &amp; ODM Tasche Filtergeh\u00e4use Edelstahl mit kundenspezifischen Dienstleistungen f\u00fcr die Getr\u00e4nkeindustrie"},"content":{"rendered":"<h3 class=\"do-entry-title\">Verpackung und Lieferung<\/h3>\n<p><b>Produkt\u00fcbersicht<\/b><\/p>\n<p>Das rostfreie Schlauchfiltergeh\u00e4use ist ein \u00e4u\u00dferst wettbewerbsf\u00e4higes Produkt auf dem Markt. Im Vergleich zu anderen Produkten der gleichen Kategorie hat es Vorteile wie eine hochwertige beschichtete Folie, einen kurzen Arbeitszyklus und eine hohe Produktivit\u00e4t.\u00a0<a href=\"https:\/\/lyfilter.com\/de\/\">Lvyuan-Filter<\/a>\u00a0Das Beutelfiltergeh\u00e4use Edelstahl wird von einem Team qualifizierter Experten hergestellt, die mit Entschlossenheit arbeiten. Im Vergleich zu \u00e4hnlichen Produkten hat dieses Produkt eine \u00fcberlegene Leistung und eine lange Lebensdauer. Das Beutelfiltergeh\u00e4use Edelstahl ist in der Industrie weit verbreitet und eignet sich f\u00fcr das Schneiden und die tiefe Bearbeitung von allen Arten von Metallrohren. Guangzhou Lvyuan Water Purification Equipment Co., Ltd. betrachtet Qualit\u00e4t als sein Leben und etabliert ein perfektes Qualit\u00e4tssicherungssystem.<\/p>\n<p>&nbsp;<\/p>\n<p><b>Informationen zum Produkt<\/b><\/p>\n<p>Die Gesamtqualit\u00e4t des rostfreien Beutelfiltergeh\u00e4uses wurde durch die Optimierung der folgenden Details erheblich verbessert.<\/p>\n<div class=\"do-entry-list\">\n<dl class=\"do-entry-item\">\n<dt class=\"do-entry-item-key\">Verkaufen von Einheiten:<\/dt>\n<dd class=\"do-entry-item-val\">Einzelnes Element<\/dd>\n<\/dl>\n<dl class=\"do-entry-item\">\n<dt class=\"do-entry-item-key\" title=\"Gr\u00f6\u00dfe der Einzelverpackung:\">Gr\u00f6\u00dfe der Einzelverpackung:<\/dt>\n<dd class=\"do-entry-item-val\">100X40X40 cm<\/dd>\n<\/dl>\n<dl class=\"do-entry-item\">\n<dt class=\"do-entry-item-key\" title=\"Einfaches Bruttogewicht:\">Einfaches Bruttogewicht:<\/dt>\n<dd class=\"do-entry-item-val\">24.000 kg<\/dd>\n<\/dl>\n<dl class=\"do-entry-item\">\n<dt class=\"do-entry-item-key\" title=\"Vorlaufzeit\">Vorlaufzeit\u00a0<i class=\"next-icon next-icon-help next-icon-xs js-leadtimes-tips\"><\/i>:<\/dt>\n<dd class=\"do-entry-item-val\" title=\"Vorlaufzeit\">\n<div class=\"table-responsive\">\n<table class=\"supply-ability-table ui2-table ui2-table-normal ui2-table-zebra ui2-table-hover\">\n<tbody>\n<tr>\n<td>Menge (St\u00fcck)<\/td>\n<td>1 - 500<\/td>\n<td>&gt;500<\/td>\n<\/tr>\n<tr>\n<td>Gesch\u00e4tzte Zeit(Tage)<\/td>\n<td>7<\/td>\n<td>Noch zu verhandeln<\/td>\n<\/tr>\n<\/tbody>\n<\/table>\n<\/div>\n<\/dd>\n<\/dl>\n<\/div>","protected":false},"excerpt":{"rendered":"<table>\n<thead>\n<tr>\n<th>Attribut<\/th>\n<th>Wert<\/th>\n<th>Attribut<\/th>\n<th>Wert<\/th>\n<\/tr>\n<\/thead>\n<tbody>\n<tr>\n<td>Anwendbare Industrien<\/td>\n<td>Produktionsanlagen, Lebensmittel- und Getr\u00e4nkefabrik, Wasseraufbereitung<\/td>\n<td>Ort der Herkunft<\/td>\n<td>Guangdong, China<\/td>\n<\/tr>\n<tr>\n<td>Markenname<\/td>\n<td>Lvyuan, OEM, ODM<\/td>\n<td>Material<\/td>\n<td>unlegierter Stahl 304\/316<\/td>\n<\/tr>\n<tr>\n<td>Gewicht<\/td>\n<td>angepasst<\/td>\n<td>Gr\u00f6\u00dfe<\/td>\n<td>angepasst<\/td>\n<\/tr>\n<tr>\n<td>Strom<\/td>\n<td>0<\/td>\n<td>Garantie<\/td>\n<td>1 Jahr<\/td>\n<\/tr>\n<tr>\n<td>After-Sales-Service<\/td>\n<td>Online-Unterst\u00fctzung<\/td>\n<td>Merkmal<\/td>\n<td>Gute Abdichtung<\/td>\n<\/tr>\n<tr>\n<td>Gr\u00f6\u00dfe des Filterbeutels<\/td>\n<td>180*450mm<\/td>\n<td>Zertifizierung<\/td>\n<td>SGS<\/td>\n<\/tr>\n<tr>\n<td>Material<\/td>\n<td>sus304<\/td>\n<td>Verwendung<\/td>\n<td>Wasserfiltration<\/td>\n<\/tr>\n<tr>\n<td>Anmeldung<\/td>\n<td>Industrie<\/td>\n<td>Oberfl\u00e4che<\/td>\n<td>poliert\/verspiegelt<\/td>\n<\/tr>\n<tr>\n<td>Modell<\/td>\n<td>BFH<\/td>\n<td>Rohmaterial<\/td>\n<td>rostfreier Stahl<\/td>\n<\/tr>\n<tr>\n<td>Arbeitsdruck<\/td>\n<td>150Psi<\/td>\n<td><\/td>\n<td><\/td>\n<\/tr>\n<\/tbody>\n<\/table>","protected":false},"featured_media":4173,"comment_status":"open","ping_status":"closed","template":"","meta":{"_gspb_post_css":""},"product_brand":[],"product_cat":[1135],"product_tag":[1480,1482,1481,1479,1483,1136],"class_list":{"0":"post-4167","1":"product","2":"type-product","3":"status-publish","4":"has-post-thumbnail","6":"product_cat-stainless-steel-bag-filter-housing","7":"product_tag-beverage-industry-filter-housing","8":"product_tag-custom-bag-filter-housing","9":"product_tag-oem-odm-filter-housing","10":"product_tag-stainless-bag-filter-housing","11":"product_tag-stainless-beverage-filtration","12":"product_tag-water-filter-locks","14":"first","15":"instock","16":"shipping-taxable","17":"product-type-simple"},"_links":{"self":[{"href":"https:\/\/lyfilter.com\/de\/wp-json\/wp\/v2\/product\/4167","targetHints":{"allow":["GET"]}}],"collection":[{"href":"https:\/\/lyfilter.com\/de\/wp-json\/wp\/v2\/product"}],"about":[{"href":"https:\/\/lyfilter.com\/de\/wp-json\/wp\/v2\/types\/product"}],"replies":[{"embeddable":true,"href":"https:\/\/lyfilter.com\/de\/wp-json\/wp\/v2\/comments?post=4167"}],"wp:featuredmedia":[{"embeddable":true,"href":"https:\/\/lyfilter.com\/de\/wp-json\/wp\/v2\/media\/4173"}],"wp:attachment":[{"href":"https:\/\/lyfilter.com\/de\/wp-json\/wp\/v2\/media?parent=4167"}],"wp:term":[{"taxonomy":"product_brand","embeddable":true,"href":"https:\/\/lyfilter.com\/de\/wp-json\/wp\/v2\/product_brand?post=4167"},{"taxonomy":"product_cat","embeddable":true,"href":"https:\/\/lyfilter.com\/de\/wp-json\/wp\/v2\/product_cat?post=4167"},{"taxonomy":"product_tag","embeddable":true,"href":"https:\/\/lyfilter.com\/de\/wp-json\/wp\/v2\/product_tag?post=4167"}],"curies":[{"name":"wp","href":"https:\/\/api.w.org\/{rel}","templated":true}]}}