{"id":4156,"date":"2026-04-04T03:21:18","date_gmt":"2026-04-04T03:21:18","guid":{"rendered":"https:\/\/lyfilter.com\/"},"modified":"2026-04-04T03:21:18","modified_gmt":"2026-04-04T03:21:18","slug":"7-stage-resin-softener-reverse-osmosis-water-purifiers-purificadores-de-agua-osmosis-inversa","status":"publish","type":"product","link":"https:\/\/lyfilter.com\/de\/7-stage-resin-softener-reverse-osmosis-water-purifiers-purificadores-de-agua-osmosis-inversa\/","title":{"rendered":"7-Stufen-Harzenth\u00e4rter Umkehrosmose-Wasserreiniger \/ Purificadores De Agua Osmosis Inversa"},"content":{"rendered":"<p>Dieser 7-stufige Umkehrosmose-Reiniger wurde f\u00fcr Haushalte entwickelt, die saubereres und weicheres Wasser ben\u00f6tigen. Er kombiniert Harzenth\u00e4rtung und mehrstufige Filtration, um Verunreinigungen zu reduzieren, den Geschmack zu verbessern und frisches Wasser f\u00fcr das t\u00e4gliche Trinken und Kochen zu liefern.<\/p>","protected":false},"excerpt":{"rendered":"<table>\n<thead>\n<tr>\n<th>Attribut<\/th>\n<th>Wert<\/th>\n<th>Attribut<\/th>\n<th>Wert<\/th>\n<\/tr>\n<\/thead>\n<tbody>\n<tr>\n<td>Ort der Herkunft<\/td>\n<td>Guangdong, China<\/td>\n<td>Markenname<\/td>\n<td>LvYuan \/ OEM<\/td>\n<\/tr>\n<tr>\n<td>Modellnummer<\/td>\n<td>LY-RO-111<\/td>\n<td>Leistung (W)<\/td>\n<td>24<\/td>\n<\/tr>\n<tr>\n<td>Spannung (V)<\/td>\n<td>220<\/td>\n<td>Typ<\/td>\n<td>Umkehrosmose<\/td>\n<\/tr>\n<tr>\n<td>Zertifizierung<\/td>\n<td>CB, ce, GS, RoHS<\/td>\n<td>Verwenden Sie<\/td>\n<td>Unter der Sp\u00fcle<\/td>\n<\/tr>\n<tr>\n<td>Name des Produkts<\/td>\n<td>Wasseraufbereitungsanlagen f\u00fcr Osmose inversa<\/td>\n<td>RO-Membran<\/td>\n<td>Vontron, CSM, DOW<\/td>\n<\/tr>\n<tr>\n<td>Wasserenth\u00e4rter<\/td>\n<td>Harz 500mL<\/td>\n<td>Anwendbares Wasser<\/td>\n<td>kommunales Leitungswasser<\/td>\n<\/tr>\n<tr>\n<td>Durchflussmenge<\/td>\n<td>50GDP, 75GDP, 100GDP<\/td>\n<td>Pumpe<\/td>\n<td>Dengyuan\/Grandforest\/E-CHEN<\/td>\n<\/tr>\n<tr>\n<td>Typ der Pumpe<\/td>\n<td>Druckerh\u00f6hungspumpe\/Selbstansaugende Pumpe<\/td>\n<td>Tankinhalt<\/td>\n<td>3.2G, 4G<\/td>\n<\/tr>\n<tr>\n<td>Spannung<\/td>\n<td>110V bis 240V<\/td>\n<td>B\u00fchne<\/td>\n<td>5\/6\/7\/8 Stufe f\u00fcr Option<\/td>\n<\/tr>\n<tr>\n<td>Lieferf\u00e4higkeit<\/td>\n<td>5000 St\u00fcck\/St\u00fcck pro Tag Umkehrosmose-Wasserreiniger<\/td>\n<td><\/td>\n<td><\/td>\n<\/tr>\n<\/tbody>\n<\/table>","protected":false},"featured_media":4158,"comment_status":"open","ping_status":"closed","template":"","meta":{"_gspb_post_css":""},"product_brand":[],"product_cat":[1470],"product_tag":[1471,1474,1472,1473,1136,1286],"class_list":{"0":"post-4156","1":"product","2":"type-product","3":"status-publish","4":"has-post-thumbnail","6":"product_cat-under-sink-ro-water-purifier","7":"product_tag-7-stage-water-purifier","8":"product_tag-purificadores-de-agua-osmosis-inversa","9":"product_tag-resin-softener-water-filter","10":"product_tag-reverse-osmosis-purifier","11":"product_tag-water-filter-locks","12":"product_tag-water-purification-system","14":"first","15":"instock","16":"shipping-taxable","17":"product-type-simple"},"_links":{"self":[{"href":"https:\/\/lyfilter.com\/de\/wp-json\/wp\/v2\/product\/4156","targetHints":{"allow":["GET"]}}],"collection":[{"href":"https:\/\/lyfilter.com\/de\/wp-json\/wp\/v2\/product"}],"about":[{"href":"https:\/\/lyfilter.com\/de\/wp-json\/wp\/v2\/types\/product"}],"replies":[{"embeddable":true,"href":"https:\/\/lyfilter.com\/de\/wp-json\/wp\/v2\/comments?post=4156"}],"wp:featuredmedia":[{"embeddable":true,"href":"https:\/\/lyfilter.com\/de\/wp-json\/wp\/v2\/media\/4158"}],"wp:attachment":[{"href":"https:\/\/lyfilter.com\/de\/wp-json\/wp\/v2\/media?parent=4156"}],"wp:term":[{"taxonomy":"product_brand","embeddable":true,"href":"https:\/\/lyfilter.com\/de\/wp-json\/wp\/v2\/product_brand?post=4156"},{"taxonomy":"product_cat","embeddable":true,"href":"https:\/\/lyfilter.com\/de\/wp-json\/wp\/v2\/product_cat?post=4156"},{"taxonomy":"product_tag","embeddable":true,"href":"https:\/\/lyfilter.com\/de\/wp-json\/wp\/v2\/product_tag?post=4156"}],"curies":[{"name":"wp","href":"https:\/\/api.w.org\/{rel}","templated":true}]}}