{"id":4140,"date":"2026-04-04T03:09:09","date_gmt":"2026-04-04T03:09:09","guid":{"rendered":"https:\/\/lyfilter.com\/"},"modified":"2026-04-04T03:09:09","modified_gmt":"2026-04-04T03:09:09","slug":"doe-222-uf-food-grade-ss-304-multi-cartridge-filter-housing","status":"publish","type":"product","link":"https:\/\/lyfilter.com\/de\/doe-222-uf-food-grade-ss-304-multi-cartridge-filter-housing\/","title":{"rendered":"Doe 222 Uf Lebensmittelqualit\u00e4t SS 304 Multi-Patronen-Filtergeh\u00e4use"},"content":{"rendered":"<div class=\"unit-detail-html-tabs__content-attr\">\n<div class=\"unit-product-attrparam\">\n<div class=\"unit-product-attrparam__items row\">\n<div class=\"col-12 col-md-6\">\n<div class=\"unit-product-attrparam__item\"><\/div>\n<\/div>\n<div class=\"col-12 col-md-6\">\n<div class=\"unit-product-attrparam__item\"><\/div>\n<\/div>\n<\/div>\n<\/div>\n<\/div>\n<div class=\"unit-detail-html-tabs__content-html\">\n<div>\n<p><strong>Patrone aus rostfreiem Stahl\u00a0<a href=\"https:\/\/lyfilter.com\/de\/stainless-steel-filter-housing.html\/\">Wasserfiltergeh\u00e4use<\/a>\u00a0Einf\u00fchrung<\/strong><br \/>\nDie\u00a0<a href=\"https:\/\/lyfilter.com\/de\/stainless-steel-filter-housing.html\/\">Filtergeh\u00e4use aus rostfreiem Stahl<\/a>\u00a0kann zusammen mit verschiedenen Arten von Patronen verwendet werden. Die Innen- und Au\u00dfenfl\u00e4chen sind poliert, haben eine vern\u00fcnftige Struktur und keinen toten Winkel. Er ist bequem zu installieren und zu reinigen und kann die von den Kunden geforderten Filtrationseffekte erzielen. Sein Design entspricht den GMP-Standards in der medizinischen Industrie. Der Filter umfasst einen Fl\u00fcssigkeitsfilter und einen Gasfilter.<\/p>\n<p>&nbsp;<\/p>\n<p><strong>Edelstahlkartuschen-Wasserfiltergeh\u00e4use Parameter<\/strong><\/p>\n<div class=\"table-responsive\">\n<table>\n<tbody>\n<tr class=\"firstRow\">\n<td valign=\"center\" width=\"210\"><strong>Material<\/strong><\/td>\n<td valign=\"center\" width=\"353\">SS304 oder SS316<\/td>\n<\/tr>\n<tr>\n<td valign=\"center\" width=\"210\"><strong>Patronenl\u00e4nge<\/strong><\/td>\n<td valign=\"center\" width=\"353\">10\u2033, 20\u2033 ,30\u2033 ,40\u2033<\/td>\n<\/tr>\n<tr>\n<td valign=\"center\" width=\"210\"><strong>Patronenkern<\/strong><\/td>\n<td valign=\"center\" width=\"353\">Einzel- oder Multikartusche<\/td>\n<\/tr>\n<tr>\n<td valign=\"center\" width=\"210\"><strong>Kartusche Menge<\/strong><\/td>\n<td valign=\"center\" width=\"353\"><strong>1 bis 160 St\u00fcck als Option<\/strong><\/td>\n<\/tr>\n<tr>\n<td valign=\"center\" width=\"210\"><strong>Oberfl\u00e4chenbehandlung<\/strong><\/td>\n<td valign=\"center\" width=\"353\">Au\u00dfen poliert oder sandgestrahlt<\/td>\n<\/tr>\n<tr>\n<td valign=\"center\" width=\"210\"><strong>Top Cap installiert Typ<\/strong><\/td>\n<td valign=\"center\" width=\"353\">Hebebolzen, Flansch, Klemme,<\/td>\n<\/tr>\n<tr>\n<td valign=\"center\" width=\"210\"><strong>Einlass-\/Auslassanschluss<\/strong><\/td>\n<td valign=\"center\" width=\"353\">Gewindetyp, Flanschtyp, Pogodatyp<\/td>\n<\/tr>\n<tr>\n<td valign=\"center\" width=\"210\"><strong>Dichtung O-Ring<\/strong><\/td>\n<td valign=\"center\" width=\"353\">Silikon, NBR, EPDM, Viton<\/td>\n<\/tr>\n<tr>\n<td valign=\"center\" width=\"210\"><strong>Verwendung<\/strong><\/td>\n<td valign=\"center\" width=\"353\">Fl\u00fcssigkeits-, Gasfilter<\/td>\n<\/tr>\n<tr>\n<td valign=\"center\" width=\"210\"><strong>akzeptiere<\/strong><strong>t<\/strong><\/td>\n<td valign=\"center\" width=\"353\">OEM<\/td>\n<\/tr>\n<\/tbody>\n<\/table>\n<\/div>\n<\/div>\n<\/div>","protected":false},"excerpt":{"rendered":"<table>\n<thead>\n<tr>\n<th>Attribut<\/th>\n<th>Wert<\/th>\n<th>Attribut<\/th>\n<th>Wert<\/th>\n<\/tr>\n<\/thead>\n<tbody>\n<tr>\n<td>Zustand<\/td>\n<td>Neu<\/td>\n<td>Modell<\/td>\n<td>LY-HFPL<\/td>\n<\/tr>\n<tr>\n<td>Anwendbare Industrien<\/td>\n<td>Hotels, Bekleidungsgesch\u00e4fte, Baustoffgesch\u00e4fte, Fertigungsbetriebe, Maschinenreparaturwerkst\u00e4tten, Lebensmittel- und Getr\u00e4nkefabriken, Bauernh\u00f6fe, Restaurants, Haushalte, Einzelhandel, Lebensmittelgesch\u00e4fte, Druckereien, Bauunternehmen, Energie- und Bergbauunternehmen, Lebensmittel- und Getr\u00e4nkem\u00e4rkte, Werbeunternehmen<\/td>\n<td>Marke<\/td>\n<td>OEM\/Lvyuan<\/td>\n<\/tr>\n<tr>\n<td>Service nach der Garantie<\/td>\n<td>Online-Unterst\u00fctzung<\/td>\n<td>Ort der Herkunft<\/td>\n<td>Guangdong, China<\/td>\n<\/tr>\n<tr>\n<td>Lokaler Dienstort<\/td>\n<td>keine<\/td>\n<td>Start Hafen<\/td>\n<td>Guangzhou<\/td>\n<\/tr>\n<tr>\n<td>Standort des Ausstellungsraums<\/td>\n<td>keine<\/td>\n<td>Material<\/td>\n<td>Plissiert<\/td>\n<\/tr>\n<tr>\n<td>Gewicht<\/td>\n<td>0<\/td>\n<td>Durchmesser<\/td>\n<td>70mm\/OEM<\/td>\n<\/tr>\n<tr>\n<td>Gr\u00f6\u00dfe<\/td>\n<td>10\u2033\/20\u2033\/30\u2033\/40\u2033\/50\u2033\/60\u2033<\/td>\n<td>L\u00e4nge<\/td>\n<td>5 \/ 10 \/ 20 \/ 30 \/ 40 \/ 50 \/ 60 Zoll<\/td>\n<\/tr>\n<tr>\n<td>Strom<\/td>\n<td>0<\/td>\n<td>Innerer Kern<\/td>\n<td>PP\/SS\/OEM<\/td>\n<\/tr>\n<tr>\n<td>Garantie<\/td>\n<td>Nicht verf\u00fcgbar<\/td>\n<td>Material der Filtermembran<\/td>\n<td>PP\/PVDF\/PTFE\/PES\/Nylon<\/td>\n<\/tr>\n<tr>\n<td>Name<\/td>\n<td>Industrielle Filterpatrone aus Polyproplylen PP gefaltet<\/td>\n<td>Konvektor<\/td>\n<td>Fin\/222\/226\/215\/DOE\/Thread<\/td>\n<\/tr>\n<tr>\n<td>Mikron<\/td>\n<td>0.22\/0.5\/1\/3\/5\/10\/25\/50\/75\/100\/150<\/td>\n<td>O-Ring-Werkstoff<\/td>\n<td>EPDM\/Viton\/Silikon\/Te flon<\/td>\n<\/tr>\n<tr>\n<td>Methode der Versiegelung<\/td>\n<td>Warmschmelzschwei\u00dfen<\/td>\n<td>MOQ<\/td>\n<td>1 St\u00fcck<\/td>\n<\/tr>\n<tr>\n<td>Zahlung<\/td>\n<td>T\/T, Western Union, Alibaba Handelsgarantie<\/td>\n<td>Lieferfrist<\/td>\n<td>Innerhalb von 7 Arbeitstagen<\/td>\n<\/tr>\n<tr>\n<td>Zertifizierung<\/td>\n<td>ISO 9001<\/td>\n<td>Produktionskapazit\u00e4t<\/td>\n<td>10000 Einheiten\/Monat<\/td>\n<\/tr>\n<tr>\n<td>Lieferf\u00e4higkeit<\/td>\n<td>500 St\u00fcck\/St\u00fcck pro Tag<\/td>\n<td><\/td>\n<td><\/td>\n<\/tr>\n<\/tbody>\n<\/table>","protected":false},"featured_media":4142,"comment_status":"open","ping_status":"closed","template":"","meta":{"_gspb_post_css":""},"product_brand":[],"product_cat":[15],"product_tag":[1458,1460,1264,1461,1459,1136],"class_list":{"0":"post-4140","1":"product","2":"type-product","3":"status-publish","4":"has-post-thumbnail","6":"product_cat-stainless-steel-filter-housing","7":"product_tag-doe-222-filter-housing","8":"product_tag-food-grade-ss-304-housing","9":"product_tag-industrial-water-filter-housing","10":"product_tag-multi-cartridge-stainless-filter","11":"product_tag-uf-cartridge-filter-housing","12":"product_tag-water-filter-locks","14":"first","15":"instock","16":"shipping-taxable","17":"product-type-simple"},"_links":{"self":[{"href":"https:\/\/lyfilter.com\/de\/wp-json\/wp\/v2\/product\/4140","targetHints":{"allow":["GET"]}}],"collection":[{"href":"https:\/\/lyfilter.com\/de\/wp-json\/wp\/v2\/product"}],"about":[{"href":"https:\/\/lyfilter.com\/de\/wp-json\/wp\/v2\/types\/product"}],"replies":[{"embeddable":true,"href":"https:\/\/lyfilter.com\/de\/wp-json\/wp\/v2\/comments?post=4140"}],"wp:featuredmedia":[{"embeddable":true,"href":"https:\/\/lyfilter.com\/de\/wp-json\/wp\/v2\/media\/4142"}],"wp:attachment":[{"href":"https:\/\/lyfilter.com\/de\/wp-json\/wp\/v2\/media?parent=4140"}],"wp:term":[{"taxonomy":"product_brand","embeddable":true,"href":"https:\/\/lyfilter.com\/de\/wp-json\/wp\/v2\/product_brand?post=4140"},{"taxonomy":"product_cat","embeddable":true,"href":"https:\/\/lyfilter.com\/de\/wp-json\/wp\/v2\/product_cat?post=4140"},{"taxonomy":"product_tag","embeddable":true,"href":"https:\/\/lyfilter.com\/de\/wp-json\/wp\/v2\/product_tag?post=4140"}],"curies":[{"name":"wp","href":"https:\/\/api.w.org\/{rel}","templated":true}]}}