{"id":4126,"date":"2026-04-04T03:02:29","date_gmt":"2026-04-04T03:02:29","guid":{"rendered":"https:\/\/lyfilter.com\/"},"modified":"2026-04-04T03:02:29","modified_gmt":"2026-04-04T03:02:29","slug":"china-manufacture-custom-ss-304-316l-in-line-stainless-steel-inline-filter-housing-for-milk-oil-gas-air-water-purification","status":"publish","type":"product","link":"https:\/\/lyfilter.com\/de\/china-manufacture-custom-ss-304-316l-in-line-stainless-steel-inline-filter-housing-for-milk-oil-gas-air-water-purification\/","title":{"rendered":"China Manufacture Custom SS 304 316L In-Line Edelstahl Inline Filtergeh\u00e4use f\u00fcr Milch \u00d6l Gas Luft Wasser Reinigung"},"content":{"rendered":"<div class=\"scc-wrapper detail-module module-productPackagingAndQuickDetail\" data-spm=\"prilinga1e\">\n<div class=\"widget-detail-overview\">\n<div class=\"do-content\">\n<div class=\"do-overview\">\n<div class=\"do-entry do-entry-full\">\n<div class=\"do-entry-list\">\n<dl class=\"do-entry-item\">\n<dt class=\"do-entry-item-key\">Verpackungsart:<\/dt>\n<dd class=\"do-entry-item-val pkg-method\">China Manufacture Custom SS 304 316L In-line Edelstahl Inline-Filtergeh\u00e4use f\u00fcr Milch \u00d6l Gas Luft Wasserreinigung Das Angebot ist nur als Referenz, bitte f\u00fchlen Sie sich frei, die Spezifikation Anforderung an uns zu senden, und erhalten Sie den besten Preis. Verpackung: Karton<\/dd>\n<\/dl>\n<dl class=\"do-entry-item\">\n<dt class=\"do-entry-item-key\" title=\"Vorlaufzeit\">Vorlaufzeit\u00a0<i class=\"next-icon next-icon-help next-icon-xs js-leadtimes-tips\"><\/i>:<\/dt>\n<dd class=\"do-entry-item-val\" title=\"Vorlaufzeit\">\n<div class=\"table-responsive\">\n<table class=\"supply-ability-table ui2-table ui2-table-normal ui2-table-zebra ui2-table-hover\">\n<tbody>\n<tr>\n<td>Menge (St\u00fcck)<\/td>\n<td>1 - 50<\/td>\n<td>&gt;50<\/td>\n<\/tr>\n<tr>\n<td>Gesch\u00e4tzte Zeit(Tage)<\/td>\n<td>15<\/td>\n<td>Noch zu verhandeln<\/td>\n<\/tr>\n<\/tbody>\n<\/table>\n<\/div>\n<\/dd>\n<\/dl>\n<\/div>\n<\/div>\n<\/div>\n<\/div>\n<\/div>\n<\/div>\n<div class=\"scc-wrapper detail-module module-detailVideo\" data-spm=\"detailvideo\"><\/div>\n<div class=\"scc-wrapper detail-module module-productSpecification\" data-spm=\"pronpeci14\">\n<div id=\"J-rich-text-description\" class=\"richtext richtext-detail rich-text-description\">\n<div id=\"detail_decorate_root\" data-host=\"111234190\" data-magic-global=\"%7B%22bizId%22%3A17381045746%2C%22pageId%22%3A5063624136%2C%22siteId%22%3A5005126472%7D\" data-id=\"detail_decorate_root\">\n<div class=\"detail-decorate-json-renderer-container\">\n<div class=\"magic-0\">\n<h3 class=\"magic-1\" data-id=\"title0\">China Manufacture Custom SS 304 316L Inline Edelstahl Inline-Filtergeh\u00e4use f\u00fcr Milch \u00d6l Gas Luft Wasserreinigung<\/h3>\n<\/div>\n<\/div>\n<\/div>\n<\/div>\n<\/div>","protected":false},"excerpt":{"rendered":"<table>\n<thead>\n<tr>\n<th>Artikel<\/th>\n<th>Wert<\/th>\n<th>Artikel<\/th>\n<th>Wert<\/th>\n<\/tr>\n<\/thead>\n<tbody>\n<tr>\n<td>Zustand<\/td>\n<td>Neu<\/td>\n<td>Anwendbare Industrien<\/td>\n<td>Hotels; Bekleidungsgesch\u00e4fte; Baustoffgesch\u00e4fte; Fertigungsbetriebe; Maschinenreparaturwerkst\u00e4tten; Lebensmittel- und Getr\u00e4nkefabriken; Bauernh\u00f6fe; Restaurants; Haushalte; Einzelhandel; Lebensmittelgesch\u00e4fte; Druckereien; Bauunternehmen; Energie und Bergbau; Lebensmittel- und Getr\u00e4nkegesch\u00e4fte; Werbeunternehmen<\/td>\n<\/tr>\n<tr>\n<td>Service nach der Garantie<\/td>\n<td>Online-Unterst\u00fctzung<\/td>\n<td>Lokaler Dienstort<\/td>\n<td>keine<\/td>\n<\/tr>\n<tr>\n<td>Standort des Ausstellungsraums<\/td>\n<td>keine<\/td>\n<td>Ort der Herkunft<\/td>\n<td>Guangdong, China<\/td>\n<\/tr>\n<tr>\n<td>Markenname<\/td>\n<td>Lvyuan \/ OEM<\/td>\n<td>Material<\/td>\n<td>rostfreier Stahl<\/td>\n<\/tr>\n<tr>\n<td>Gewicht<\/td>\n<td>es kommt darauf an<\/td>\n<td>Gr\u00f6\u00dfe<\/td>\n<td>es kommt darauf an<\/td>\n<\/tr>\n<tr>\n<td>Strom<\/td>\n<td>0<\/td>\n<td>Garantie<\/td>\n<td>1 Jahr<\/td>\n<\/tr>\n<tr>\n<td>After-Sales-Service<\/td>\n<td>Online-Unterst\u00fctzung<\/td>\n<td>Name des Produkts<\/td>\n<td>Inline-Filtergeh\u00e4use aus Edelstahl<\/td>\n<\/tr>\n<tr>\n<td>Geh\u00e4use Materialien<\/td>\n<td>ss304; 316; 316L<\/td>\n<td>Anzahl der Patronenfilter<\/td>\n<td>1 - 160PCS als Option<\/td>\n<\/tr>\n<tr>\n<td>L\u00e4nge der Filterpatrone<\/td>\n<td>5; 10; 20; 30; 40; 60 Zoll; OEM<\/td>\n<td>Oberfl\u00e4chenbehandlung<\/td>\n<td>Poliert &amp; Sandgestrahlt<\/td>\n<\/tr>\n<tr>\n<td>Typ der installierten Oberkappe<\/td>\n<td>Hebebolzen\/Flansch\/Klammertyp<\/td>\n<td>Verwendung<\/td>\n<td>Wasser-\/Fl\u00fcssigkeits-\/Weinaufbereitungsanlage<\/td>\n<\/tr>\n<tr>\n<td>Paket<\/td>\n<td>Holzkiste<\/td>\n<td>Steckertyp<\/td>\n<td>Code 0 3 6 7 8 9<\/td>\n<\/tr>\n<tr>\n<td>Zertifizierung<\/td>\n<td>CE ISO SGS<\/td>\n<td>Verkaufende Einheiten<\/td>\n<td>Einzelnes Element<\/td>\n<\/tr>\n<tr>\n<td>Einzelne Packungsgr\u00f6\u00dfe<\/td>\n<td>20X20X70 cm<\/td>\n<td>Einfaches Bruttogewicht<\/td>\n<td>8.000 kg<\/td>\n<\/tr>\n<\/tbody>\n<\/table>","protected":false},"featured_media":4131,"comment_status":"open","ping_status":"closed","template":"","meta":{"_gspb_post_css":""},"product_brand":[],"product_cat":[15],"product_tag":[1450,1452,1448,1449,1447,1451],"class_list":{"0":"post-4126","1":"product","2":"type-product","3":"status-publish","4":"has-post-thumbnail","6":"product_cat-stainless-steel-filter-housing","7":"product_tag-milk-inline-filter","8":"product_tag-oil-gas-air-filter-housing","9":"product_tag-ss-304-filter-housing","10":"product_tag-ss-316l-filter-housing","11":"product_tag-stainless-steel-inline-filter-housing","12":"product_tag-water-purification-filter-housing","14":"first","15":"instock","16":"shipping-taxable","17":"product-type-simple"},"_links":{"self":[{"href":"https:\/\/lyfilter.com\/de\/wp-json\/wp\/v2\/product\/4126","targetHints":{"allow":["GET"]}}],"collection":[{"href":"https:\/\/lyfilter.com\/de\/wp-json\/wp\/v2\/product"}],"about":[{"href":"https:\/\/lyfilter.com\/de\/wp-json\/wp\/v2\/types\/product"}],"replies":[{"embeddable":true,"href":"https:\/\/lyfilter.com\/de\/wp-json\/wp\/v2\/comments?post=4126"}],"wp:featuredmedia":[{"embeddable":true,"href":"https:\/\/lyfilter.com\/de\/wp-json\/wp\/v2\/media\/4131"}],"wp:attachment":[{"href":"https:\/\/lyfilter.com\/de\/wp-json\/wp\/v2\/media?parent=4126"}],"wp:term":[{"taxonomy":"product_brand","embeddable":true,"href":"https:\/\/lyfilter.com\/de\/wp-json\/wp\/v2\/product_brand?post=4126"},{"taxonomy":"product_cat","embeddable":true,"href":"https:\/\/lyfilter.com\/de\/wp-json\/wp\/v2\/product_cat?post=4126"},{"taxonomy":"product_tag","embeddable":true,"href":"https:\/\/lyfilter.com\/de\/wp-json\/wp\/v2\/product_tag?post=4126"}],"curies":[{"name":"wp","href":"https:\/\/api.w.org\/{rel}","templated":true}]}}