{"id":4119,"date":"2026-04-03T10:54:26","date_gmt":"2026-04-03T10:54:26","guid":{"rendered":"https:\/\/lyfilter.com\/"},"modified":"2026-04-03T10:54:26","modified_gmt":"2026-04-03T10:54:26","slug":"high-temperature-resistance-100-micron-water-mesh-filter-stainless-steel-cartridge-10-inch","status":"publish","type":"product","link":"https:\/\/lyfilter.com\/de\/high-temperature-resistance-100-micron-water-mesh-filter-stainless-steel-cartridge-10-inch\/","title":{"rendered":"Hohe Temperaturbest\u00e4ndigkeit 100 Mikron Wasser Mesh Filter Edelstahl Patrone 10 Zoll"},"content":{"rendered":"<p>Diese 10-Zoll-Edelstahl-Wasserfilterpatrone wurde f\u00fcr die Filtration entwickelt und bietet eine 100-Mikron-Kontrolle und hohe Temperaturbest\u00e4ndigkeit. Sie hilft, den Durchfluss aufrechtzuerhalten, die Ausr\u00fcstung zu sch\u00fctzen und eine zuverl\u00e4ssige Wasseraufbereitung an Werktagen zu unterst\u00fctzen.<\/p>","protected":false},"excerpt":{"rendered":"<table>\n<thead>\n<tr>\n<th>Artikel<\/th>\n<th>Wert<\/th>\n<th>Artikel<\/th>\n<th>Wert<\/th>\n<\/tr>\n<\/thead>\n<tbody>\n<tr>\n<td>Zustand<\/td>\n<td>Neu<\/td>\n<td>Garantie<\/td>\n<td>6 Monate<\/td>\n<\/tr>\n<tr>\n<td>Anwendbare Industrien<\/td>\n<td>Hotels; Bekleidungsgesch\u00e4fte; Baustoffgesch\u00e4fte; Fertigungsanlagen; Maschinenreparaturwerkst\u00e4tten; Lebensmittel- und Getr\u00e4nkefabriken; Bauernh\u00f6fe; Restaurants; Haushalte; Einzelhandel; Lebensmittelgesch\u00e4fte; Druckereien; Bauarbeiten; Energie und Bergbau; Lebensmittel- und Getr\u00e4nkehandel<\/td>\n<td>Service nach der Garantie<\/td>\n<td>Online-Unterst\u00fctzung<\/td>\n<\/tr>\n<tr>\n<td>Lokaler Dienstort<\/td>\n<td>keine<\/td>\n<td>Standort des Ausstellungsraums<\/td>\n<td>keine<\/td>\n<\/tr>\n<tr>\n<td>Video-Ausgangsinspektion<\/td>\n<td>Zur Verf\u00fcgung gestellt<\/td>\n<td>Maschinen-Testbericht<\/td>\n<td>Zur Verf\u00fcgung gestellt<\/td>\n<\/tr>\n<tr>\n<td>Marketing-Typ<\/td>\n<td>Gew\u00f6hnliches Produkt<\/td>\n<td>Garantie f\u00fcr Kernkomponenten<\/td>\n<td>1 Jahr<\/td>\n<\/tr>\n<tr>\n<td>Kernkomponenten<\/td>\n<td>Druckbeh\u00e4lter<\/td>\n<td>Ort der Herkunft<\/td>\n<td>Guangdong, China<\/td>\n<\/tr>\n<tr>\n<td>Markenname<\/td>\n<td>Lvyuan\/OEM<\/td>\n<td>Verwendung<\/td>\n<td>Fl\u00fcssigkeitsfilter; Wasseraufbereitung<\/td>\n<\/tr>\n<tr>\n<td>Typ<\/td>\n<td>Filterelemente<\/td>\n<td>Material<\/td>\n<td>Metallfaser; Edelstahlgewebe<\/td>\n<\/tr>\n<tr>\n<td>Merkmal<\/td>\n<td>gute Durchl\u00e4ssigkeit<\/td>\n<td>L\u00e4nge<\/td>\n<td>10\/20\/30\/40 Zoll oder kundenspezifisch<\/td>\n<\/tr>\n<tr>\n<td>Form<\/td>\n<td>Zylinder<\/td>\n<td>Anmeldung<\/td>\n<td>Industrie<\/td>\n<\/tr>\n<tr>\n<td>Farbe<\/td>\n<td>Band<\/td>\n<td>Verpacken<\/td>\n<td>Papierschachtel<\/td>\n<\/tr>\n<tr>\n<td>Abtragleistung<\/td>\n<td>2 bis 200\u03bcm<\/td>\n<td>Vorteil<\/td>\n<td>Wiederverwendung<\/td>\n<\/tr>\n<tr>\n<td>Lieferf\u00e4higkeit<\/td>\n<td>1000 St\u00fcck\/St\u00fcck pro Monat<\/td>\n<td><\/td>\n<td><\/td>\n<\/tr>\n<\/tbody>\n<\/table>","protected":false},"featured_media":4120,"comment_status":"open","ping_status":"closed","template":"","meta":{"_gspb_post_css":""},"product_brand":[],"product_cat":[1205],"product_tag":[887,1444,1445,743,1257,1446],"class_list":{"0":"post-4119","1":"product","2":"type-product","3":"status-publish","4":"has-post-thumbnail","6":"product_cat-stainless-steel-sintered-filter-cartridge","7":"product_tag-10-inch-water-filter-cartridge","8":"product_tag-100-micron-water-mesh-filter","9":"product_tag-high-temperature-resistant-filter","10":"product_tag-industrial-water-filter-cartridge","11":"product_tag-stainless-steel-cartridge-filter","12":"product_tag-stainless-steel-mesh-filter","14":"first","15":"instock","16":"shipping-taxable","17":"product-type-simple"},"_links":{"self":[{"href":"https:\/\/lyfilter.com\/de\/wp-json\/wp\/v2\/product\/4119","targetHints":{"allow":["GET"]}}],"collection":[{"href":"https:\/\/lyfilter.com\/de\/wp-json\/wp\/v2\/product"}],"about":[{"href":"https:\/\/lyfilter.com\/de\/wp-json\/wp\/v2\/types\/product"}],"replies":[{"embeddable":true,"href":"https:\/\/lyfilter.com\/de\/wp-json\/wp\/v2\/comments?post=4119"}],"wp:featuredmedia":[{"embeddable":true,"href":"https:\/\/lyfilter.com\/de\/wp-json\/wp\/v2\/media\/4120"}],"wp:attachment":[{"href":"https:\/\/lyfilter.com\/de\/wp-json\/wp\/v2\/media?parent=4119"}],"wp:term":[{"taxonomy":"product_brand","embeddable":true,"href":"https:\/\/lyfilter.com\/de\/wp-json\/wp\/v2\/product_brand?post=4119"},{"taxonomy":"product_cat","embeddable":true,"href":"https:\/\/lyfilter.com\/de\/wp-json\/wp\/v2\/product_cat?post=4119"},{"taxonomy":"product_tag","embeddable":true,"href":"https:\/\/lyfilter.com\/de\/wp-json\/wp\/v2\/product_tag?post=4119"}],"curies":[{"name":"wp","href":"https:\/\/api.w.org\/{rel}","templated":true}]}}