{"id":4113,"date":"2026-04-03T10:20:13","date_gmt":"2026-04-03T10:20:13","guid":{"rendered":"https:\/\/lyfilter.com\/"},"modified":"2026-04-03T10:20:13","modified_gmt":"2026-04-03T10:20:13","slug":"stainless-steel-water-filter-housing-guangzhou-lvyuan-filter","status":"publish","type":"product","link":"https:\/\/lyfilter.com\/de\/stainless-steel-water-filter-housing-guangzhou-lvyuan-filter\/","title":{"rendered":"Wasserfiltergeh\u00e4use aus Edelstahl Guangzhou - - Lvyuan Filter"},"content":{"rendered":"<p><b>Produktdetails der\u00a0<a href=\"https:\/\/lyfilter.com\/de\/stainless-steel-filter-housing.html\/\">Wasserfiltergeh\u00e4use aus rostfreiem Stahl<\/a><\/b><\/p>\n<p>&nbsp;<\/p>\n<p><b>Produkt-Spezifikation<\/b><\/p>\n<p>Material: Rostfreier Stahl<\/p>\n<p>&nbsp;<\/p>\n<p><b>Beschreibung des Produkts<\/b><\/p>\n<p>Erf\u00fcllung unterschiedlicher Kundenbed\u00fcrfnisse,\u00a0<a href=\"https:\/\/lyfilter.com\/de\/\">Lvyuan-Filter<\/a>\u00a0Wasserfiltergeh\u00e4use aus rostfreiem Stahl sind in verschiedenen Ausf\u00fchrungen erh\u00e4ltlich. Es wird entwickelt, wie wir eng verfolgen internationale fortschrittliche Technologie und Entwicklungstrends. . Durch die Behandlung von Mitarbeitern mit gegenseitigem Respekt, Lvyuan Filter Mitarbeiter immer den besten Service f\u00fcr Kunden.<\/p>\n<p><strong>Einzelne Patrone\u00a0<a href=\"https:\/\/lyfilter.com\/de\/stainless-steel-filter-housing.html\/\">Filtergeh\u00e4use aus Edelstahl<\/a><\/strong><\/p>\n<p>Der Ein-Kern-Filter ist in zwei Arten unterteilt: Filtration Fl\u00fcssigkeit und Gas, und die Gr\u00f6\u00dfe kann in 5\u2033, 10\u2033, 20\u2033, 30\u2033 und 40\u2033, etc. unterteilt werden. Der Arbeitsdruck betr\u00e4gt im Allgemeinen 0,1Mpa-0,4Mpa. Aufgrund der unterschiedlichen Porengr\u00f6\u00dfen der\u00a0<a href=\"https:\/\/lyfilter.com\/de\/products.html\/\">Filtereinsatz<\/a>s, sind auch die Durchflussraten unterschiedlich. Zum Beispiel ist der Standard f\u00fcr 0,2um-0,4um Filtration von chaotischem Wasser 300-500kg\/h. F\u00fcr die Filtration von sterilem Wasser mit einer Durchflussmenge von 5 t\/h k\u00f6nnen Sie beispielsweise einen 7-Elemente-Filter mit 0,2 um und 30 Zoll w\u00e4hlen. Wenn es viele Verunreinigungen im Filter gibt und die Viskosit\u00e4t hoch ist, sollte ein Vorfilterger\u00e4t hinzugef\u00fcgt werden. Die Filtration von Gas unterscheidet sich geringf\u00fcgig von der Filtration von Fl\u00fcssigkeiten, und das Filtrationsvolumen wird als Kubikgas pro Minute berechnet. 10-Zoll-Filterelement, Porendurchmesser \u03c60,22 um, Druck von 0,12 Mpa, Druckdifferenz von 0,01 Mpa, Durchflussmenge von 4-6m3\/min, weit verbreitet in der Fermentationsindustrie.<\/p>","protected":false},"excerpt":{"rendered":"<table>\n<thead>\n<tr>\n<th>Artikel<\/th>\n<th>Wert<\/th>\n<th>Artikel<\/th>\n<th>Wert<\/th>\n<\/tr>\n<\/thead>\n<tbody>\n<tr>\n<td>Start Hafen<\/td>\n<td>Guangzhou<\/td>\n<td>Produktionskapazit\u00e4t<\/td>\n<td>10000 Einheiten\/Monat<\/td>\n<\/tr>\n<tr>\n<td>Zahlung<\/td>\n<td>T\/T; Alibaba Trade Assurance; paypal<\/td>\n<td>Lieferfrist<\/td>\n<td>Innerhalb von 7 Arbeitstagen<\/td>\n<\/tr>\n<\/tbody>\n<\/table>","protected":false},"featured_media":4118,"comment_status":"open","ping_status":"closed","template":"","meta":{"_gspb_post_css":""},"product_brand":[],"product_cat":[15],"product_tag":[1441,1084,1186,1442,1440,1443],"class_list":{"0":"post-4113","1":"product","2":"type-product","3":"status-publish","4":"has-post-thumbnail","6":"product_cat-stainless-steel-filter-housing","7":"product_tag-guangzhou-water-filter-housing","8":"product_tag-industrial-filter-housing","9":"product_tag-lvyuan-filter-housing","10":"product_tag-stainless-steel-filter-vessel","11":"product_tag-stainless-steel-water-filter-housing","12":"product_tag-water-filtration-housing","14":"first","15":"instock","16":"shipping-taxable","17":"product-type-simple"},"_links":{"self":[{"href":"https:\/\/lyfilter.com\/de\/wp-json\/wp\/v2\/product\/4113","targetHints":{"allow":["GET"]}}],"collection":[{"href":"https:\/\/lyfilter.com\/de\/wp-json\/wp\/v2\/product"}],"about":[{"href":"https:\/\/lyfilter.com\/de\/wp-json\/wp\/v2\/types\/product"}],"replies":[{"embeddable":true,"href":"https:\/\/lyfilter.com\/de\/wp-json\/wp\/v2\/comments?post=4113"}],"wp:featuredmedia":[{"embeddable":true,"href":"https:\/\/lyfilter.com\/de\/wp-json\/wp\/v2\/media\/4118"}],"wp:attachment":[{"href":"https:\/\/lyfilter.com\/de\/wp-json\/wp\/v2\/media?parent=4113"}],"wp:term":[{"taxonomy":"product_brand","embeddable":true,"href":"https:\/\/lyfilter.com\/de\/wp-json\/wp\/v2\/product_brand?post=4113"},{"taxonomy":"product_cat","embeddable":true,"href":"https:\/\/lyfilter.com\/de\/wp-json\/wp\/v2\/product_cat?post=4113"},{"taxonomy":"product_tag","embeddable":true,"href":"https:\/\/lyfilter.com\/de\/wp-json\/wp\/v2\/product_tag?post=4113"}],"curies":[{"name":"wp","href":"https:\/\/api.w.org\/{rel}","templated":true}]}}