{"id":4095,"date":"2026-04-03T08:35:19","date_gmt":"2026-04-03T08:35:19","guid":{"rendered":"https:\/\/lyfilter.com\/"},"modified":"2026-04-03T08:35:19","modified_gmt":"2026-04-03T08:35:19","slug":"222-226-flat-fin-doe-pp-ptfe-pvdf-pleated-cartridge-nitrogen-gas-filter","status":"publish","type":"product","link":"https:\/\/lyfilter.com\/de\/222-226-flat-fin-doe-pp-ptfe-pvdf-pleated-cartridge-nitrogen-gas-filter\/","title":{"rendered":"222\/226\/Flach\/Fl\u00fcgel\/DOE PP PTFE PVDF Plissierte Patronen Stickstoffgasfilter"},"content":{"rendered":"<h3>222\/226\/Flat\/Fin\/Doe Ptfe Pvdf Plissierte Patronen Stickstoffgasfilter<\/h3>\n<div id=\"kcc3w\">\n<div id=\"kcc3w\">\nDie Filtrationsmedien der Stickstoffgasfilter sind hydrophobe PP PTFE PVDF Membranen. Unsere Stickstofffilterpatrone verf\u00fcgt \u00fcber hervorragende Betriebseigenschaften, und ihre Sicherheits- und W\u00e4rmekontrollspezifikationen entsprechen den Anforderungen der USP der USA. Jeder Stickstoff\u00a0<a href=\"https:\/\/lyfilter.com\/de\/products.html\/\">Filtereinsatz<\/a>\u00a0hat den 100% Integrit\u00e4tstest des Blasenpunkts und des Ausdehnungsflusses bestanden, um sicherzustellen, dass die Anforderungen der USA HIME an die bakterielle Retention erf\u00fcllt werden.<\/div>\n<div id=\"kcc3w\"><\/div>\n<div id=\"kcc3w\">Das plissierte Design von Stickstoffgasfiltern maximiert die Filteroberfl\u00e4che, verbessert die Filtrationseffizienz und verl\u00e4ngert die Lebensdauer. Diese Filter k\u00f6nnen Partikel bis zu einer Gr\u00f6\u00dfe von 0,3 Mikrometern mit hoher Effizienz entfernen und sind somit ideal f\u00fcr die Feinstfiltration geeignet, z. B. 222er Filterpatrone und 226er Filterpatrone usw. Diese Filter wurden speziell f\u00fcr die Stickstoffgasreinigung entwickelt und zeichnen sich durch die Entfernung von Partikeln, Aerosolen und Feuchtigkeit aus. Sie gew\u00e4hrleisten die Lieferung von sauberem, trockenem Gas, das f\u00fcr Branchen wie die Elektronikfertigung, die Pharmaindustrie und Laborumgebungen unerl\u00e4sslich ist.<\/div>\n<\/div>","protected":false},"excerpt":{"rendered":"<p>Die flach gefalteten Stickstoffgasfilter von Lvyuan Filter sind f\u00fcr kritische Gasreinigungsanwendungen konzipiert. Aus Materialien wie Polypropylen (PP), Polytetrafluorethylen (PTFE) und Polyvinylidenfluorid (PVDF) hergestellt, bieten diese Stickstofffilterelemente eine au\u00dfergew\u00f6hnliche chemische Best\u00e4ndigkeit und Haltbarkeit. Diese plissierten Stickstofffilterpatronen sind in verschiedenen Konfigurationen erh\u00e4ltlich - 222 Filterpatronen, 226 Filterpatronen, Flach-, Lamellen- und DOE-Filter - um unterschiedlichen Installationsanforderungen gerecht zu werden und eine optimale Leistung zu gew\u00e4hrleisten.<\/p>","protected":false},"featured_media":4099,"comment_status":"open","ping_status":"closed","template":"","meta":{"_gspb_post_css":""},"product_brand":[],"product_cat":[24,26],"product_tag":[1430,1431,1427,1428,1432,1429],"class_list":{"0":"post-4095","1":"product","2":"type-product","3":"status-publish","4":"has-post-thumbnail","6":"product_cat-sintered-porous-plastic","7":"product_cat-plastic-silencer","8":"product_tag-222-226-doe-filter","9":"product_tag-industrial-gas-filter","10":"product_tag-nitrogen-gas-filter","11":"product_tag-pleated-cartridge-filter","12":"product_tag-pleated-membrane-cartridge","13":"product_tag-pp-ptfe-pvdf-filter","15":"first","16":"instock","17":"shipping-taxable","18":"product-type-simple"},"_links":{"self":[{"href":"https:\/\/lyfilter.com\/de\/wp-json\/wp\/v2\/product\/4095","targetHints":{"allow":["GET"]}}],"collection":[{"href":"https:\/\/lyfilter.com\/de\/wp-json\/wp\/v2\/product"}],"about":[{"href":"https:\/\/lyfilter.com\/de\/wp-json\/wp\/v2\/types\/product"}],"replies":[{"embeddable":true,"href":"https:\/\/lyfilter.com\/de\/wp-json\/wp\/v2\/comments?post=4095"}],"wp:featuredmedia":[{"embeddable":true,"href":"https:\/\/lyfilter.com\/de\/wp-json\/wp\/v2\/media\/4099"}],"wp:attachment":[{"href":"https:\/\/lyfilter.com\/de\/wp-json\/wp\/v2\/media?parent=4095"}],"wp:term":[{"taxonomy":"product_brand","embeddable":true,"href":"https:\/\/lyfilter.com\/de\/wp-json\/wp\/v2\/product_brand?post=4095"},{"taxonomy":"product_cat","embeddable":true,"href":"https:\/\/lyfilter.com\/de\/wp-json\/wp\/v2\/product_cat?post=4095"},{"taxonomy":"product_tag","embeddable":true,"href":"https:\/\/lyfilter.com\/de\/wp-json\/wp\/v2\/product_tag?post=4095"}],"curies":[{"name":"wp","href":"https:\/\/api.w.org\/{rel}","templated":true}]}}