{"id":4087,"date":"2026-04-03T08:31:02","date_gmt":"2026-04-03T08:31:02","guid":{"rendered":"https:\/\/lyfilter.com\/"},"modified":"2026-04-03T08:31:02","modified_gmt":"2026-04-03T08:31:02","slug":"stainless-steel-bag-filter-manufacturing-for-beverage-industry","status":"publish","type":"product","link":"https:\/\/lyfilter.com\/de\/stainless-steel-bag-filter-manufacturing-for-beverage-industry\/","title":{"rendered":"Edelstahlbeutel-Filterherstellung f\u00fcr die Getr\u00e4nkeindustrie"},"content":{"rendered":"<p data-start=\"361\" data-end=\"628\">Dieser Beutelfilter aus Edelstahl wurde f\u00fcr die Getr\u00e4nkeverarbeitung entwickelt und unterst\u00fctzt einen sauberen Fl\u00fcssigkeitsstrom, eine zuverl\u00e4ssige Partikelabscheidung und eine reibungslose t\u00e4gliche Produktion. Seine robuste Struktur sorgt f\u00fcr eine stabile Filtration und reduziert den Wartungsaufwand.<\/p>\n<p data-start=\"630\" data-end=\"902\" data-is-last-node=\"\" data-is-only-node=\"\">","protected":false},"excerpt":{"rendered":"<table>\n<thead>\n<tr>\n<th>Artikel<\/th>\n<th>Wert<\/th>\n<th>Artikel<\/th>\n<th>Wert<\/th>\n<\/tr>\n<\/thead>\n<tbody>\n<tr>\n<td>Ort der Herkunft<\/td>\n<td>Guangdong, China<\/td>\n<td>Markenname<\/td>\n<td>Lvyuan, OEM, ODM<\/td>\n<\/tr>\n<tr>\n<td>Material<\/td>\n<td>sus304; sus316<\/td>\n<td>Gewicht<\/td>\n<td>angepasst<\/td>\n<\/tr>\n<tr>\n<td>Gr\u00f6\u00dfe<\/td>\n<td>angepasst<\/td>\n<td>Strom<\/td>\n<td>0<\/td>\n<\/tr>\n<tr>\n<td>Garantie<\/td>\n<td>Nicht verf\u00fcgbar<\/td>\n<td>Merkmal<\/td>\n<td>leicht zu installieren<\/td>\n<\/tr>\n<tr>\n<td>Zertifizierung<\/td>\n<td>SGS<\/td>\n<td>Form<\/td>\n<td>Zylinder<\/td>\n<\/tr>\n<tr>\n<td>Verwendung<\/td>\n<td>Wasserfiltration<\/td>\n<td>Anmeldung<\/td>\n<td>Industrie<\/td>\n<\/tr>\n<tr>\n<td>Oberfl\u00e4che<\/td>\n<td>poliert<\/td>\n<td>Modell<\/td>\n<td>BFH-02<\/td>\n<\/tr>\n<tr>\n<td>Rohmaterial<\/td>\n<td>rostfreier Stahl<\/td>\n<td>Arbeitsdruck<\/td>\n<td>150Psi<\/td>\n<\/tr>\n<tr>\n<td>Filtersackmaterial<\/td>\n<td>PE\/Edelstahl\/pp<\/td>\n<td>After-Sales-Service<\/td>\n<td>Online-Unterst\u00fctzung<\/td>\n<\/tr>\n<tr>\n<td>Verkaufende Einheiten<\/td>\n<td>Einzelnes Element<\/td>\n<td>Einzelne Packungsgr\u00f6\u00dfe<\/td>\n<td>35X35X70 cm<\/td>\n<\/tr>\n<tr>\n<td>Einfaches Bruttogewicht<\/td>\n<td>18.500 kg<\/td>\n<td>Paket Typ<\/td>\n<td>Pappschachtel und Holzkiste<\/td>\n<\/tr>\n<tr>\n<td>Vorlaufzeit<\/td>\n<td>1 - 10: 15 Tage; 11 - 50: 25 Tage; 51 - 100: 35 Tage; &gt;100: zu verhandeln<\/td>\n<td><\/td>\n<td><\/td>\n<\/tr>\n<\/tbody>\n<\/table>","protected":false},"featured_media":4093,"comment_status":"open","ping_status":"closed","template":"","meta":{"_gspb_post_css":""},"product_brand":[],"product_cat":[1135],"product_tag":[1425,1138,1426,1070,1320,34],"class_list":{"0":"post-4087","1":"product","2":"type-product","3":"status-publish","4":"has-post-thumbnail","6":"product_cat-stainless-steel-bag-filter-housing","7":"product_tag-beverage-industry-filter","8":"product_tag-beverage-processing-filter","9":"product_tag-industrial-bag-filter","10":"product_tag-liquid-filtration-system","11":"product_tag-stainless-steel-bag-filter","12":"product_tag-stainless-steel-filter-housing","14":"first","15":"instock","16":"shipping-taxable","17":"product-type-simple"},"_links":{"self":[{"href":"https:\/\/lyfilter.com\/de\/wp-json\/wp\/v2\/product\/4087","targetHints":{"allow":["GET"]}}],"collection":[{"href":"https:\/\/lyfilter.com\/de\/wp-json\/wp\/v2\/product"}],"about":[{"href":"https:\/\/lyfilter.com\/de\/wp-json\/wp\/v2\/types\/product"}],"replies":[{"embeddable":true,"href":"https:\/\/lyfilter.com\/de\/wp-json\/wp\/v2\/comments?post=4087"}],"wp:featuredmedia":[{"embeddable":true,"href":"https:\/\/lyfilter.com\/de\/wp-json\/wp\/v2\/media\/4093"}],"wp:attachment":[{"href":"https:\/\/lyfilter.com\/de\/wp-json\/wp\/v2\/media?parent=4087"}],"wp:term":[{"taxonomy":"product_brand","embeddable":true,"href":"https:\/\/lyfilter.com\/de\/wp-json\/wp\/v2\/product_brand?post=4087"},{"taxonomy":"product_cat","embeddable":true,"href":"https:\/\/lyfilter.com\/de\/wp-json\/wp\/v2\/product_cat?post=4087"},{"taxonomy":"product_tag","embeddable":true,"href":"https:\/\/lyfilter.com\/de\/wp-json\/wp\/v2\/product_tag?post=4087"}],"curies":[{"name":"wp","href":"https:\/\/api.w.org\/{rel}","templated":true}]}}