{"id":4084,"date":"2026-04-03T08:28:20","date_gmt":"2026-04-03T08:28:20","guid":{"rendered":"https:\/\/lyfilter.com\/"},"modified":"2026-04-24T23:46:15","modified_gmt":"2026-04-24T23:46:15","slug":"sewage-equipment-machine-water-purification-systems","status":"publish","type":"product","link":"https:\/\/lyfilter.com\/de\/sewage-equipment-machine-water-purification-systems\/","title":{"rendered":"Kanalisationsausr\u00fcstung Maschine\/Wasserreinigungssysteme"},"content":{"rendered":"<p>Diese f\u00fcr die Abwasserbehandlung konzipierte Maschine unterst\u00fctzt eine sauberere Verarbeitung, einen gleichm\u00e4\u00dfigen Durchfluss und eine zuverl\u00e4ssige Reinigung. Sie hilft den Kl\u00e4ranlagen, die Wasserqualit\u00e4t mit dauerhafter Leistung und einem reibungsloseren t\u00e4glichen Betrieb vor Ort zu verwalten.<\/p>","protected":false},"excerpt":{"rendered":"<table>\n<thead>\n<tr>\n<th>Artikel<\/th>\n<th>Wert<\/th>\n<th>Artikel<\/th>\n<th>Wert<\/th>\n<\/tr>\n<\/thead>\n<tbody>\n<tr>\n<td>Anwendbare Industrien<\/td>\n<td>Hotels; Lebensmittel- und Getr\u00e4nkehersteller; Bauernh\u00f6fe; Restaurants; Lebensmittelgesch\u00e4fte; Energie und Bergbau; Lebensmittel- und Getr\u00e4nkel\u00e4den<\/td>\n<td>Service nach der Garantie<\/td>\n<td>Technische Unterst\u00fctzung per Video<\/td>\n<\/tr>\n<tr>\n<td>Lokaler Dienstort<\/td>\n<td>keine<\/td>\n<td>Standort des Ausstellungsraums<\/td>\n<td>keine<\/td>\n<\/tr>\n<tr>\n<td>Video-Ausgangsinspektion<\/td>\n<td>Zur Verf\u00fcgung gestellt<\/td>\n<td>Maschinen-Testbericht<\/td>\n<td>Nicht verf\u00fcgbar<\/td>\n<\/tr>\n<tr>\n<td>Marketing-Typ<\/td>\n<td>Hei\u00dfes Produkt 2019<\/td>\n<td>Garantie f\u00fcr Kernkomponenten<\/td>\n<td>1 Jahr<\/td>\n<\/tr>\n<tr>\n<td>Ort der Herkunft<\/td>\n<td>Guangdong, China<\/td>\n<td>Markenname<\/td>\n<td>Guangzhou Lvyuan<\/td>\n<\/tr>\n<tr>\n<td>Garantie<\/td>\n<td>1 Jahr<\/td>\n<td>After-Sales-Service<\/td>\n<td>Technische Unterst\u00fctzung per Video<\/td>\n<\/tr>\n<tr>\n<td>Artikel<\/td>\n<td>MBR-Abwasseraufbereitungsanlage<\/td>\n<td>B\u00fcrgschaft<\/td>\n<td>Elektrisches Teil f\u00fcr ein Jahr<\/td>\n<\/tr>\n<tr>\n<td>Zertifizierung<\/td>\n<td>BV<\/td>\n<td>Technologietransfer 1<\/td>\n<td>Membrantrennverfahren<\/td>\n<\/tr>\n<tr>\n<td>Technologietransfer 2<\/td>\n<td>biologische Behandlungstechnik<\/td>\n<td>Technologietransfer 3<\/td>\n<td>Alpha-Membran-Modul<\/td>\n<\/tr>\n<tr>\n<td>dauerhaft<\/td>\n<td>Lange Lebensdauer<\/td>\n<td>Betrieb<\/td>\n<td>Einfach<\/td>\n<\/tr>\n<tr>\n<td>Wartung<\/td>\n<td>bequem<\/td>\n<td>Qualit\u00e4t<\/td>\n<td>hohes Niveau<\/td>\n<\/tr>\n<tr>\n<td>Kernkomponenten<\/td>\n<td>Elektronisches Teil<\/td>\n<td>Lieferf\u00e4higkeit<\/td>\n<td>5 St\u00fcck\/St\u00fcck pro Monat<\/td>\n<\/tr>\n<\/tbody>\n<\/table>","protected":false},"featured_media":4086,"comment_status":"open","ping_status":"closed","template":"","meta":{"_gspb_post_css":""},"product_brand":[],"product_cat":[1147],"product_tag":[636,1423,1420,1424,1422,1421],"class_list":{"0":"post-4084","1":"product","2":"type-product","3":"status-publish","4":"has-post-thumbnail","6":"product_cat-waste-water-treatment-plant","7":"product_tag-industrial-water-treatment","8":"product_tag-purification-system-machine","9":"product_tag-sewage-equipment-machine","10":"product_tag-sewage-treatment-machine","11":"product_tag-wastewater-treatment-equipment","12":"product_tag-water-purification-systems","14":"first","15":"instock","16":"shipping-taxable","17":"product-type-simple"},"_links":{"self":[{"href":"https:\/\/lyfilter.com\/de\/wp-json\/wp\/v2\/product\/4084","targetHints":{"allow":["GET"]}}],"collection":[{"href":"https:\/\/lyfilter.com\/de\/wp-json\/wp\/v2\/product"}],"about":[{"href":"https:\/\/lyfilter.com\/de\/wp-json\/wp\/v2\/types\/product"}],"replies":[{"embeddable":true,"href":"https:\/\/lyfilter.com\/de\/wp-json\/wp\/v2\/comments?post=4084"}],"wp:featuredmedia":[{"embeddable":true,"href":"https:\/\/lyfilter.com\/de\/wp-json\/wp\/v2\/media\/4086"}],"wp:attachment":[{"href":"https:\/\/lyfilter.com\/de\/wp-json\/wp\/v2\/media?parent=4084"}],"wp:term":[{"taxonomy":"product_brand","embeddable":true,"href":"https:\/\/lyfilter.com\/de\/wp-json\/wp\/v2\/product_brand?post=4084"},{"taxonomy":"product_cat","embeddable":true,"href":"https:\/\/lyfilter.com\/de\/wp-json\/wp\/v2\/product_cat?post=4084"},{"taxonomy":"product_tag","embeddable":true,"href":"https:\/\/lyfilter.com\/de\/wp-json\/wp\/v2\/product_tag?post=4084"}],"curies":[{"name":"wp","href":"https:\/\/api.w.org\/{rel}","templated":true}]}}