{"id":4063,"date":"2026-04-03T08:15:55","date_gmt":"2026-04-03T08:15:55","guid":{"rendered":"https:\/\/lyfilter.com\/"},"modified":"2026-04-03T08:15:55","modified_gmt":"2026-04-03T08:15:55","slug":"hot-sale-sintered-ss-filters-sintered-ss-filters-company","status":"publish","type":"product","link":"https:\/\/lyfilter.com\/de\/hot-sale-sintered-ss-filters-sintered-ss-filters-company\/","title":{"rendered":"Hei\u00dfer Verkauf von Sintered SS Filtern Sintered SS Filters Company"},"content":{"rendered":"<p><b>Produktdetails der gesinterten Edelstahlfilter<\/b><\/p>\n<p>&nbsp;<\/p>\n<p><b>Informationen zum Produkt<\/b><\/p>\n<p>Das Design der Sinter-SS-Filter ist sehr innovativ und folgt den neuesten Designtrends in der Branche. Jedes St\u00fcck des Produkts wird streng nach dem internationalen Qualit\u00e4tssystem gepr\u00fcft. Jeder Kunde ist wichtig f\u00fcr Guangzhou Lvyuan Water Purification Equipment Co, Ltd.<\/p>\n<div class=\"pro_aliData\">\n<div class=\"detail-box\">\n<div class=\"scc-wrapper detail-module module-cspu\" data-module=\"cspu\"><\/div>\n<div class=\"scc-wrapper detail-module module-productPackagingAndQuickDetail\" data-spm=\"prilinga1e\">\n<div class=\"widget-detail-overview\">\n<div class=\"do-title\">Diese f\u00fcr den industriellen Einsatz konzipierten Sintered SS-Filter kombinieren Korrosionsbest\u00e4ndigkeit, wiederverwendbare Festigkeit und zuverl\u00e4ssige Filtration. Sie helfen Unternehmen, Prozesse sauberer zu halten, Ausfallzeiten zu reduzieren und jeden Tag gleichbleibende Ergebnisse zu erzielen.<\/div>\n<\/div>\n<\/div>\n<\/div>\n<\/div>","protected":false},"excerpt":{"rendered":"<table>\n<thead>\n<tr>\n<th>Artikel<\/th>\n<th>Wert<\/th>\n<th>Artikel<\/th>\n<th>Wert<\/th>\n<\/tr>\n<\/thead>\n<tbody>\n<tr>\n<td>Service nach der Garantie<\/td>\n<td>Online-Unterst\u00fctzung<\/td>\n<td>Lokaler Dienstort<\/td>\n<td>keine<\/td>\n<\/tr>\n<tr>\n<td>Standort des Ausstellungsraums<\/td>\n<td>keine<\/td>\n<td>Video-Ausgangsinspektion<\/td>\n<td>Zur Verf\u00fcgung gestellt<\/td>\n<\/tr>\n<tr>\n<td>Maschinen-Testbericht<\/td>\n<td>Zur Verf\u00fcgung gestellt<\/td>\n<td>Marketing-Typ<\/td>\n<td>Gew\u00f6hnliches Produkt<\/td>\n<\/tr>\n<tr>\n<td>Garantie f\u00fcr Kernkomponenten<\/td>\n<td>1 Jahr<\/td>\n<td>Kernkomponenten<\/td>\n<td>Druckbeh\u00e4lter<\/td>\n<\/tr>\n<tr>\n<td>Ort der Herkunft<\/td>\n<td>Guangdong, China<\/td>\n<td>Markenname<\/td>\n<td>Lvyuan\/OEM<\/td>\n<\/tr>\n<tr>\n<td>Garantie<\/td>\n<td>1 Jahr<\/td>\n<td>After-Sales-Service<\/td>\n<td>Online-Unterst\u00fctzung<\/td>\n<\/tr>\n<tr>\n<td>Schl\u00fcsselw\u00f6rter<\/td>\n<td>gesinterte mikropor\u00f6se Filterung<\/td>\n<td>Durchmesser<\/td>\n<td>Nachfrage des Kunden<\/td>\n<\/tr>\n<tr>\n<td>Material<\/td>\n<td>rostfreier Stahl<\/td>\n<td>Form<\/td>\n<td>Zylinder<\/td>\n<\/tr>\n<tr>\n<td>Verwendung<\/td>\n<td>Wasseraufbereitung<\/td>\n<td>Anmeldung<\/td>\n<td>Industrie<\/td>\n<\/tr>\n<tr>\n<td>Farbe<\/td>\n<td>Band<\/td>\n<td>Verpacken<\/td>\n<td>Papierschachtel<\/td>\n<\/tr>\n<tr>\n<td>L\u00e4nge<\/td>\n<td>10\/20\/30\/40 Zoll<\/td>\n<td>Vorteil<\/td>\n<td>Wiederverwendung<\/td>\n<\/tr>\n<tr>\n<td>Lieferf\u00e4higkeit<\/td>\n<td>10000 St\u00fcck\/St\u00fcck pro Monat<\/td>\n<td><\/td>\n<td><\/td>\n<\/tr>\n<\/tbody>\n<\/table>","protected":false},"featured_media":4069,"comment_status":"open","ping_status":"closed","template":"","meta":{"_gspb_post_css":""},"product_brand":[],"product_cat":[18],"product_tag":[1071,1411,1208,1412,1410,1400],"class_list":{"0":"post-4063","1":"product","2":"type-product","3":"status-publish","4":"has-post-thumbnail","6":"product_cat-sintered-metal-filters","7":"product_tag-corrosion-resistant-filter","8":"product_tag-industrial-ss-filter","9":"product_tag-reusable-metal-filter","10":"product_tag-sintered-filter-company","11":"product_tag-sintered-ss-filters","12":"product_tag-sintered-stainless-steel-filter","14":"first","15":"instock","16":"shipping-taxable","17":"product-type-simple"},"_links":{"self":[{"href":"https:\/\/lyfilter.com\/de\/wp-json\/wp\/v2\/product\/4063","targetHints":{"allow":["GET"]}}],"collection":[{"href":"https:\/\/lyfilter.com\/de\/wp-json\/wp\/v2\/product"}],"about":[{"href":"https:\/\/lyfilter.com\/de\/wp-json\/wp\/v2\/types\/product"}],"replies":[{"embeddable":true,"href":"https:\/\/lyfilter.com\/de\/wp-json\/wp\/v2\/comments?post=4063"}],"wp:featuredmedia":[{"embeddable":true,"href":"https:\/\/lyfilter.com\/de\/wp-json\/wp\/v2\/media\/4069"}],"wp:attachment":[{"href":"https:\/\/lyfilter.com\/de\/wp-json\/wp\/v2\/media?parent=4063"}],"wp:term":[{"taxonomy":"product_brand","embeddable":true,"href":"https:\/\/lyfilter.com\/de\/wp-json\/wp\/v2\/product_brand?post=4063"},{"taxonomy":"product_cat","embeddable":true,"href":"https:\/\/lyfilter.com\/de\/wp-json\/wp\/v2\/product_cat?post=4063"},{"taxonomy":"product_tag","embeddable":true,"href":"https:\/\/lyfilter.com\/de\/wp-json\/wp\/v2\/product_tag?post=4063"}],"curies":[{"name":"wp","href":"https:\/\/api.w.org\/{rel}","templated":true}]}}