{"id":4058,"date":"2026-04-03T08:12:33","date_gmt":"2026-04-03T08:12:33","guid":{"rendered":"https:\/\/lyfilter.com\/"},"modified":"2026-04-03T08:12:33","modified_gmt":"2026-04-03T08:12:33","slug":"in-stock-high-precision-5-micron-metal-filter-element-for-machinery-repair-shops","status":"publish","type":"product","link":"https:\/\/lyfilter.com\/de\/in-stock-high-precision-5-micron-metal-filter-element-for-machinery-repair-shops\/","title":{"rendered":"Hochpr\u00e4zises 5-Mikron-Metallfilterelement f\u00fcr Maschinenreparaturwerkst\u00e4tten auf Lager"},"content":{"rendered":"<p>Dieses 5-Mikron-Metallfilterelement wurde f\u00fcr Maschinenreparaturwerkst\u00e4tten entwickelt und bietet eine pr\u00e4zise Filtration und einen gleichm\u00e4\u00dfigen Durchfluss zum Schutz der Ausr\u00fcstung. Die Verf\u00fcgbarkeit auf Lager macht es zu einer praktischen Wahl f\u00fcr schnellen Austausch und reibungslosen Service.<\/p>","protected":false},"excerpt":{"rendered":"<table>\n<thead>\n<tr>\n<th>Artikel<\/th>\n<th>Wert<\/th>\n<th>Artikel<\/th>\n<th>Wert<\/th>\n<\/tr>\n<\/thead>\n<tbody>\n<tr>\n<td>Zustand<\/td>\n<td>Neu<\/td>\n<td>Anwendbare Industrien<\/td>\n<td>Hotels; Bekleidungsgesch\u00e4fte; Baustoffgesch\u00e4fte; Fertigungsanlagen; Maschinenreparaturwerkst\u00e4tten; Lebensmittel- und Getr\u00e4nkefabriken; Bauernh\u00f6fe; Restaurants; Haushalte; Einzelhandel; Lebensmittelgesch\u00e4fte; Druckereien; Bauarbeiten; Energie und Bergbau; Lebensmittel- und Getr\u00e4nkehandel<\/td>\n<\/tr>\n<tr>\n<td>Service nach der Garantie<\/td>\n<td>Online-Unterst\u00fctzung<\/td>\n<td>Lokaler Dienstort<\/td>\n<td>keine<\/td>\n<\/tr>\n<tr>\n<td>Standort des Ausstellungsraums<\/td>\n<td>keine<\/td>\n<td>Video-Ausgangsinspektion<\/td>\n<td>Zur Verf\u00fcgung gestellt<\/td>\n<\/tr>\n<tr>\n<td>Maschinen-Testbericht<\/td>\n<td>Zur Verf\u00fcgung gestellt<\/td>\n<td>Marketing-Typ<\/td>\n<td>Gew\u00f6hnliches Produkt<\/td>\n<\/tr>\n<tr>\n<td>Garantie f\u00fcr Kernkomponenten<\/td>\n<td>1 Jahr<\/td>\n<td>Kernkomponenten<\/td>\n<td>Druckbeh\u00e4lter<\/td>\n<\/tr>\n<tr>\n<td>Ort der Herkunft<\/td>\n<td>Guangdong, China<\/td>\n<td>Markenname<\/td>\n<td>Lvyuan\/OEM<\/td>\n<\/tr>\n<tr>\n<td>Garantie<\/td>\n<td>1 Jahr<\/td>\n<td>After-Sales-Service<\/td>\n<td>Online-Unterst\u00fctzung<\/td>\n<\/tr>\n<tr>\n<td>Schl\u00fcsselw\u00f6rter<\/td>\n<td>5 Mikron Metall-Filterelement<\/td>\n<td>Durchmesser<\/td>\n<td>Nachfrage des Kunden<\/td>\n<\/tr>\n<tr>\n<td>Material<\/td>\n<td>rostfreier Stahl<\/td>\n<td>Form<\/td>\n<td>Zylinder<\/td>\n<\/tr>\n<tr>\n<td>Verwendung<\/td>\n<td>Wasseraufbereitung<\/td>\n<td>Anmeldung<\/td>\n<td>Industrie<\/td>\n<\/tr>\n<tr>\n<td>Farbe<\/td>\n<td>Band<\/td>\n<td>Verpacken<\/td>\n<td>Papierschachtel<\/td>\n<\/tr>\n<tr>\n<td>L\u00e4nge<\/td>\n<td>10\/20\/30\/40 Zoll<\/td>\n<td>Vorteil<\/td>\n<td>Wiederverwendung<\/td>\n<\/tr>\n<tr>\n<td>Lieferf\u00e4higkeit<\/td>\n<td>10000 St\u00fcck\/St\u00fcck pro Monat<\/td>\n<td><\/td>\n<td><\/td>\n<\/tr>\n<\/tbody>\n<\/table>","protected":false},"featured_media":4062,"comment_status":"open","ping_status":"closed","template":"","meta":{"_gspb_post_css":""},"product_brand":[],"product_cat":[1205],"product_tag":[1404,1406,1408,1409,1407,1405],"class_list":{"0":"post-4058","1":"product","2":"type-product","3":"status-publish","4":"has-post-thumbnail","6":"product_cat-stainless-steel-sintered-filter-cartridge","7":"product_tag-5-micron-metal-filter-element","8":"product_tag-high-precision-metal-filter","9":"product_tag-in-stock-metal-filter-element","10":"product_tag-industrial-metal-filter-part","11":"product_tag-machinery-repair-shop-filter","12":"product_tag-metal-filter-for-machinery-repair","14":"first","15":"instock","16":"shipping-taxable","17":"product-type-simple"},"_links":{"self":[{"href":"https:\/\/lyfilter.com\/de\/wp-json\/wp\/v2\/product\/4058","targetHints":{"allow":["GET"]}}],"collection":[{"href":"https:\/\/lyfilter.com\/de\/wp-json\/wp\/v2\/product"}],"about":[{"href":"https:\/\/lyfilter.com\/de\/wp-json\/wp\/v2\/types\/product"}],"replies":[{"embeddable":true,"href":"https:\/\/lyfilter.com\/de\/wp-json\/wp\/v2\/comments?post=4058"}],"wp:featuredmedia":[{"embeddable":true,"href":"https:\/\/lyfilter.com\/de\/wp-json\/wp\/v2\/media\/4062"}],"wp:attachment":[{"href":"https:\/\/lyfilter.com\/de\/wp-json\/wp\/v2\/media?parent=4058"}],"wp:term":[{"taxonomy":"product_brand","embeddable":true,"href":"https:\/\/lyfilter.com\/de\/wp-json\/wp\/v2\/product_brand?post=4058"},{"taxonomy":"product_cat","embeddable":true,"href":"https:\/\/lyfilter.com\/de\/wp-json\/wp\/v2\/product_cat?post=4058"},{"taxonomy":"product_tag","embeddable":true,"href":"https:\/\/lyfilter.com\/de\/wp-json\/wp\/v2\/product_tag?post=4058"}],"curies":[{"name":"wp","href":"https:\/\/api.w.org\/{rel}","templated":true}]}}