{"id":4053,"date":"2026-04-03T08:09:52","date_gmt":"2026-04-03T08:09:52","guid":{"rendered":"https:\/\/lyfilter.com\/"},"modified":"2026-04-24T23:46:37","modified_gmt":"2026-04-24T23:46:37","slug":"sintered-stainless-steel-filter-oem-by-lvyuan-filter","status":"publish","type":"product","link":"https:\/\/lyfilter.com\/de\/sintered-stainless-steel-filter-oem-by-lvyuan-filter\/","title":{"rendered":"Gesinterter Edelstahlfilter OEM von Lvyuan Filter"},"content":{"rendered":"<div class=\"J_module\">\n<div class=\"detail-decorate-json-renderer-container\">\n<div class=\"magic-0\">\n<h3 class=\"magic-1\" data-id=\"title0\">Gesinterte Kunststoff-Fl\u00fcssigkeitskartuschenfilter Industrielle Abwasser-, Gas- und Luftbehandlung<\/h3>\n<\/div>\n<\/div>\n<\/div>\n<div class=\"J_module\">\n<div class=\"detail-decorate-json-renderer-container\">\n<div class=\"magic-0\">\n<div class=\"magic-2\">\n<div class=\"magic-3\">\n<div class=\"magic-4\" data-id=\"paragraph0\">Lvyuan produziert eine breite Palette von\u00a0<a href=\"https:\/\/lyfilter.com\/de\/sintered-porous-plastic.html\/\">gesinterter por\u00f6ser Kunststoff<\/a>\u00a0Filterprodukte, einschlie\u00dflich por\u00f6sem PE, HDPE, PTFE, PVDF, PA, Nylon 6, Glasfasern in Form von Rohren, St\u00e4ben, Kerzen, Blechen, Platten, Scheiben, St\u00f6cken usw. Mit verschiedenen Filtrationsraten, Formen und Eigenschaften werden gesinterte por\u00f6se Kunststoff-Filterkerzen weithin in der Wasseraufbereitung, der chemischen Technik, der medizinischen Behandlung, der Automobilindustrie, dem Umweltschutz und anderen Industrien verwendet, wie z.B. \u00d6l-Wasser-Abscheider und Schalld\u00e4mpfer, Trunkenheit am Steuer, Blindstopfen f\u00fcr die mediale Behandlung, Sirup- und Fettfilterger\u00e4te, explosionsgesch\u00fctzte Scheiben f\u00fcr Industriebatterien, s\u00e4urefeste Scheiben f\u00fcr Autobatterien, Abwasserbehandlung, Wasserreinigungsfiltersysteme und vieles mehr. Lvyuan gesinterte por\u00f6se Platikfilter k\u00f6nnen die Anforderungen der verschiedenen Kunden erf\u00fcllen. Kundenspezifisch geformte Formen sind verf\u00fcgbar.<\/div>\n<\/div>\n<\/div>\n<\/div>\n<\/div>\n<\/div>\n<p>&nbsp;<\/p>\n<div class=\"J_module\">\n<div id=\"ali-anchor-AliMagic-9dmlpd\" class=\"magic-5\" data-section=\"AliMagic-9dmlpd\" data-section-title=\"Product Feature\">Produktmerkmal<\/div>\n<\/div>\n<div class=\"J_module\">\n<div class=\"detail-decorate-json-renderer-container\">\n<div class=\"magic-0\">\n<div class=\"magic-2\">\n<div class=\"magic-3\">\n<div class=\"magic-4\">1. Hohe Porosit\u00e4t, um einen gr\u00f6\u00dferen Durchfluss pro Fl\u00e4cheneinheit zu gew\u00e4hrleisten; 2. glatte \u00e4u\u00dfere Oberfl\u00e4che, Verunreinigungen sind nicht leicht zu haften, R\u00fccksp\u00fclung einfach und gr\u00fcndlich; 3. Anti-Fouling-F\u00e4higkeit: die geringe Gr\u00f6\u00dfe des Filters, so dass Verunreinigungen nicht in den Filterk\u00f6rper zur\u00fcckgehalten werden k\u00f6nnen; 4. Best\u00e4ndigkeit gegen starke S\u00e4ure, Alkali Korrosion, Best\u00e4ndigkeit gegen organische L\u00f6sungsmittel; 5. hervorragende mechanische Eigenschaften; 6. keine Partikelfreisetzung. 7. Breite Produktpalette und breiter Anwendungsbereich<\/div>\n<\/div>\n<\/div>\n<\/div>\n<\/div>\n<\/div>","protected":false},"excerpt":{"rendered":"<table>\n<thead>\n<tr>\n<th>Artikel<\/th>\n<th>Wert<\/th>\n<th>Artikel<\/th>\n<th>Wert<\/th>\n<\/tr>\n<\/thead>\n<tbody>\n<tr>\n<td>Start Hafen<\/td>\n<td>Guangzhou<\/td>\n<td>Zahlung<\/td>\n<td>T\/T; Alibaba Trade Assurance; PayPal (<a title=\"Trade Assurance sch\u00fctzt Ihre Bestellungen bei Alibaba.com\" href=\"https:\/\/tradeassurance.alibaba.com\/?utm_source=chatgpt.com\">tradeassurance.alibaba.com<\/a>)<\/td>\n<\/tr>\n<tr>\n<td>Lieferfrist<\/td>\n<td>Innerhalb von 7 Arbeitstagen<\/td>\n<td>Marke<\/td>\n<td>OEM\/Lvyuan<\/td>\n<\/tr>\n<\/tbody>\n<\/table>\n<table>\n<thead>\n<tr>\n<th>Artikel<\/th>\n<th>Wert<\/th>\n<th>Artikel<\/th>\n<th>Wert<\/th>\n<\/tr>\n<\/thead>\n<tbody>\n<tr>\n<td>Filtermedien<\/td>\n<td>PE; HDPE; PTFE; PVDF; PA\/Nylon usw.<\/td>\n<td>Mikron-Rate<\/td>\n<td>0,2um; 0,5um; 1um; 3um; 5um; 10um; 25um; 30um; 50um; 75um; 100um; etc<\/td>\n<\/tr>\n<tr>\n<td>Referenzma\u00df (mm)<\/td>\n<td>31x12x1000; 31x20x1000; 38x20x1000; 38x18x1000; 38x20x1200; 38x20x1300; 38x20x150; 38x20x400; 38x20x250; 38x20x200; 38x20x180; 38x20x150; 50x20x1000; 50x31x1000; 50x38x1000; 65x31x1000; 65x38x1000; 64x44x1000; 78x62x750mm; etc<\/td>\n<td>Steckertyp<\/td>\n<td>DOE; SOE; Flach; Einsatz; Gewinde; 226; 222; 215; M36; M30; M27; M25; M22; M14; M12; oder auf Anfrage<\/td>\n<\/tr>\n<tr>\n<td>Max. Betriebstemperatur<\/td>\n<td>PE \u226482\u2103; PTFE \u2265200\u2103; PA \u2264120\u2103<\/td>\n<td><\/td>\n<td><\/td>\n<\/tr>\n<\/tbody>\n<\/table>","protected":false},"featured_media":4054,"comment_status":"open","ping_status":"closed","template":"","meta":{"_gspb_post_css":""},"product_brand":[],"product_cat":[24],"product_tag":[1071,1402,1399,1401,1403,1400],"class_list":{"0":"post-4053","1":"product","2":"type-product","3":"status-publish","4":"has-post-thumbnail","6":"product_cat-sintered-porous-plastic","7":"product_tag-corrosion-resistant-filter","8":"product_tag-industrial-metal-filter","9":"product_tag-lvyuan-sintered-stainless-steel-filter","10":"product_tag-oem-stainless-steel-filter","11":"product_tag-reusable-filtration-filter","12":"product_tag-sintered-stainless-steel-filter","14":"first","15":"instock","16":"shipping-taxable","17":"product-type-simple"},"_links":{"self":[{"href":"https:\/\/lyfilter.com\/de\/wp-json\/wp\/v2\/product\/4053","targetHints":{"allow":["GET"]}}],"collection":[{"href":"https:\/\/lyfilter.com\/de\/wp-json\/wp\/v2\/product"}],"about":[{"href":"https:\/\/lyfilter.com\/de\/wp-json\/wp\/v2\/types\/product"}],"replies":[{"embeddable":true,"href":"https:\/\/lyfilter.com\/de\/wp-json\/wp\/v2\/comments?post=4053"}],"wp:featuredmedia":[{"embeddable":true,"href":"https:\/\/lyfilter.com\/de\/wp-json\/wp\/v2\/media\/4054"}],"wp:attachment":[{"href":"https:\/\/lyfilter.com\/de\/wp-json\/wp\/v2\/media?parent=4053"}],"wp:term":[{"taxonomy":"product_brand","embeddable":true,"href":"https:\/\/lyfilter.com\/de\/wp-json\/wp\/v2\/product_brand?post=4053"},{"taxonomy":"product_cat","embeddable":true,"href":"https:\/\/lyfilter.com\/de\/wp-json\/wp\/v2\/product_cat?post=4053"},{"taxonomy":"product_tag","embeddable":true,"href":"https:\/\/lyfilter.com\/de\/wp-json\/wp\/v2\/product_tag?post=4053"}],"curies":[{"name":"wp","href":"https:\/\/api.w.org\/{rel}","templated":true}]}}