{"id":4046,"date":"2026-04-03T08:04:43","date_gmt":"2026-04-03T08:04:43","guid":{"rendered":"https:\/\/lyfilter.com\/"},"modified":"2026-04-03T08:04:43","modified_gmt":"2026-04-03T08:04:43","slug":"factory-price-solid-perfume-tablet-car-perfume-tablet-parfum-tablets","status":"publish","type":"product","link":"https:\/\/lyfilter.com\/de\/factory-price-solid-perfume-tablet-car-perfume-tablet-parfum-tablets\/","title":{"rendered":"Fabrikpreis Solide Parf\u00fcm Tablette Auto Parf\u00fcm Tablette Parf\u00fcm Tabletten"},"content":{"rendered":"<p>Diese festen Parf\u00fcmtabletten wurden f\u00fcr Autofahrer entwickelt, die ein einfaches Duft-Upgrade w\u00fcnschen. Sie lassen sich leicht im Auto verstauen und tragen dazu bei, dass sich der Innenraum bei t\u00e4glichen Fahrten frisch, einladend und komfortabel anf\u00fchlt.<\/p>","protected":false},"excerpt":{"rendered":"<table>\n<thead>\n<tr>\n<th>Artikel<\/th>\n<th>Wert<\/th>\n<th>Artikel<\/th>\n<th>Wert<\/th>\n<\/tr>\n<\/thead>\n<tbody>\n<tr>\n<td>Gr\u00f6\u00dfe<\/td>\n<td>Benutzerdefinierte Gr\u00f6\u00dfe<\/td>\n<td>Typ<\/td>\n<td>Aerosolspray<\/td>\n<\/tr>\n<tr>\n<td>Ort der Herkunft<\/td>\n<td>Guangdong, China<\/td>\n<td>Markenname<\/td>\n<td>OEM<\/td>\n<\/tr>\n<tr>\n<td>Modellnummer<\/td>\n<td>LV01<\/td>\n<td>Name<\/td>\n<td>Autolufterfrischer<\/td>\n<\/tr>\n<tr>\n<td>Material<\/td>\n<td>Kunststoff PE<\/td>\n<td>Verwendung<\/td>\n<td>Lufterfrischer<\/td>\n<\/tr>\n<tr>\n<td>Farbe<\/td>\n<td>Wei\u00df<\/td>\n<td>Verpacken<\/td>\n<td>1St\u00fcck\/Beutel<\/td>\n<\/tr>\n<tr>\n<td>Merkmal<\/td>\n<td>Umweltfreundlicher Auto-Lufterfrischer<\/td>\n<td>Geruch<\/td>\n<td>Lavendel; Ozean; Zitrone; Eau de Cologne; Mangetic<\/td>\n<\/tr>\n<tr>\n<td>MOQ<\/td>\n<td>1 Satz<\/td>\n<td>ZAHLUNGSBEDINGUNGEN<\/td>\n<td>Handelsgarantie; PayPal; T\/T<\/td>\n<\/tr>\n<tr>\n<td>Vorlaufzeit<\/td>\n<td>3-10 Tage<\/td>\n<td>Verkaufende Einheiten<\/td>\n<td>Einzelnes Element<\/td>\n<\/tr>\n<tr>\n<td>Einzelne Packungsgr\u00f6\u00dfe<\/td>\n<td>35X15X15 cm<\/td>\n<td>Einfaches Bruttogewicht<\/td>\n<td>2.000 kg<\/td>\n<\/tr>\n<tr>\n<td>Paket Typ<\/td>\n<td>End ca\/p 334 einzigen oring 131mm Durchmesser 10 Zoll Jumbo hohen Durchfluss Aktivkohle-Block Wasser-Filter-Patrone f\u00fcr cto Filter Polybeutel und Kartonage Lieber Freund, k\u00f6nnen wir verschiedene Gr\u00f6\u00dfe der Aktivkohle-Filter, senden Sie bitte Anfrage an f\u00fcr den besten Preis. Danke.<\/td>\n<td>Vorlaufzeit (Verpackung &amp; Lieferung)<\/td>\n<td>1 - 10000: 15 Tage; &gt;10000: zu verhandeln<\/td>\n<\/tr>\n<tr>\n<td>Produkttitel<\/td>\n<td>Fabrikpreis feste Parf\u00fcm Tablette Auto Parf\u00fcm Tablette Parf\u00fcm Tabletten<\/td>\n<td><\/td>\n<td><\/td>\n<\/tr>\n<\/tbody>\n<\/table>","protected":false},"featured_media":4052,"comment_status":"open","ping_status":"closed","template":"","meta":{"_gspb_post_css":""},"product_brand":[],"product_cat":[15],"product_tag":[1396,1394,1397,1398,1395,1393],"class_list":{"0":"post-4046","1":"product","2":"type-product","3":"status-publish","4":"has-post-thumbnail","6":"product_cat-stainless-steel-filter-housing","7":"product_tag-car-air-freshener-tablet","8":"product_tag-car-perfume-tablet","9":"product_tag-factory-price-perfume-tablet","10":"product_tag-long-lasting-car-fragrance","11":"product_tag-parfum-tablets","12":"product_tag-solid-perfume-tablet","14":"first","15":"instock","16":"shipping-taxable","17":"product-type-simple"},"_links":{"self":[{"href":"https:\/\/lyfilter.com\/de\/wp-json\/wp\/v2\/product\/4046","targetHints":{"allow":["GET"]}}],"collection":[{"href":"https:\/\/lyfilter.com\/de\/wp-json\/wp\/v2\/product"}],"about":[{"href":"https:\/\/lyfilter.com\/de\/wp-json\/wp\/v2\/types\/product"}],"replies":[{"embeddable":true,"href":"https:\/\/lyfilter.com\/de\/wp-json\/wp\/v2\/comments?post=4046"}],"wp:featuredmedia":[{"embeddable":true,"href":"https:\/\/lyfilter.com\/de\/wp-json\/wp\/v2\/media\/4052"}],"wp:attachment":[{"href":"https:\/\/lyfilter.com\/de\/wp-json\/wp\/v2\/media?parent=4046"}],"wp:term":[{"taxonomy":"product_brand","embeddable":true,"href":"https:\/\/lyfilter.com\/de\/wp-json\/wp\/v2\/product_brand?post=4046"},{"taxonomy":"product_cat","embeddable":true,"href":"https:\/\/lyfilter.com\/de\/wp-json\/wp\/v2\/product_cat?post=4046"},{"taxonomy":"product_tag","embeddable":true,"href":"https:\/\/lyfilter.com\/de\/wp-json\/wp\/v2\/product_tag?post=4046"}],"curies":[{"name":"wp","href":"https:\/\/api.w.org\/{rel}","templated":true}]}}