{"id":4022,"date":"2026-04-03T07:45:41","date_gmt":"2026-04-03T07:45:41","guid":{"rendered":"https:\/\/lyfilter.com\/"},"modified":"2026-04-03T07:45:41","modified_gmt":"2026-04-03T07:45:41","slug":"factory-supply-large-capacity-ss304-ss316-stainless-steel-liquid-cartridge-filter-housing-filter-water","status":"publish","type":"product","link":"https:\/\/lyfilter.com\/de\/factory-supply-large-capacity-ss304-ss316-stainless-steel-liquid-cartridge-filter-housing-filter-water\/","title":{"rendered":"Factory Supply gro\u00dfe Kapazit\u00e4t SS304 SS316 Edelstahl Fl\u00fcssigkeit Patrone Filtergeh\u00e4use Filter Wasser"},"content":{"rendered":"<p>Dieses Edelstahl-Kerzenfiltergeh\u00e4use mit gro\u00dfer Kapazit\u00e4t wurde f\u00fcr eine zuverl\u00e4ssige Wasserfiltration entwickelt und besteht aus SS304 und SS316, um einen sauberen Durchfluss, eine lange Lebensdauer und eine stabile Leistung in anspruchsvollen industriellen Umgebungen zu gew\u00e4hrleisten.<\/p>","protected":false},"excerpt":{"rendered":"<table>\n<thead>\n<tr>\n<th>Artikel<\/th>\n<th>Wert<\/th>\n<th>Artikel<\/th>\n<th>Wert<\/th>\n<\/tr>\n<\/thead>\n<tbody>\n<tr>\n<td>Anwendbare Industrien<\/td>\n<td>Produktionsanlage; Lebensmittel- und Getr\u00e4nkefabrik; Wasseraufbereitung<\/td>\n<td>Ort der Herkunft<\/td>\n<td>Guangdong, China<\/td>\n<\/tr>\n<tr>\n<td>Markenname<\/td>\n<td>Lvyuan, OEM, ODM<\/td>\n<td>Material<\/td>\n<td>Edelstahl 304\/316<\/td>\n<\/tr>\n<tr>\n<td>Gewicht<\/td>\n<td>angepasst<\/td>\n<td>Gr\u00f6\u00dfe<\/td>\n<td>angepasst; 10\u201d; 20\u201d; 30\u201d; 40\u201d<\/td>\n<\/tr>\n<tr>\n<td>Strom<\/td>\n<td>0<\/td>\n<td>Garantie<\/td>\n<td>Nicht verf\u00fcgbar<\/td>\n<\/tr>\n<tr>\n<td>Merkmal<\/td>\n<td>leicht zu installieren<\/td>\n<td>Zertifizierung<\/td>\n<td>SGS<\/td>\n<\/tr>\n<tr>\n<td>Material<\/td>\n<td>SS304\/SS316<\/td>\n<td>Verwendung<\/td>\n<td>Wasserfiltration<\/td>\n<\/tr>\n<tr>\n<td>Anmeldung<\/td>\n<td>Industrie<\/td>\n<td>Oberfl\u00e4che<\/td>\n<td>poliert<\/td>\n<\/tr>\n<tr>\n<td>Modell<\/td>\n<td>LY02<\/td>\n<td>Rohmaterial<\/td>\n<td>rostfreier Stahl<\/td>\n<\/tr>\n<tr>\n<td>Arbeitsdruck<\/td>\n<td>150Psi<\/td>\n<td>After-Sales-Service<\/td>\n<td>Online-Unterst\u00fctzung<\/td>\n<\/tr>\n<\/tbody>\n<\/table>","protected":false},"featured_media":4023,"comment_status":"open","ping_status":"closed","template":"","meta":{"_gspb_post_css":""},"product_brand":[],"product_cat":[15],"product_tag":[1378,1264,1377,681,1376,34],"class_list":{"0":"post-4022","1":"product","2":"type-product","3":"status-publish","4":"has-post-thumbnail","6":"product_cat-stainless-steel-filter-housing","7":"product_tag-factory-supply-water-filter","8":"product_tag-industrial-water-filter-housing","9":"product_tag-large-capacity-filter-housing","10":"product_tag-liquid-cartridge-filter","11":"product_tag-ss304-ss316-filter-housing","12":"product_tag-stainless-steel-filter-housing","14":"first","15":"instock","16":"shipping-taxable","17":"product-type-simple"},"_links":{"self":[{"href":"https:\/\/lyfilter.com\/de\/wp-json\/wp\/v2\/product\/4022","targetHints":{"allow":["GET"]}}],"collection":[{"href":"https:\/\/lyfilter.com\/de\/wp-json\/wp\/v2\/product"}],"about":[{"href":"https:\/\/lyfilter.com\/de\/wp-json\/wp\/v2\/types\/product"}],"replies":[{"embeddable":true,"href":"https:\/\/lyfilter.com\/de\/wp-json\/wp\/v2\/comments?post=4022"}],"wp:featuredmedia":[{"embeddable":true,"href":"https:\/\/lyfilter.com\/de\/wp-json\/wp\/v2\/media\/4023"}],"wp:attachment":[{"href":"https:\/\/lyfilter.com\/de\/wp-json\/wp\/v2\/media?parent=4022"}],"wp:term":[{"taxonomy":"product_brand","embeddable":true,"href":"https:\/\/lyfilter.com\/de\/wp-json\/wp\/v2\/product_brand?post=4022"},{"taxonomy":"product_cat","embeddable":true,"href":"https:\/\/lyfilter.com\/de\/wp-json\/wp\/v2\/product_cat?post=4022"},{"taxonomy":"product_tag","embeddable":true,"href":"https:\/\/lyfilter.com\/de\/wp-json\/wp\/v2\/product_tag?post=4022"}],"curies":[{"name":"wp","href":"https:\/\/api.w.org\/{rel}","templated":true}]}}