{"id":4019,"date":"2026-04-03T07:41:22","date_gmt":"2026-04-03T07:41:22","guid":{"rendered":"https:\/\/lyfilter.com\/"},"modified":"2026-04-03T07:41:22","modified_gmt":"2026-04-03T07:41:22","slug":"5-10-micron-sus304-40-inch-single-cartridge-filter-housing","status":"publish","type":"product","link":"https:\/\/lyfilter.com\/de\/5-10-micron-sus304-40-inch-single-cartridge-filter-housing\/","title":{"rendered":"5 10 Mikron SUS304 40 Zoll Einzelpatronenfiltergeh\u00e4use"},"content":{"rendered":"<div class=\"icbu-pc-images magic-1\">\n<div class=\"flex-layout-v\">\n<div class=\"flex-layout-h magic-1\">\n<div class=\"magic-2\"><strong>SS Edelstahl 304 316L 10 20 30 40 Zoll Einzelpatronenfiltergeh\u00e4use<\/strong><\/div>\n<div class=\"magic-2\"><\/div>\n<div class=\"magic-2\">SS Edelstahl 304 316L 10 20 30 40 Zoll Einzelfiltergeh\u00e4use mit gewickeltem Patronenfilter 5 10 Mikron<\/div>\n<\/div>\n<\/div>\n<\/div>\n<div class=\"detail-decorate-json-renderer-container\">\n<div class=\"magic-4\">\n<div class=\"magic-8\">\n<div class=\"magic-9\">\n<div class=\"magic-10\">\n<p class=\"magic-11\">LVYUAN Edelstahl-Patronenfiltergeh\u00e4use bieten eine breite Palette von Durchflusskapazit\u00e4ten und Schmutzaufnahmekapazit\u00e4ten.<\/p>\n<p class=\"magic-11\">Patronenfilter werden normalerweise in fast allen Prozessindustrien als Polierfilter verwendet. Patronenfilter sind aus einem Filtergeh\u00e4use aufgebaut,<\/p>\n<p class=\"magic-11\">Filterpatronen, Rohrboden, positive Dichtungsanordnung f\u00fcr Patronen je nach Patronentyp &amp; Wahl der Endanschl\u00fcsse. Positive Dichtungsanordnung f\u00fcr Patronenfilter gew\u00e4hrleistet keine Partikel- oder Fasermigration, auch nicht bei hohen Differenzdr\u00fccken.<\/p>\n<\/div>\n<\/div>\n<\/div>\n<\/div>\n<\/div>\n<div class=\"detail-decorate-json-renderer-container\">\n<div class=\"magic-4\">\n<h3 class=\"magic-26\">Merkmale:<\/h3>\n<div class=\"magic-8\">\n<div class=\"magic-9\">\n<div class=\"magic-10\">\n<p class=\"magic-11\">1. Einlass &amp; Auslass Gr\u00f6\u00dfe ist 1\/2\u2033, 3\/4\u2033. 1\u2033 f\u00fcr einfache Installation.<\/p>\n<p class=\"magic-11\">2. Arbeitsdruck 8kg\/0.8Mpa, 10kg\/1Mpa wird unterst\u00fctzt.<\/p>\n<p class=\"magic-11\">3. Verwenden Sie den Leitungswasserdruck, um Strom zu liefern, kein Stromverbrauch.<\/p>\n<p class=\"magic-11\">4. Wandmontage, Thekenaufsatz, sehr einfache Installation.<\/p>\n<p class=\"magic-11\">5. Es ist geeignet f\u00fcr die Verwendung in der Wasser-Mater-Schalter, f\u00fcr die Pre-Filtration System und RO-System Schutz.<\/p>\n<p class=\"magic-11\">6. Best\u00e4ndigkeit gegen starke S\u00e4uren und Laugen.<\/p>\n<p class=\"magic-11\">7. Niedrige Kosten, es passt verschiedene Art von\u00a0<a href=\"https:\/\/lyfilter.com\/de\/products.html\/\">Filtereinsatz<\/a>s.<\/p>\n<\/div>\n<\/div>\n<\/div>\n<\/div>\n<\/div>","protected":false},"excerpt":{"rendered":"<table>\n<thead>\n<tr>\n<th>Artikel<\/th>\n<th>Wert<\/th>\n<th>Artikel<\/th>\n<th>Wert<\/th>\n<\/tr>\n<\/thead>\n<tbody>\n<tr>\n<td>Start Hafen<\/td>\n<td>Guangzhou<\/td>\n<td>Ort der Herkunft<\/td>\n<td>Guangdong, China<\/td>\n<\/tr>\n<tr>\n<td>Zahlung<\/td>\n<td>T\/T, Alibaba Handelsgarantie<\/td>\n<td>MOQ<\/td>\n<td>1 St\u00fcck<\/td>\n<\/tr>\n<tr>\n<td>Modell<\/td>\n<td>LY-HFPL<\/td>\n<td>Lieferfrist<\/td>\n<td>Innerhalb von 7 Arbeitstagen<\/td>\n<\/tr>\n<tr>\n<td>Zertifizierung<\/td>\n<td>ISO 9001<\/td>\n<td>Marke<\/td>\n<td>OEM\/Lvyuan<\/td>\n<\/tr>\n<\/tbody>\n<\/table>","protected":false},"featured_media":4021,"comment_status":"open","ping_status":"closed","template":"","meta":{"_gspb_post_css":""},"product_brand":[],"product_cat":[15],"product_tag":[1372,1374,42,1375,1373,1257],"class_list":{"0":"post-4019","1":"product","2":"type-product","3":"status-publish","4":"has-post-thumbnail","6":"product_cat-stainless-steel-filter-housing","7":"product_tag-50-micron-cartridge-filter","8":"product_tag-glue-liquid-filter","9":"product_tag-industrial-liquid-filtration","10":"product_tag-ss-pneumatic-diaphragm-pump","11":"product_tag-ss304-316l-filter-machine","12":"product_tag-stainless-steel-cartridge-filter","14":"first","15":"instock","16":"shipping-taxable","17":"product-type-simple"},"_links":{"self":[{"href":"https:\/\/lyfilter.com\/de\/wp-json\/wp\/v2\/product\/4019","targetHints":{"allow":["GET"]}}],"collection":[{"href":"https:\/\/lyfilter.com\/de\/wp-json\/wp\/v2\/product"}],"about":[{"href":"https:\/\/lyfilter.com\/de\/wp-json\/wp\/v2\/types\/product"}],"replies":[{"embeddable":true,"href":"https:\/\/lyfilter.com\/de\/wp-json\/wp\/v2\/comments?post=4019"}],"wp:featuredmedia":[{"embeddable":true,"href":"https:\/\/lyfilter.com\/de\/wp-json\/wp\/v2\/media\/4021"}],"wp:attachment":[{"href":"https:\/\/lyfilter.com\/de\/wp-json\/wp\/v2\/media?parent=4019"}],"wp:term":[{"taxonomy":"product_brand","embeddable":true,"href":"https:\/\/lyfilter.com\/de\/wp-json\/wp\/v2\/product_brand?post=4019"},{"taxonomy":"product_cat","embeddable":true,"href":"https:\/\/lyfilter.com\/de\/wp-json\/wp\/v2\/product_cat?post=4019"},{"taxonomy":"product_tag","embeddable":true,"href":"https:\/\/lyfilter.com\/de\/wp-json\/wp\/v2\/product_tag?post=4019"}],"curies":[{"name":"wp","href":"https:\/\/api.w.org\/{rel}","templated":true}]}}