{"id":4013,"date":"2026-04-03T07:38:19","date_gmt":"2026-04-03T07:38:19","guid":{"rendered":"https:\/\/lyfilter.com\/"},"modified":"2026-04-03T07:38:19","modified_gmt":"2026-04-03T07:38:19","slug":"50-microns-ss304-316l-industrial-glue-liquid-filter-stainless-steel-cartridge-filter-machine-with-ss-pneumatic-diaphragm-pump","status":"publish","type":"product","link":"https:\/\/lyfilter.com\/de\/50-microns-ss304-316l-industrial-glue-liquid-filter-stainless-steel-cartridge-filter-machine-with-ss-pneumatic-diaphragm-pump\/","title":{"rendered":"50 Mikrometer SS304 316L Industrieller Klebstoff-Fl\u00fcssigkeitsfilter Edelstahl-Kerzenfilter-Maschine mit Ss-Pneumatik-Membranpumpe"},"content":{"rendered":"<p>Diese f\u00fcr die Leim- und Fl\u00fcssigkeitsfiltration konzipierte 50-Mikron-Kerzenfiltermaschine verwendet Edelstahl 304 und 316L mit einer pneumatischen Membranpumpe aus Edelstahl, um einen gleichm\u00e4\u00dfigen Durchfluss, eine saubere Verarbeitung und eine zuverl\u00e4ssige industrielle Leistung pro Schicht zu gew\u00e4hrleisten.<\/p>","protected":false},"excerpt":{"rendered":"<table>\n<thead>\n<tr>\n<th>Artikel<\/th>\n<th>Wert<\/th>\n<th>Artikel<\/th>\n<th>Wert<\/th>\n<\/tr>\n<\/thead>\n<tbody>\n<tr>\n<td>Anwendbare Industrien<\/td>\n<td>Hotels; Bekleidungsgesch\u00e4fte; Baustoffgesch\u00e4fte; Fertigungsbetriebe; Maschinenreparaturwerkst\u00e4tten; Lebensmittel- und Getr\u00e4nkefabriken; Bauernh\u00f6fe; Restaurants; Haushalte; Einzelhandel; Lebensmittelgesch\u00e4fte; Druckereien; Bauunternehmen; Energie und Bergbau; Lebensmittel- und Getr\u00e4nkegesch\u00e4fte; Werbeunternehmen<\/td>\n<td>Ort der Herkunft<\/td>\n<td>Guangdong, China<\/td>\n<\/tr>\n<tr>\n<td>Markenname<\/td>\n<td>LVYUAN\/OEM<\/td>\n<td>Garantie<\/td>\n<td>1 Jahr<\/td>\n<\/tr>\n<tr>\n<td>After-Sales-Service<\/td>\n<td>Online-Unterst\u00fctzung<\/td>\n<td>Artikel Name<\/td>\n<td>Industrielle 1 2 3 4 5 stufige Filterpatronengeh\u00e4use Behandlung<\/td>\n<\/tr>\n<tr>\n<td>Material<\/td>\n<td>SS304 \/ SS316L<\/td>\n<td>Material des Filterbeutels<\/td>\n<td>PE BAG\/PP BAG<\/td>\n<\/tr>\n<tr>\n<td>Menge des Beutelfilters<\/td>\n<td>Einbeutelfiltergeh\u00e4use<\/td>\n<td>Oberfl\u00e4chenbehandlung<\/td>\n<td>Poliert &amp; Sandgestrahlt<\/td>\n<\/tr>\n<tr>\n<td>O-Ring Dichtung<\/td>\n<td>Elastik\/NBR\/EPDM\/Viton<\/td>\n<td>Typ der installierten Oberkappe<\/td>\n<td>Klemmtyp\/Bolzentyp<\/td>\n<\/tr>\n<tr>\n<td>Einlass &amp; Auslass Typ<\/td>\n<td>Innengewinde\/Flansch<\/td>\n<td>Steckertyp<\/td>\n<td>222\/226\/DOE<\/td>\n<\/tr>\n<tr>\n<td>Verpackungsmethode<\/td>\n<td>Standardbox exportieren<\/td>\n<td>Verkaufende Einheiten<\/td>\n<td>Einzelnes Element<\/td>\n<\/tr>\n<tr>\n<td>Einzelne Packungsgr\u00f6\u00dfe<\/td>\n<td>75X50X75 cm<\/td>\n<td>Einfaches Bruttogewicht<\/td>\n<td>30.000 kg<\/td>\n<\/tr>\n<tr>\n<td>Paket Typ<\/td>\n<td>50 Mikron SS304 316L Industriekleber Fl\u00fcssigkeitsfilter Edelstahl Patronenfilter Maschine mit SS pneumatische Membranpumpe: Verpackung: Export-Standardkarton\/nach Bedarf<\/td>\n<td>Vorlaufzeit<\/td>\n<td>1 - 10: 5 Tage; 11 - 100: 10 Tage; &gt;100: zu verhandeln<\/td>\n<\/tr>\n<\/tbody>\n<\/table>","protected":false},"featured_media":4016,"comment_status":"open","ping_status":"closed","template":"","meta":{"_gspb_post_css":""},"product_brand":[],"product_cat":[1205],"product_tag":[1372,1374,42,1375,1373,1257],"class_list":{"0":"post-4013","1":"product","2":"type-product","3":"status-publish","4":"has-post-thumbnail","6":"product_cat-stainless-steel-sintered-filter-cartridge","7":"product_tag-50-micron-cartridge-filter","8":"product_tag-glue-liquid-filter","9":"product_tag-industrial-liquid-filtration","10":"product_tag-ss-pneumatic-diaphragm-pump","11":"product_tag-ss304-316l-filter-machine","12":"product_tag-stainless-steel-cartridge-filter","14":"first","15":"instock","16":"shipping-taxable","17":"product-type-simple"},"_links":{"self":[{"href":"https:\/\/lyfilter.com\/de\/wp-json\/wp\/v2\/product\/4013","targetHints":{"allow":["GET"]}}],"collection":[{"href":"https:\/\/lyfilter.com\/de\/wp-json\/wp\/v2\/product"}],"about":[{"href":"https:\/\/lyfilter.com\/de\/wp-json\/wp\/v2\/types\/product"}],"replies":[{"embeddable":true,"href":"https:\/\/lyfilter.com\/de\/wp-json\/wp\/v2\/comments?post=4013"}],"wp:featuredmedia":[{"embeddable":true,"href":"https:\/\/lyfilter.com\/de\/wp-json\/wp\/v2\/media\/4016"}],"wp:attachment":[{"href":"https:\/\/lyfilter.com\/de\/wp-json\/wp\/v2\/media?parent=4013"}],"wp:term":[{"taxonomy":"product_brand","embeddable":true,"href":"https:\/\/lyfilter.com\/de\/wp-json\/wp\/v2\/product_brand?post=4013"},{"taxonomy":"product_cat","embeddable":true,"href":"https:\/\/lyfilter.com\/de\/wp-json\/wp\/v2\/product_cat?post=4013"},{"taxonomy":"product_tag","embeddable":true,"href":"https:\/\/lyfilter.com\/de\/wp-json\/wp\/v2\/product_tag?post=4013"}],"curies":[{"name":"wp","href":"https:\/\/api.w.org\/{rel}","templated":true}]}}