{"id":4011,"date":"2026-04-03T07:34:57","date_gmt":"2026-04-03T07:34:57","guid":{"rendered":"https:\/\/lyfilter.com\/"},"modified":"2026-04-03T07:34:57","modified_gmt":"2026-04-03T07:34:57","slug":"lvyuan-wound-filter-cartridge-wholesaler-for-industry","status":"publish","type":"product","link":"https:\/\/lyfilter.com\/de\/lvyuan-wound-filter-cartridge-wholesaler-for-industry\/","title":{"rendered":"Lvyuan gewickelte Filterpatrone Gro\u00dfh\u00e4ndler f\u00fcr Industrie"},"content":{"rendered":"<p>Die f\u00fcr die industrielle Filtration entwickelte Lvyuan-Wickelfilterpatrone f\u00e4ngt Sedimente und feine Partikel ab und sorgt f\u00fcr einen stabilen Durchfluss. Sie ist eine praktische Wahl im Gro\u00dfhandel f\u00fcr Fabriken, die Tag f\u00fcr Tag zuverl\u00e4ssige Leistung ben\u00f6tigen.<\/p>","protected":false},"excerpt":{"rendered":"<table>\n<thead>\n<tr>\n<th>Artikel<\/th>\n<th>Wert<\/th>\n<th>Artikel<\/th>\n<th>Wert<\/th>\n<\/tr>\n<\/thead>\n<tbody>\n<tr>\n<td>Zustand<\/td>\n<td>Neu<\/td>\n<td>Anwendbare Industrien<\/td>\n<td>Hotels; Bekleidungsgesch\u00e4fte; Baustoffgesch\u00e4fte; Fertigungsbetriebe; Maschinenreparaturwerkst\u00e4tten; Lebensmittel- und Getr\u00e4nkefabriken; Bauernh\u00f6fe; Restaurants; Haushalte; Einzelhandel; Lebensmittelgesch\u00e4fte; Druckereien; Bauunternehmen; Energie und Bergbau; Lebensmittel- und Getr\u00e4nkegesch\u00e4fte; Werbeunternehmen<\/td>\n<\/tr>\n<tr>\n<td>Ort der Herkunft<\/td>\n<td>Guangdong, China<\/td>\n<td>Markenname<\/td>\n<td>Kundenspezifisch<\/td>\n<\/tr>\n<tr>\n<td>Material<\/td>\n<td>Kundenspezifisch; Polypropylenfaser; saugf\u00e4hige Baumwolle; Glasfaser<\/td>\n<td>Gewicht<\/td>\n<td>Kundenspezifisch<\/td>\n<\/tr>\n<tr>\n<td>Gr\u00f6\u00dfe<\/td>\n<td>Kundenspezifisch<\/td>\n<td>Strom<\/td>\n<td>0<\/td>\n<\/tr>\n<tr>\n<td>Garantie<\/td>\n<td>Nicht verf\u00fcgbar<\/td>\n<td>Artikel<\/td>\n<td>10 Mikron pp gewickelte Filterpatrone f\u00fcr elektronische Ger\u00e4te<\/td>\n<\/tr>\n<tr>\n<td>Kern<\/td>\n<td>PP\/SS<\/td>\n<td>Mikron<\/td>\n<td>1\/5\/10\/20\/30\/50\/75\/100<\/td>\n<\/tr>\n<tr>\n<td>Innendurchmesser<\/td>\n<td>28mm \/ 30mm \/ OEM<\/td>\n<td>L\u00e4nge<\/td>\n<td>5\u2033 \/ 10\u2033 \/ 20\u2033 \/ 30\u2033 \/ 40\u2033 \/ 50\u2033 \/ 60\u2033<\/td>\n<\/tr>\n<tr>\n<td>PP-Wickelfilter+PP-Kern<\/td>\n<td>60\u2103<\/td>\n<td>PP-Wickelfilter+SS<\/td>\n<td>100\u2103<\/td>\n<\/tr>\n<tr>\n<td>Baumwollfilter+SS<\/td>\n<td>120\u2103<\/td>\n<td>Glasfaser+SS<\/td>\n<td>180 - 300\u2103<\/td>\n<\/tr>\n<tr>\n<td>After-Sales-Service<\/td>\n<td>Online-Unterst\u00fctzung<\/td>\n<td>Verkaufende Einheiten<\/td>\n<td>Einzelnes Element<\/td>\n<\/tr>\n<tr>\n<td>Einzelne Packungsgr\u00f6\u00dfe<\/td>\n<td>104X5X5 cm<\/td>\n<td>Einfaches Bruttogewicht<\/td>\n<td>0,200 kg<\/td>\n<\/tr>\n<tr>\n<td>Paket Typ<\/td>\n<td>China reines Polypropylen Garn Filter 10 Mikron pp Faden gewickelt Filterpatrone f\u00fcr elektronische Ger\u00e4te Fabrik: 51x31x33cm- 10\u2033 25St\u00fcck\/20\u2033 25St\u00fcck<\/td>\n<td>Vorlaufzeit<\/td>\n<td>1 - 500: 2 Tage; 501 - 1000: 5 Tage; 1001 - 5000: 7 Tage; &gt;5000: Zu verhandeln<\/td>\n<\/tr>\n<\/tbody>\n<\/table>","protected":false},"featured_media":4012,"comment_status":"open","ping_status":"closed","template":"","meta":{"_gspb_post_css":""},"product_brand":[],"product_cat":[1095],"product_tag":[1371,743,1370,1369,325,1098],"class_list":{"0":"post-4011","1":"product","2":"type-product","3":"status-publish","4":"has-post-thumbnail","6":"product_cat-string-wound-filter-cartridge","7":"product_tag-filter-cartridge-wholesaler","8":"product_tag-industrial-water-filter-cartridge","9":"product_tag-industrial-wound-filter","10":"product_tag-lvyuan-wound-filter-cartridge","11":"product_tag-sediment-filter-cartridge","12":"product_tag-string-wound-filter-cartridge","14":"first","15":"instock","16":"shipping-taxable","17":"product-type-simple"},"_links":{"self":[{"href":"https:\/\/lyfilter.com\/de\/wp-json\/wp\/v2\/product\/4011","targetHints":{"allow":["GET"]}}],"collection":[{"href":"https:\/\/lyfilter.com\/de\/wp-json\/wp\/v2\/product"}],"about":[{"href":"https:\/\/lyfilter.com\/de\/wp-json\/wp\/v2\/types\/product"}],"replies":[{"embeddable":true,"href":"https:\/\/lyfilter.com\/de\/wp-json\/wp\/v2\/comments?post=4011"}],"wp:featuredmedia":[{"embeddable":true,"href":"https:\/\/lyfilter.com\/de\/wp-json\/wp\/v2\/media\/4012"}],"wp:attachment":[{"href":"https:\/\/lyfilter.com\/de\/wp-json\/wp\/v2\/media?parent=4011"}],"wp:term":[{"taxonomy":"product_brand","embeddable":true,"href":"https:\/\/lyfilter.com\/de\/wp-json\/wp\/v2\/product_brand?post=4011"},{"taxonomy":"product_cat","embeddable":true,"href":"https:\/\/lyfilter.com\/de\/wp-json\/wp\/v2\/product_cat?post=4011"},{"taxonomy":"product_tag","embeddable":true,"href":"https:\/\/lyfilter.com\/de\/wp-json\/wp\/v2\/product_tag?post=4011"}],"curies":[{"name":"wp","href":"https:\/\/api.w.org\/{rel}","templated":true}]}}