{"id":4000,"date":"2026-04-03T07:25:15","date_gmt":"2026-04-03T07:25:15","guid":{"rendered":"https:\/\/lyfilter.com\/"},"modified":"2026-04-03T07:25:15","modified_gmt":"2026-04-03T07:25:15","slug":"standard-carbon-filter-manufacturers-for-purify","status":"publish","type":"product","link":"https:\/\/lyfilter.com\/de\/standard-carbon-filter-manufacturers-for-purify\/","title":{"rendered":"Standard Kohlefilter Hersteller f\u00fcr Purify"},"content":{"rendered":"<p>Dieser Standard-Kohlefilter wurde f\u00fcr den praktischen Reinigungsbedarf entwickelt und tr\u00e4gt dazu bei, unerw\u00fcnschte Verunreinigungen zu reduzieren und den Durchfluss konstant zu halten. Seine zuverl\u00e4ssige Struktur unterst\u00fctzt eine saubere Leistung, einen einfachen Austausch und eine zuverl\u00e4ssige t\u00e4gliche Leistung.<\/p>","protected":false},"excerpt":{"rendered":"<table>\n<thead>\n<tr>\n<th>Feld<\/th>\n<th>Wert<\/th>\n<\/tr>\n<\/thead>\n<tbody>\n<tr>\n<td>Typ<\/td>\n<td>Wasserfilterteile<\/td>\n<\/tr>\n<tr>\n<td>After-Sales-Service<\/td>\n<td>Callcenter in \u00dcbersee<\/td>\n<\/tr>\n<tr>\n<td>Garantie<\/td>\n<td>keine<\/td>\n<\/tr>\n<tr>\n<td>Anmeldung<\/td>\n<td>Auto, Wohnmobil, Outdoor, Hotel, Garage, Gewerbe, Haushalt<\/td>\n<\/tr>\n<tr>\n<td>Stromquelle<\/td>\n<td>Handbuch<\/td>\n<\/tr>\n<tr>\n<td>Ort der Herkunft<\/td>\n<td>Guangdong, China<\/td>\n<\/tr>\n<tr>\n<td>Markenname<\/td>\n<td>Lvyuan \/ OEM<\/td>\n<\/tr>\n<tr>\n<td>Modellnummer<\/td>\n<td>LY-AC-DF<\/td>\n<\/tr>\n<tr>\n<td>Name des Produkts<\/td>\n<td>Kohlenstoffscheiben-Flaschenfilter<\/td>\n<\/tr>\n<tr>\n<td>Gr\u00f6\u00dfe<\/td>\n<td>Kundenspezifisch<\/td>\n<\/tr>\n<tr>\n<td>Mikron Rate<\/td>\n<td>1, 3, 5, 10, 20, 50, 100 um<\/td>\n<\/tr>\n<tr>\n<td>Material<\/td>\n<td>Aktivkohle, Kokosnussschale<\/td>\n<\/tr>\n<tr>\n<td>L\u00e4nge<\/td>\n<td>OEM, 5\u2033, 10\u2033, 20\u2033, 30\u2033, 40\u2033<\/td>\n<\/tr>\n<tr>\n<td>\u00c4u\u00dferer Durchmesser<\/td>\n<td>OEM, 50, 60, 70, 80 mm<\/td>\n<\/tr>\n<tr>\n<td>Endkappe<\/td>\n<td>DOE, SOE, 222, 226, 215, M36, M24, M22, M20 Gewindeanschluss<\/td>\n<\/tr>\n<tr>\n<td>Zertifizierung<\/td>\n<td>SGS\/ISO9001<\/td>\n<\/tr>\n<tr>\n<td>Verwendung<\/td>\n<td>Reinigung von Luft und Wasser<\/td>\n<\/tr>\n<tr>\n<td>Arbeitsdruck<\/td>\n<td>0,1 bis 30Mpa<\/td>\n<\/tr>\n<tr>\n<td>Lieferf\u00e4higkeit<\/td>\n<td>5000 St\u00fcck\/St\u00fcck pro Tag Kohlefilterplatte<\/td>\n<\/tr>\n<tr>\n<td>Beschreibung<\/td>\n<td>China Manufacture Hochwertige Aktivkohle Scheibe Kohlefilter Wasserflasche f\u00fcr Filter Wasserreinigung<\/td>\n<\/tr>\n<\/tbody>\n<\/table>","protected":false},"featured_media":4002,"comment_status":"open","ping_status":"closed","template":"","meta":{"_gspb_post_css":""},"product_brand":[],"product_cat":[1339],"product_tag":[1360,1363,1362,1359,1136,1361],"class_list":{"0":"post-4000","1":"product","2":"type-product","3":"status-publish","4":"has-post-thumbnail","6":"product_cat-carbon-filter","7":"product_tag-carbon-filter-for-purification","8":"product_tag-filtration-carbon-element","9":"product_tag-replacement-carbon-filter","10":"product_tag-standard-carbon-filter","11":"product_tag-water-filter-locks","12":"product_tag-water-treatment-carbon-filter","14":"first","15":"instock","16":"shipping-taxable","17":"product-type-simple"},"_links":{"self":[{"href":"https:\/\/lyfilter.com\/de\/wp-json\/wp\/v2\/product\/4000","targetHints":{"allow":["GET"]}}],"collection":[{"href":"https:\/\/lyfilter.com\/de\/wp-json\/wp\/v2\/product"}],"about":[{"href":"https:\/\/lyfilter.com\/de\/wp-json\/wp\/v2\/types\/product"}],"replies":[{"embeddable":true,"href":"https:\/\/lyfilter.com\/de\/wp-json\/wp\/v2\/comments?post=4000"}],"wp:featuredmedia":[{"embeddable":true,"href":"https:\/\/lyfilter.com\/de\/wp-json\/wp\/v2\/media\/4002"}],"wp:attachment":[{"href":"https:\/\/lyfilter.com\/de\/wp-json\/wp\/v2\/media?parent=4000"}],"wp:term":[{"taxonomy":"product_brand","embeddable":true,"href":"https:\/\/lyfilter.com\/de\/wp-json\/wp\/v2\/product_brand?post=4000"},{"taxonomy":"product_cat","embeddable":true,"href":"https:\/\/lyfilter.com\/de\/wp-json\/wp\/v2\/product_cat?post=4000"},{"taxonomy":"product_tag","embeddable":true,"href":"https:\/\/lyfilter.com\/de\/wp-json\/wp\/v2\/product_tag?post=4000"}],"curies":[{"name":"wp","href":"https:\/\/api.w.org\/{rel}","templated":true}]}}