{"id":3994,"date":"2026-04-03T07:21:05","date_gmt":"2026-04-03T07:21:05","guid":{"rendered":"https:\/\/lyfilter.com\/"},"modified":"2026-05-08T01:28:01","modified_gmt":"2026-05-08T01:28:01","slug":"swing-bolts-single-bag-basket-type-industrial-water-filter-housing-with-stainless-steel-304-316l-material","status":"publish","type":"product","link":"https:\/\/lyfilter.com\/de\/swing-bolts-single-bag-basket-type-industrial-water-filter-housing-with-stainless-steel-304-316l-material\/","title":{"rendered":"Swing Bolts Single Bag Basket Type Industrial Wasserfilter Geh\u00e4use mit Edelstahl 304 316L Material"},"content":{"rendered":"<p>Dieses f\u00fcr die industrielle Fl\u00fcssigkeitsfiltration konzipierte Wasserfiltergeh\u00e4use mit einem Beutelfilterkorb verwendet Schwenkbolzen und Edelstahl 304 oder 316L f\u00fcr St\u00e4rke, gleichm\u00e4\u00dfigen Durchfluss und einfache Wartung. Es unterst\u00fctzt den zuverl\u00e4ssigen t\u00e4glichen Einsatz in anspruchsvollen Systemen.<\/p>","protected":false},"excerpt":{"rendered":"<table>\n<thead>\n<tr>\n<th>Feld<\/th>\n<th>Wert<\/th>\n<\/tr>\n<\/thead>\n<tbody>\n<tr>\n<td>Anwendbare Industrien<\/td>\n<td>Hotels, Bekleidungsgesch\u00e4fte, Baustoffgesch\u00e4fte, Fertigungsbetriebe, Maschinenreparaturwerkst\u00e4tten, Lebensmittel- und Getr\u00e4nkefabriken, Bauernh\u00f6fe, Restaurants, Haushalte, Einzelhandel, Lebensmittelgesch\u00e4fte, Druckereien, Bauunternehmen, Energie- und Bergbauunternehmen, Lebensmittel- und Getr\u00e4nkem\u00e4rkte, Werbeunternehmen<\/td>\n<\/tr>\n<tr>\n<td>Service nach der Garantie<\/td>\n<td>Online-Unterst\u00fctzung<\/td>\n<\/tr>\n<tr>\n<td>Lokaler Dienstort<\/td>\n<td>keine<\/td>\n<\/tr>\n<tr>\n<td>Standort des Ausstellungsraums<\/td>\n<td>keine<\/td>\n<\/tr>\n<tr>\n<td>Ort der Herkunft<\/td>\n<td>Guangdong, China<\/td>\n<\/tr>\n<tr>\n<td>Markenname<\/td>\n<td>Kundenspezifisch<\/td>\n<\/tr>\n<tr>\n<td>Material<\/td>\n<td>Kundenspezifisch, SS304 \/ SS316L<\/td>\n<\/tr>\n<tr>\n<td>Gewicht<\/td>\n<td>Kundenspezifisch<\/td>\n<\/tr>\n<tr>\n<td>Gr\u00f6\u00dfe<\/td>\n<td>Kundenspezifisch<\/td>\n<\/tr>\n<tr>\n<td>Strom<\/td>\n<td>0<\/td>\n<\/tr>\n<tr>\n<td>Garantie<\/td>\n<td>1 Jahr<\/td>\n<\/tr>\n<tr>\n<td>After-Sales-Service<\/td>\n<td>Online-Unterst\u00fctzung<\/td>\n<\/tr>\n<tr>\n<td>Artikel Name<\/td>\n<td>Industrielles Wasserfiltergeh\u00e4use mit einem Beutelkorb<\/td>\n<\/tr>\n<tr>\n<td>Material des Filterbeutels<\/td>\n<td>PE BEUTEL \/ PP BEUTEL<\/td>\n<\/tr>\n<tr>\n<td>Menge des Beutelfilters<\/td>\n<td>Einbeutelfiltergeh\u00e4use<\/td>\n<\/tr>\n<tr>\n<td>Oberfl\u00e4chenbehandlung<\/td>\n<td>Poliert &amp; Sandgestrahlt<\/td>\n<\/tr>\n<tr>\n<td>O-Ring Dichtung<\/td>\n<td>Elastomer \/ NBR \/ EPDM \/ Viton<\/td>\n<\/tr>\n<tr>\n<td>Typ der installierten Oberkappe<\/td>\n<td>Klemmtyp \/ Schraubentyp<\/td>\n<\/tr>\n<tr>\n<td>Einlass &amp; Auslass Typ<\/td>\n<td>Innengewinde \/ Flansch<\/td>\n<\/tr>\n<tr>\n<td>Steckertyp<\/td>\n<td>222 \/ 226 \/ RICKE<\/td>\n<\/tr>\n<tr>\n<td>Verpackungsmethode<\/td>\n<td>Standardbox exportieren<\/td>\n<\/tr>\n<tr>\n<td>Verkaufende Einheiten<\/td>\n<td>Einzelnes Element<\/td>\n<\/tr>\n<tr>\n<td>Einzelne Packungsgr\u00f6\u00dfe<\/td>\n<td>88X38X68 cm<\/td>\n<\/tr>\n<tr>\n<td>Einfaches Bruttogewicht<\/td>\n<td>68.000 kg<\/td>\n<\/tr>\n<tr>\n<td>Paket Typ<\/td>\n<td>Swing Bolzen einzigen Tasche Korb Typ industrielle Wasserfilter Geh\u00e4use mit Edelstahl 304 316L Material: Verpackung: Export Standard-Box \/ Wie erforderlich<\/td>\n<\/tr>\n<tr>\n<td>Vorlaufzeit<\/td>\n<td>Menge (Einheiten): 1 - 10, Est. Zeit(Tage): 5; Menge(Einheiten): 11 - 100, Est. Zeit(Tage): 10; Menge(Einheiten): &gt;100, Sch\u00e4tz. Zeit(Tage): Noch zu verhandeln<\/td>\n<\/tr>\n<\/tbody>\n<\/table>","protected":false},"featured_media":3999,"comment_status":"open","ping_status":"closed","template":"","meta":{"_gspb_post_css":""},"product_brand":[],"product_cat":[15],"product_tag":[1357,1355,1354,1356,1358,1136],"class_list":{"0":"post-3994","1":"product","2":"type-product","3":"status-publish","4":"has-post-thumbnail","6":"product_cat-stainless-steel-filter-housing","7":"product_tag-316l-industrial-water-filter","8":"product_tag-basket-type-filter-housing","9":"product_tag-single-bag-filter-housing","10":"product_tag-stainless-steel-304-filter-housing","11":"product_tag-swing-bolts-filter-housing","12":"product_tag-water-filter-locks","14":"first","15":"instock","16":"shipping-taxable","17":"product-type-simple"},"_links":{"self":[{"href":"https:\/\/lyfilter.com\/de\/wp-json\/wp\/v2\/product\/3994","targetHints":{"allow":["GET"]}}],"collection":[{"href":"https:\/\/lyfilter.com\/de\/wp-json\/wp\/v2\/product"}],"about":[{"href":"https:\/\/lyfilter.com\/de\/wp-json\/wp\/v2\/types\/product"}],"replies":[{"embeddable":true,"href":"https:\/\/lyfilter.com\/de\/wp-json\/wp\/v2\/comments?post=3994"}],"wp:featuredmedia":[{"embeddable":true,"href":"https:\/\/lyfilter.com\/de\/wp-json\/wp\/v2\/media\/3999"}],"wp:attachment":[{"href":"https:\/\/lyfilter.com\/de\/wp-json\/wp\/v2\/media?parent=3994"}],"wp:term":[{"taxonomy":"product_brand","embeddable":true,"href":"https:\/\/lyfilter.com\/de\/wp-json\/wp\/v2\/product_brand?post=3994"},{"taxonomy":"product_cat","embeddable":true,"href":"https:\/\/lyfilter.com\/de\/wp-json\/wp\/v2\/product_cat?post=3994"},{"taxonomy":"product_tag","embeddable":true,"href":"https:\/\/lyfilter.com\/de\/wp-json\/wp\/v2\/product_tag?post=3994"}],"curies":[{"name":"wp","href":"https:\/\/api.w.org\/{rel}","templated":true}]}}