{"id":3985,"date":"2026-04-03T07:18:19","date_gmt":"2026-04-03T07:18:19","guid":{"rendered":"https:\/\/lyfilter.com\/"},"modified":"2026-04-03T07:18:19","modified_gmt":"2026-04-03T07:18:19","slug":"20-inch-5-micron-jumbo-pp-membrane-pleated-water-filter-cartridge-with-net-end-code-connection-227-fin-flat-doe","status":"publish","type":"product","link":"https:\/\/lyfilter.com\/de\/20-inch-5-micron-jumbo-pp-membrane-pleated-water-filter-cartridge-with-net-end-code-connection-227-fin-flat-doe\/","title":{"rendered":"20 Zoll 5 Mikron Jumbo PP-Membran plissierte Wasserfilterpatrone mit Netzende Code-Anschluss 227\/Fin\/Flat\/Doe"},"content":{"rendered":"<p>Diese 20-Zoll-Jumbo-PP-Membran-Faltkartusche wurde f\u00fcr eine zuverl\u00e4ssige Wasserfiltration entwickelt und f\u00e4ngt feine Partikel mit einer Genauigkeit von 5 Mikron ab. Die 227-, Lamellen-, Flach- und DOE-Verbindungsoptionen unterst\u00fctzen eine flexible Montage und eine konstante t\u00e4gliche Leistung.<\/p>","protected":false},"excerpt":{"rendered":"<table>\n<thead>\n<tr>\n<th>Feld<\/th>\n<th>Wert<\/th>\n<\/tr>\n<\/thead>\n<tbody>\n<tr>\n<td>Zustand<\/td>\n<td>Neu<\/td>\n<\/tr>\n<tr>\n<td>Anwendbare Industrien<\/td>\n<td>Hotels, Bekleidungsgesch\u00e4fte, Baustoffgesch\u00e4fte, Fertigungsbetriebe, Maschinenreparaturwerkst\u00e4tten, Lebensmittel- und Getr\u00e4nkefabriken, Bauernh\u00f6fe, Restaurants, Haushalte, Einzelhandel, Lebensmittelgesch\u00e4fte, Druckereien, Bauunternehmen, Energie- und Bergbauunternehmen, Lebensmittel- und Getr\u00e4nkem\u00e4rkte, Werbeunternehmen<\/td>\n<\/tr>\n<tr>\n<td>Service nach der Garantie<\/td>\n<td>Online-Unterst\u00fctzung<\/td>\n<\/tr>\n<tr>\n<td>Lokaler Dienstort<\/td>\n<td>keine<\/td>\n<\/tr>\n<tr>\n<td>Standort des Ausstellungsraums<\/td>\n<td>keine<\/td>\n<\/tr>\n<tr>\n<td>Video-Ausgangsinspektion<\/td>\n<td>Zur Verf\u00fcgung gestellt<\/td>\n<\/tr>\n<tr>\n<td>Maschinen-Testbericht<\/td>\n<td>Nicht verf\u00fcgbar<\/td>\n<\/tr>\n<tr>\n<td>Marketing-Typ<\/td>\n<td>Gew\u00f6hnliches Produkt<\/td>\n<\/tr>\n<tr>\n<td>Garantie f\u00fcr Kernkomponenten<\/td>\n<td>Nicht verf\u00fcgbar<\/td>\n<\/tr>\n<tr>\n<td>Ort der Herkunft<\/td>\n<td>Guangdong, China<\/td>\n<\/tr>\n<tr>\n<td>Markenname<\/td>\n<td>Lvyuan \/ OEM<\/td>\n<\/tr>\n<tr>\n<td>Material<\/td>\n<td>Plissiertes Filterelement<\/td>\n<\/tr>\n<tr>\n<td>Gewicht<\/td>\n<td>h\u00e4ngt<\/td>\n<\/tr>\n<tr>\n<td>Gr\u00f6\u00dfe<\/td>\n<td>Standard, Individualisierung<\/td>\n<\/tr>\n<tr>\n<td>Strom<\/td>\n<td>0<\/td>\n<\/tr>\n<tr>\n<td>Garantie<\/td>\n<td>Nicht verf\u00fcgbar<\/td>\n<\/tr>\n<tr>\n<td>Name des Produkts<\/td>\n<td>pp-Filterpatrone<\/td>\n<\/tr>\n<tr>\n<td>Mikron Rate<\/td>\n<td>0,1, 0,5, 1, 5, 10 ~60um<\/td>\n<\/tr>\n<tr>\n<td>Plissierte Patrone Material<\/td>\n<td>PP\/PTFE\/PES \/Nylon 6 \/PVDF<\/td>\n<\/tr>\n<tr>\n<td>L\u00e4nge<\/td>\n<td>5\u2033, 10\u2033, 20\u2033, 30\u2033, 40\u2033, OEM<\/td>\n<\/tr>\n<tr>\n<td>Filtermedien<\/td>\n<td>Polypropylen-Membran<\/td>\n<\/tr>\n<tr>\n<td>Endkappe<\/td>\n<td>DOE, 222+Fin, 222+Flat, 226+Fin, 226+Flat<\/td>\n<\/tr>\n<tr>\n<td>Material der Dichtung\/des Rings<\/td>\n<td>Silizium\/EPDM\/NBR\/Viton\/Telfon<\/td>\n<\/tr>\n<tr>\n<td>Verwendung<\/td>\n<td>Fl\u00fcssigkeitsfilterelemente, Wasserfilterteile<\/td>\n<\/tr>\n<tr>\n<td>Innerer Kern<\/td>\n<td>PP\/Edelstahl<\/td>\n<\/tr>\n<tr>\n<td>Zertifizierung<\/td>\n<td>SG\/S\/ISO9001<\/td>\n<\/tr>\n<tr>\n<td>Kernkomponenten<\/td>\n<td>Fl\u00fcssigkeitsfilterpatronen<\/td>\n<\/tr>\n<tr>\n<td>Lieferf\u00e4higkeit<\/td>\n<td>5000 St\u00fcck\/St\u00fcck pro Tag 5 Mikron pp Filter<\/td>\n<\/tr>\n<\/tbody>\n<\/table>","protected":false},"featured_media":3989,"comment_status":"open","ping_status":"closed","template":"","meta":{"_gspb_post_css":""},"product_brand":[],"product_cat":[1339],"product_tag":[691,1353,1351,1352,1350,1136],"class_list":{"0":"post-3985","1":"product","2":"type-product","3":"status-publish","4":"has-post-thumbnail","6":"product_cat-carbon-filter","7":"product_tag-20-inch-water-filter-cartridge","8":"product_tag-227-fin-flat-connection-filter","9":"product_tag-5-micron-pleated-filter","10":"product_tag-doe-end-code-filter","11":"product_tag-jumbo-pp-pleated-filter-cartridge","12":"product_tag-water-filter-locks","14":"first","15":"instock","16":"shipping-taxable","17":"product-type-simple"},"_links":{"self":[{"href":"https:\/\/lyfilter.com\/de\/wp-json\/wp\/v2\/product\/3985","targetHints":{"allow":["GET"]}}],"collection":[{"href":"https:\/\/lyfilter.com\/de\/wp-json\/wp\/v2\/product"}],"about":[{"href":"https:\/\/lyfilter.com\/de\/wp-json\/wp\/v2\/types\/product"}],"replies":[{"embeddable":true,"href":"https:\/\/lyfilter.com\/de\/wp-json\/wp\/v2\/comments?post=3985"}],"wp:featuredmedia":[{"embeddable":true,"href":"https:\/\/lyfilter.com\/de\/wp-json\/wp\/v2\/media\/3989"}],"wp:attachment":[{"href":"https:\/\/lyfilter.com\/de\/wp-json\/wp\/v2\/media?parent=3985"}],"wp:term":[{"taxonomy":"product_brand","embeddable":true,"href":"https:\/\/lyfilter.com\/de\/wp-json\/wp\/v2\/product_brand?post=3985"},{"taxonomy":"product_cat","embeddable":true,"href":"https:\/\/lyfilter.com\/de\/wp-json\/wp\/v2\/product_cat?post=3985"},{"taxonomy":"product_tag","embeddable":true,"href":"https:\/\/lyfilter.com\/de\/wp-json\/wp\/v2\/product_tag?post=3985"}],"curies":[{"name":"wp","href":"https:\/\/api.w.org\/{rel}","templated":true}]}}