{"id":3975,"date":"2026-04-03T07:15:10","date_gmt":"2026-04-03T07:15:10","guid":{"rendered":"https:\/\/lyfilter.com\/"},"modified":"2026-04-24T23:43:33","modified_gmt":"2026-04-24T23:43:33","slug":"lvyuan-ss316-filter-housing-manufacturers-for-industry","status":"publish","type":"product","link":"https:\/\/lyfilter.com\/de\/lvyuan-ss316-filter-housing-manufacturers-for-industry\/","title":{"rendered":"Lvyuan SS316 Filtergeh\u00e4use Hersteller f\u00fcr Industrie"},"content":{"rendered":"<p>Dieses Filtergeh\u00e4use aus SS316 von Lvyuan wurde f\u00fcr die industrielle Filtration entwickelt und bietet Korrosionsbest\u00e4ndigkeit, saubere Verarbeitung und gleichm\u00e4\u00dfigen Durchfluss. Seine robuste Bauweise unterst\u00fctzt den zuverl\u00e4ssigen Betrieb, die einfache Wartung und die lange Lebensdauer in anspruchsvollen Umgebungen.<\/p>","protected":false},"excerpt":{"rendered":"<table>\n<thead>\n<tr>\n<th>Feld<\/th>\n<th>Wert<\/th>\n<\/tr>\n<\/thead>\n<tbody>\n<tr>\n<td>Anwendbare Industrien<\/td>\n<td>Produktionsanlagen, Lebensmittel- und Getr\u00e4nkefabrik, Wasseraufbereitung<\/td>\n<\/tr>\n<tr>\n<td>Ort der Herkunft<\/td>\n<td>Guangdong, China<\/td>\n<\/tr>\n<tr>\n<td>Markenname<\/td>\n<td>Lvyuan, OEM, ODM<\/td>\n<\/tr>\n<tr>\n<td>Material<\/td>\n<td>Papierschachtel<\/td>\n<\/tr>\n<tr>\n<td>Gewicht<\/td>\n<td>angepasst<\/td>\n<\/tr>\n<tr>\n<td>Gr\u00f6\u00dfe<\/td>\n<td>individuell, 10\u201d 20\u201d30\u201d40\u201d<\/td>\n<\/tr>\n<tr>\n<td>Strom<\/td>\n<td>angepasst<\/td>\n<\/tr>\n<tr>\n<td>Garantie<\/td>\n<td>1 Jahr<\/td>\n<\/tr>\n<tr>\n<td>After-Sales-Service<\/td>\n<td>Online-Unterst\u00fctzung<\/td>\n<\/tr>\n<tr>\n<td>Merkmal<\/td>\n<td>Fl\u00fcssigkeit kl\u00e4ren<\/td>\n<\/tr>\n<tr>\n<td>Zertifizierung<\/td>\n<td>SGS<\/td>\n<\/tr>\n<tr>\n<td>Form<\/td>\n<td>Zylinder<\/td>\n<\/tr>\n<tr>\n<td>Verwendung<\/td>\n<td>Wasseraufbereitung<\/td>\n<\/tr>\n<tr>\n<td>Anmeldung<\/td>\n<td>Industrie<\/td>\n<\/tr>\n<tr>\n<td>Oberfl\u00e4che<\/td>\n<td>poliert\/verspiegelt<\/td>\n<\/tr>\n<tr>\n<td>Modell<\/td>\n<td>LY-FL-SF<\/td>\n<\/tr>\n<tr>\n<td>Rohmaterial<\/td>\n<td>rostfreier Stahl<\/td>\n<\/tr>\n<tr>\n<td>Farbe<\/td>\n<td>Silber<\/td>\n<\/tr>\n<tr>\n<td>Lieferf\u00e4higkeit<\/td>\n<td>5000 St\u00fcck\/St\u00fcck pro Woche<\/td>\n<\/tr>\n<\/tbody>\n<\/table>","protected":false},"featured_media":3984,"comment_status":"open","ping_status":"closed","template":"","meta":{"_gspb_post_css":""},"product_brand":[],"product_cat":[15],"product_tag":[43,1289,1084,1349,34,1136],"class_list":{"0":"post-3975","1":"product","2":"type-product","3":"status-publish","4":"has-post-thumbnail","6":"product_cat-stainless-steel-filter-housing","7":"product_tag-corrosion-resistant-filter-housing","8":"product_tag-hygienic-filtration-housing","9":"product_tag-industrial-filter-housing","10":"product_tag-lvyuan-ss316-filter-housing","11":"product_tag-stainless-steel-filter-housing","12":"product_tag-water-filter-locks","14":"first","15":"instock","16":"shipping-taxable","17":"product-type-simple"},"_links":{"self":[{"href":"https:\/\/lyfilter.com\/de\/wp-json\/wp\/v2\/product\/3975","targetHints":{"allow":["GET"]}}],"collection":[{"href":"https:\/\/lyfilter.com\/de\/wp-json\/wp\/v2\/product"}],"about":[{"href":"https:\/\/lyfilter.com\/de\/wp-json\/wp\/v2\/types\/product"}],"replies":[{"embeddable":true,"href":"https:\/\/lyfilter.com\/de\/wp-json\/wp\/v2\/comments?post=3975"}],"wp:featuredmedia":[{"embeddable":true,"href":"https:\/\/lyfilter.com\/de\/wp-json\/wp\/v2\/media\/3984"}],"wp:attachment":[{"href":"https:\/\/lyfilter.com\/de\/wp-json\/wp\/v2\/media?parent=3975"}],"wp:term":[{"taxonomy":"product_brand","embeddable":true,"href":"https:\/\/lyfilter.com\/de\/wp-json\/wp\/v2\/product_brand?post=3975"},{"taxonomy":"product_cat","embeddable":true,"href":"https:\/\/lyfilter.com\/de\/wp-json\/wp\/v2\/product_cat?post=3975"},{"taxonomy":"product_tag","embeddable":true,"href":"https:\/\/lyfilter.com\/de\/wp-json\/wp\/v2\/product_tag?post=3975"}],"curies":[{"name":"wp","href":"https:\/\/api.w.org\/{rel}","templated":true}]}}