{"id":3966,"date":"2026-04-03T07:12:15","date_gmt":"2026-04-03T07:12:15","guid":{"rendered":"https:\/\/lyfilter.com\/"},"modified":"2026-04-03T07:12:15","modified_gmt":"2026-04-03T07:12:15","slug":"lvyuan-filter-stainless-steel-powder-sintered-filter-quality-assurance-for-industry","status":"publish","type":"product","link":"https:\/\/lyfilter.com\/de\/lvyuan-filter-stainless-steel-powder-sintered-filter-quality-assurance-for-industry\/","title":{"rendered":"Lvyuan Filter Edelstahl-Pulver-Sinterfilter Qualit\u00e4tssicherung f\u00fcr die Industrie"},"content":{"rendered":"<p>Dieser Lvyuan-Edelstahlsinterfilter wurde f\u00fcr die industrielle Filtration entwickelt und bietet einen gleichm\u00e4\u00dfigen Durchfluss, zuverl\u00e4ssige Partikelr\u00fcckhaltung und dauerhafte Festigkeit. Sein qualit\u00e4tsgesichertes Design unterst\u00fctzt eine saubere Verarbeitung und einen zuverl\u00e4ssigen Langzeitbetrieb.<\/p>","protected":false},"excerpt":{"rendered":"<table>\n<thead>\n<tr>\n<th>Feld<\/th>\n<th>Wert<\/th>\n<\/tr>\n<\/thead>\n<tbody>\n<tr>\n<td>Zustand<\/td>\n<td>Neu<\/td>\n<\/tr>\n<tr>\n<td>Anwendbare Industrien<\/td>\n<td>Hotels, Bekleidungsgesch\u00e4fte, Baustoffgesch\u00e4fte, Fertigungsanlagen, Maschinenreparaturwerkst\u00e4tten, Lebensmittel- und Getr\u00e4nkefabriken, Bauernh\u00f6fe, Restaurants, Haushalte, Einzelhandel, Lebensmittelgesch\u00e4fte, Druckereien, Bauunternehmen, Energie- und Bergbauunternehmen, Lebensmittel- und Getr\u00e4nkeh\u00e4ndler<\/td>\n<\/tr>\n<tr>\n<td>Service nach der Garantie<\/td>\n<td>Online-Unterst\u00fctzung<\/td>\n<\/tr>\n<tr>\n<td>Lokaler Dienstort<\/td>\n<td>keine<\/td>\n<\/tr>\n<tr>\n<td>Standort des Ausstellungsraums<\/td>\n<td>keine<\/td>\n<\/tr>\n<tr>\n<td>Video-Ausgangsinspektion<\/td>\n<td>Zur Verf\u00fcgung gestellt<\/td>\n<\/tr>\n<tr>\n<td>Maschinen-Testbericht<\/td>\n<td>Zur Verf\u00fcgung gestellt<\/td>\n<\/tr>\n<tr>\n<td>Marketing-Typ<\/td>\n<td>Gew\u00f6hnliches Produkt<\/td>\n<\/tr>\n<tr>\n<td>Garantie f\u00fcr Kernkomponenten<\/td>\n<td>1 Jahr<\/td>\n<\/tr>\n<tr>\n<td>Kernkomponenten<\/td>\n<td>Druckbeh\u00e4lter<\/td>\n<\/tr>\n<tr>\n<td>Ort der Herkunft<\/td>\n<td>Guangdong, China<\/td>\n<\/tr>\n<tr>\n<td>Markenname<\/td>\n<td>Lvyuan\/OEM<\/td>\n<\/tr>\n<tr>\n<td>Garantie<\/td>\n<td>1 Jahr<\/td>\n<\/tr>\n<tr>\n<td>After-Sales-Service<\/td>\n<td>Online-Unterst\u00fctzung<\/td>\n<\/tr>\n<tr>\n<td>Schl\u00fcsselw\u00f6rter<\/td>\n<td>Edelstahl-Filterpatrone<\/td>\n<\/tr>\n<tr>\n<td>Durchmesser<\/td>\n<td>Nachfrage des Kunden<\/td>\n<\/tr>\n<tr>\n<td>Material<\/td>\n<td>rostfreier Stahl<\/td>\n<\/tr>\n<tr>\n<td>Form<\/td>\n<td>Zylinder<\/td>\n<\/tr>\n<tr>\n<td>Verwendung<\/td>\n<td>Wasseraufbereitung<\/td>\n<\/tr>\n<tr>\n<td>Anmeldung<\/td>\n<td>Industrie<\/td>\n<\/tr>\n<tr>\n<td>Farbe<\/td>\n<td>Band<\/td>\n<\/tr>\n<tr>\n<td>Verpacken<\/td>\n<td>Papierschachtel<\/td>\n<\/tr>\n<tr>\n<td>L\u00e4nge<\/td>\n<td>10\/20\/30\/40 Zoll<\/td>\n<\/tr>\n<tr>\n<td>Vorteil<\/td>\n<td>Wiederverwendung<\/td>\n<\/tr>\n<\/tbody>\n<\/table>","protected":false},"featured_media":3974,"comment_status":"open","ping_status":"closed","template":"","meta":{"_gspb_post_css":""},"product_brand":[],"product_cat":[15],"product_tag":[1346,1344,1348,1347,1345,1136],"class_list":{"0":"post-3966","1":"product","2":"type-product","3":"status-publish","4":"has-post-thumbnail","6":"product_cat-stainless-steel-filter-housing","7":"product_tag-industrial-sintered-filter","8":"product_tag-lvyuan-sintered-filter","9":"product_tag-metal-powder-filter-cartridge","10":"product_tag-quality-assurance-filter","11":"product_tag-stainless-steel-powder-filter","12":"product_tag-water-filter-locks","14":"first","15":"instock","16":"shipping-taxable","17":"product-type-simple"},"_links":{"self":[{"href":"https:\/\/lyfilter.com\/de\/wp-json\/wp\/v2\/product\/3966","targetHints":{"allow":["GET"]}}],"collection":[{"href":"https:\/\/lyfilter.com\/de\/wp-json\/wp\/v2\/product"}],"about":[{"href":"https:\/\/lyfilter.com\/de\/wp-json\/wp\/v2\/types\/product"}],"replies":[{"embeddable":true,"href":"https:\/\/lyfilter.com\/de\/wp-json\/wp\/v2\/comments?post=3966"}],"wp:featuredmedia":[{"embeddable":true,"href":"https:\/\/lyfilter.com\/de\/wp-json\/wp\/v2\/media\/3974"}],"wp:attachment":[{"href":"https:\/\/lyfilter.com\/de\/wp-json\/wp\/v2\/media?parent=3966"}],"wp:term":[{"taxonomy":"product_brand","embeddable":true,"href":"https:\/\/lyfilter.com\/de\/wp-json\/wp\/v2\/product_brand?post=3966"},{"taxonomy":"product_cat","embeddable":true,"href":"https:\/\/lyfilter.com\/de\/wp-json\/wp\/v2\/product_cat?post=3966"},{"taxonomy":"product_tag","embeddable":true,"href":"https:\/\/lyfilter.com\/de\/wp-json\/wp\/v2\/product_tag?post=3966"}],"curies":[{"name":"wp","href":"https:\/\/api.w.org\/{rel}","templated":true}]}}