{"id":3960,"date":"2026-04-03T07:06:43","date_gmt":"2026-04-03T07:06:43","guid":{"rendered":"https:\/\/lyfilter.com\/"},"modified":"2026-04-03T07:06:43","modified_gmt":"2026-04-03T07:06:43","slug":"factory-customization-4-5-8-sintered-activated-carbon-filter-for-refrigerator-spare-parts-filter-element","status":"publish","type":"product","link":"https:\/\/lyfilter.com\/de\/factory-customization-4-5-8-sintered-activated-carbon-filter-for-refrigerator-spare-parts-filter-element\/","title":{"rendered":"Fabrik Anpassung 4\u2033 5\u2033 8\u2033 gesintert Aktivkohlefilter f\u00fcr K\u00fchlschrank Ersatzteile Filterelement"},"content":{"rendered":"<p>Dieses gesinterte Aktivkohlefilterelement wurde f\u00fcr die Filtration in K\u00fchlschr\u00e4nken entwickelt und hilft, Ger\u00fcche und Verunreinigungen zu reduzieren und das Wasser frisch zu halten. Mit den Optionen 4 Zoll, 5 Zoll und 8 Zoll bietet er eine praktische Passform f\u00fcr einen einfachen Austausch.<\/p>","protected":false},"excerpt":{"rendered":"<table>\n<thead>\n<tr>\n<th>Feld<\/th>\n<th>Wert<\/th>\n<\/tr>\n<\/thead>\n<tbody>\n<tr>\n<td>Ort der Herkunft<\/td>\n<td>Guangdong, China<\/td>\n<\/tr>\n<tr>\n<td>Markenname<\/td>\n<td>OEM\/LVYUAN<\/td>\n<\/tr>\n<tr>\n<td>Material<\/td>\n<td>CARBON, Gesinterte Aktivkohle aus Kokosnuss<\/td>\n<\/tr>\n<tr>\n<td>Gewicht<\/td>\n<td>200<\/td>\n<\/tr>\n<tr>\n<td>Gr\u00f6\u00dfe<\/td>\n<td>68x28x250mm<\/td>\n<\/tr>\n<tr>\n<td>Strom<\/td>\n<td>0<\/td>\n<\/tr>\n<tr>\n<td>Garantie<\/td>\n<td>Nicht verf\u00fcgbar<\/td>\n<\/tr>\n<tr>\n<td>Name des Produkts<\/td>\n<td>Gesinterte Aktivkohlefilter nach Kundenwunsch<\/td>\n<\/tr>\n<tr>\n<td>After-Sales-Service<\/td>\n<td>Online-Unterst\u00fctzung, Online-Unterst\u00fctzung<\/td>\n<\/tr>\n<tr>\n<td>Zertifizierung<\/td>\n<td>SGS\/ISO<\/td>\n<\/tr>\n<tr>\n<td>L\u00e4nge<\/td>\n<td>10-1050mm<\/td>\n<\/tr>\n<tr>\n<td>OD<\/td>\n<td>14-121mm<\/td>\n<\/tr>\n<tr>\n<td>ID<\/td>\n<td>6-50mm<\/td>\n<\/tr>\n<tr>\n<td>Mikron-Rate<\/td>\n<td>0,5-20um<\/td>\n<\/tr>\n<tr>\n<td>Jodzahl<\/td>\n<td>bis zu 1000<\/td>\n<\/tr>\n<tr>\n<td>Durchflussmenge<\/td>\n<td>\u2264300L\/h<\/td>\n<\/tr>\n<tr>\n<td>Verkaufende Einheiten<\/td>\n<td>Einzelnes Element<\/td>\n<\/tr>\n<tr>\n<td>Einzelne Packungsgr\u00f6\u00dfe<\/td>\n<td>6,5X2,8X25 cm<\/td>\n<\/tr>\n<tr>\n<td>Einfaches Bruttogewicht<\/td>\n<td>0,200 kg<\/td>\n<\/tr>\n<tr>\n<td>Paket Typ<\/td>\n<td>53x33x33cm, 64x33x33cm<\/td>\n<\/tr>\n<tr>\n<td>Vorlaufzeit<\/td>\n<td>Menge (St\u00fcck): 1 - 100, Est. Zeit(Tage): 3; Quantit\u00e4t(St\u00fccke): 101 - 500, Est. Zeit(Tage): 5; Menge(St\u00fccke): 501 - 1000, Gesch\u00e4tzt. Zeit(Tage): 7; Menge(St\u00fccke): &gt;1000, Sch\u00e4tz. Zeit(Tage): Zu verhandeln<\/td>\n<\/tr>\n<\/tbody>\n<\/table>","protected":false},"featured_media":3965,"comment_status":"open","ping_status":"closed","template":"","meta":{"_gspb_post_css":""},"product_brand":[],"product_cat":[1339],"product_tag":[1343,1342,1341,1162,1340,1136],"class_list":{"0":"post-3960","1":"product","2":"type-product","3":"status-publish","4":"has-post-thumbnail","6":"product_cat-carbon-filter","7":"product_tag-custom-carbon-filter","8":"product_tag-refrigerator-filter-element","9":"product_tag-refrigerator-spare-parts-filter","10":"product_tag-replacement-water-filter","11":"product_tag-sintered-activated-carbon-filter","12":"product_tag-water-filter-locks","14":"first","15":"instock","16":"shipping-taxable","17":"product-type-simple"},"_links":{"self":[{"href":"https:\/\/lyfilter.com\/de\/wp-json\/wp\/v2\/product\/3960","targetHints":{"allow":["GET"]}}],"collection":[{"href":"https:\/\/lyfilter.com\/de\/wp-json\/wp\/v2\/product"}],"about":[{"href":"https:\/\/lyfilter.com\/de\/wp-json\/wp\/v2\/types\/product"}],"replies":[{"embeddable":true,"href":"https:\/\/lyfilter.com\/de\/wp-json\/wp\/v2\/comments?post=3960"}],"wp:featuredmedia":[{"embeddable":true,"href":"https:\/\/lyfilter.com\/de\/wp-json\/wp\/v2\/media\/3965"}],"wp:attachment":[{"href":"https:\/\/lyfilter.com\/de\/wp-json\/wp\/v2\/media?parent=3960"}],"wp:term":[{"taxonomy":"product_brand","embeddable":true,"href":"https:\/\/lyfilter.com\/de\/wp-json\/wp\/v2\/product_brand?post=3960"},{"taxonomy":"product_cat","embeddable":true,"href":"https:\/\/lyfilter.com\/de\/wp-json\/wp\/v2\/product_cat?post=3960"},{"taxonomy":"product_tag","embeddable":true,"href":"https:\/\/lyfilter.com\/de\/wp-json\/wp\/v2\/product_tag?post=3960"}],"curies":[{"name":"wp","href":"https:\/\/api.w.org\/{rel}","templated":true}]}}