{"id":3949,"date":"2026-04-03T07:00:04","date_gmt":"2026-04-03T07:00:04","guid":{"rendered":"https:\/\/lyfilter.com\/"},"modified":"2026-04-03T07:00:04","modified_gmt":"2026-04-03T07:00:04","slug":"20-30-inch-100-polypropylene-pp-yarn-wire-wound-water-filter-for-water-treatment-5-micron-cartridge-filter-replaced","status":"publish","type":"product","link":"https:\/\/lyfilter.com\/de\/20-30-inch-100-polypropylene-pp-yarn-wire-wound-water-filter-for-water-treatment-5-micron-cartridge-filter-replaced\/","title":{"rendered":"20 30 Zoll 100% Polypropylen PP Garn Draht gewickelt Wasserfilter f\u00fcr Wasseraufbereitung 5 Mikron Patronenfilter ersetzt"},"content":{"rendered":"<p>Der f\u00fcr die Wasseraufbereitung entwickelte 100% Polypropylen-PP-Drahtfilter h\u00e4lt Sedimente mit einer Genauigkeit von 5 Mikron zur\u00fcck. Seine 20- und 30-Zoll-Optionen unterst\u00fctzen einen gleichm\u00e4\u00dfigen Durchfluss, eine zuverl\u00e4ssige Filtration und einen praktischen t\u00e4glichen Austausch.<\/p>","protected":false},"excerpt":{"rendered":"<table>\n<thead>\n<tr>\n<th>Feld<\/th>\n<th>Wert<\/th>\n<\/tr>\n<\/thead>\n<tbody>\n<tr>\n<td>Anwendbare Industrien<\/td>\n<td>Lebensmittel- und Getr\u00e4nkefabrik, Restaurant, Hausgebrauch, Lebensmittelladen, Druckereien, Bauarbeiten, Energie und Bergbau, Lebensmittel- und Getr\u00e4nkel\u00e4den, Werbeunternehmen<\/td>\n<\/tr>\n<tr>\n<td>Ort der Herkunft<\/td>\n<td>Guangdong, China<\/td>\n<\/tr>\n<tr>\n<td>Markenname<\/td>\n<td>LVYUAN\/OEM<\/td>\n<\/tr>\n<tr>\n<td>Material<\/td>\n<td>Polypropylen\/Glasfaser\/Baumwolle, Polypropylenfaser, saugf\u00e4hige Baumwolle, Glasfaser<\/td>\n<\/tr>\n<tr>\n<td>Gewicht<\/td>\n<td>Referenz<\/td>\n<\/tr>\n<tr>\n<td>Gr\u00f6\u00dfe<\/td>\n<td>10\u2033\/20\u2033\/30\u2033\/40\u2033\/50\u2033<\/td>\n<\/tr>\n<tr>\n<td>Strom<\/td>\n<td>0<\/td>\n<\/tr>\n<tr>\n<td>Garantie<\/td>\n<td>Nicht verf\u00fcgbar<\/td>\n<\/tr>\n<tr>\n<td>Artikel<\/td>\n<td>10 20 30 Zoll 100% Polypropylen PP Garn Draht gewickelt Wasserfilter<\/td>\n<\/tr>\n<tr>\n<td>Kern<\/td>\n<td>PP\/SS<\/td>\n<\/tr>\n<tr>\n<td>Mikron<\/td>\n<td>1\/5\/10\/20\/30\/50\/75\/100<\/td>\n<\/tr>\n<tr>\n<td>Innendurchmesser<\/td>\n<td>28mm \/ 30mm \/ OEM<\/td>\n<\/tr>\n<tr>\n<td>L\u00e4nge<\/td>\n<td>5\u2033 \/ 10\u2033 \/ 20\u2033 \/ 30\u2033 \/ 40\u2033 \/ 50\u2033 \/ 60\u2033<\/td>\n<\/tr>\n<tr>\n<td>PP-Wickelfilter+PP-Kern<\/td>\n<td>65\u2103<\/td>\n<\/tr>\n<tr>\n<td>PP-Wickelfilter+SS<\/td>\n<td>120\u2103<\/td>\n<\/tr>\n<tr>\n<td>Baumwollfilter+SS<\/td>\n<td>180\u2103<\/td>\n<\/tr>\n<tr>\n<td>Glasfaser+SS<\/td>\n<td>180 - 300\u2103<\/td>\n<\/tr>\n<tr>\n<td>After-Sales-Service<\/td>\n<td>Online-Unterst\u00fctzung<\/td>\n<\/tr>\n<tr>\n<td>Lieferf\u00e4higkeit<\/td>\n<td>1000 St\u00fcck\/St\u00fcck pro Tag<\/td>\n<\/tr>\n<\/tbody>\n<\/table>","protected":false},"featured_media":3953,"comment_status":"open","ping_status":"closed","template":"","meta":{"_gspb_post_css":""},"product_brand":[],"product_cat":[1095],"product_tag":[1172,1333,1296,1136,878,1334],"class_list":{"0":"post-3949","1":"product","2":"type-product","3":"status-publish","4":"has-post-thumbnail","6":"product_cat-string-wound-filter-cartridge","7":"product_tag-5-micron-cartridge-filter","8":"product_tag-polypropylene-pp-yarn-filter","9":"product_tag-sediment-water-filter","10":"product_tag-water-filter-locks","11":"product_tag-water-treatment-filter-cartridge","12":"product_tag-wire-wound-water-filter","14":"first","15":"instock","16":"shipping-taxable","17":"product-type-simple"},"_links":{"self":[{"href":"https:\/\/lyfilter.com\/de\/wp-json\/wp\/v2\/product\/3949","targetHints":{"allow":["GET"]}}],"collection":[{"href":"https:\/\/lyfilter.com\/de\/wp-json\/wp\/v2\/product"}],"about":[{"href":"https:\/\/lyfilter.com\/de\/wp-json\/wp\/v2\/types\/product"}],"replies":[{"embeddable":true,"href":"https:\/\/lyfilter.com\/de\/wp-json\/wp\/v2\/comments?post=3949"}],"wp:featuredmedia":[{"embeddable":true,"href":"https:\/\/lyfilter.com\/de\/wp-json\/wp\/v2\/media\/3953"}],"wp:attachment":[{"href":"https:\/\/lyfilter.com\/de\/wp-json\/wp\/v2\/media?parent=3949"}],"wp:term":[{"taxonomy":"product_brand","embeddable":true,"href":"https:\/\/lyfilter.com\/de\/wp-json\/wp\/v2\/product_brand?post=3949"},{"taxonomy":"product_cat","embeddable":true,"href":"https:\/\/lyfilter.com\/de\/wp-json\/wp\/v2\/product_cat?post=3949"},{"taxonomy":"product_tag","embeddable":true,"href":"https:\/\/lyfilter.com\/de\/wp-json\/wp\/v2\/product_tag?post=3949"}],"curies":[{"name":"wp","href":"https:\/\/api.w.org\/{rel}","templated":true}]}}