{"id":3927,"date":"2026-04-03T06:45:25","date_gmt":"2026-04-03T06:45:25","guid":{"rendered":"https:\/\/lyfilter.com\/"},"modified":"2026-04-03T06:45:25","modified_gmt":"2026-04-03T06:45:25","slug":"stainless-housing-filter-pp-pes-ptfe-pvdf-material-pleated-cartridge-filter-1-2-10-micron-water-filter","status":"publish","type":"product","link":"https:\/\/lyfilter.com\/de\/stainless-housing-filter-pp-pes-ptfe-pvdf-material-pleated-cartridge-filter-1-2-10-micron-water-filter\/","title":{"rendered":"Edelstahl-Geh\u00e4usefilter PP PES PTFE PVDF Material Falten-Kerzenfilter 1 2 10 Mikron Wasserfilter"},"content":{"rendered":"<p>Dieser gefaltete Wasserfilter mit Edelstahlgeh\u00e4use ist f\u00fcr flexible Filtrationsanforderungen konzipiert und in den Materialien PP, PES, PTFE und PVDF mit 1, 2 und 10 Mikron erh\u00e4ltlich. Er unterst\u00fctzt einen gleichm\u00e4\u00dfigen Durchfluss, eine saubere Leistung und einen zuverl\u00e4ssigen t\u00e4glichen Gebrauch.<\/p>","protected":false},"excerpt":{"rendered":"<table>\n<thead>\n<tr>\n<th>Feld<\/th>\n<th>Wert<\/th>\n<\/tr>\n<\/thead>\n<tbody>\n<tr>\n<td>Zustand<\/td>\n<td>Neu<\/td>\n<\/tr>\n<tr>\n<td>Anwendbare Industrien<\/td>\n<td>Hotels, Bekleidungsgesch\u00e4fte, Baustoffgesch\u00e4fte, Fertigungsbetriebe, Maschinenreparaturwerkst\u00e4tten, Lebensmittel- und Getr\u00e4nkefabriken, Bauernh\u00f6fe, Restaurants, Haushalte, Einzelhandel, Lebensmittelgesch\u00e4fte, Druckereien, Bauunternehmen, Energie- und Bergbauunternehmen, Lebensmittel- und Getr\u00e4nkem\u00e4rkte, Werbeunternehmen<\/td>\n<\/tr>\n<tr>\n<td>Service nach der Garantie<\/td>\n<td>Online-Unterst\u00fctzung<\/td>\n<\/tr>\n<tr>\n<td>Lokaler Dienstort<\/td>\n<td>keine<\/td>\n<\/tr>\n<tr>\n<td>Standort des Ausstellungsraums<\/td>\n<td>keine<\/td>\n<\/tr>\n<tr>\n<td>Video-Ausgangsinspektion<\/td>\n<td>Zur Verf\u00fcgung gestellt<\/td>\n<\/tr>\n<tr>\n<td>Maschinen-Testbericht<\/td>\n<td>Zur Verf\u00fcgung gestellt<\/td>\n<\/tr>\n<tr>\n<td>Marketing-Typ<\/td>\n<td>Gew\u00f6hnliches Produkt<\/td>\n<\/tr>\n<tr>\n<td>Garantie f\u00fcr Kernkomponenten<\/td>\n<td>1 Jahr<\/td>\n<\/tr>\n<tr>\n<td>Kernkomponenten<\/td>\n<td>Getriebe, Druckbeh\u00e4lter, Pumpe, Getriebe, Lager, Motor, Motor, PLC<\/td>\n<\/tr>\n<tr>\n<td>Ort der Herkunft<\/td>\n<td>Guangdong, China<\/td>\n<\/tr>\n<tr>\n<td>Markenname<\/td>\n<td>Lvyuan\/OEM<\/td>\n<\/tr>\n<tr>\n<td>Material<\/td>\n<td>Polypropylen<\/td>\n<\/tr>\n<tr>\n<td>Gewicht<\/td>\n<td>0<\/td>\n<\/tr>\n<tr>\n<td>Gr\u00f6\u00dfe<\/td>\n<td>10\/20\/30\/40\/50\/60 Zoll<\/td>\n<\/tr>\n<tr>\n<td>Strom<\/td>\n<td>0<\/td>\n<\/tr>\n<tr>\n<td>Garantie<\/td>\n<td>1 Jahr<\/td>\n<\/tr>\n<tr>\n<td>After-Sales-Service<\/td>\n<td>Online-Unterst\u00fctzung<\/td>\n<\/tr>\n<tr>\n<td>Artikel Name<\/td>\n<td>PP PES PTFE PVDF Material 0,5 Mikron Faltenfilterpatrone<\/td>\n<\/tr>\n<tr>\n<td>Material der Filtermembran<\/td>\n<td>PP\/PVDF\/PTFE\/PES\/Nylon<\/td>\n<\/tr>\n<tr>\n<td>L\u00e4nge<\/td>\n<td>5 ~ 60 Zoll<\/td>\n<\/tr>\n<tr>\n<td>Konvektor<\/td>\n<td>Speer Typ \/ 215 \/ 222 \/ 226 \/ DOE<\/td>\n<\/tr>\n<tr>\n<td>Mikron<\/td>\n<td>0,01 ~ 100 Mikron gefaltete Filterpatrone<\/td>\n<\/tr>\n<tr>\n<td>Methode der Versiegelung<\/td>\n<td>Warmschmelzschwei\u00dfen<\/td>\n<\/tr>\n<tr>\n<td>Durchmesser<\/td>\n<td>70mm<\/td>\n<\/tr>\n<tr>\n<td>Innerer Kern<\/td>\n<td>Werkstoff PP\/SS<\/td>\n<\/tr>\n<tr>\n<td>MOQ<\/td>\n<td>Derzeit keine begrenzte<\/td>\n<\/tr>\n<tr>\n<td>Verkaufende Einheiten<\/td>\n<td>Einzelnes Element<\/td>\n<\/tr>\n<tr>\n<td>Einzelne Packungsgr\u00f6\u00dfe<\/td>\n<td>63X42X42 cm<\/td>\n<\/tr>\n<tr>\n<td>Einfaches Bruttogewicht<\/td>\n<td>23.000 kg<\/td>\n<\/tr>\n<tr>\n<td>Paket Typ<\/td>\n<td>Edelstahl-Geh\u00e4usefilter PP PES PTFE PVDF Material 0,5 Mikron plissierter Patronenfilter\/5 Mikron Wasserpatronenfilter: 10\u2033 50PCS\/CTN, 20\u2033 25PCS\/CTN, 30\u2033 25PCS\/CTN, 40\u2033 25PCS\/CTN.<\/td>\n<\/tr>\n<tr>\n<td>Vorlaufzeit<\/td>\n<td>Menge (St\u00fcck): 1 - 500, Est. Zeit(Tage): 5; Menge(St\u00fcck): &gt;500, Est. Zeit(Tage): Zu verhandeln<\/td>\n<\/tr>\n<\/tbody>\n<\/table>","protected":false},"featured_media":3933,"comment_status":"open","ping_status":"closed","template":"","meta":{"_gspb_post_css":""},"product_brand":[],"product_cat":[15],"product_tag":[1324,334,1322,1323,1321,1136],"class_list":{"0":"post-3927","1":"product","2":"type-product","3":"status-publish","4":"has-post-thumbnail","6":"product_cat-stainless-steel-filter-housing","7":"product_tag-1-2-10-micron-filter","8":"product_tag-industrial-water-filter","9":"product_tag-pleated-cartridge-water-filter","10":"product_tag-pp-pes-ptfe-pvdf-filter","11":"product_tag-stainless-housing-filter","12":"product_tag-water-filter-locks","14":"first","15":"instock","16":"shipping-taxable","17":"product-type-simple"},"_links":{"self":[{"href":"https:\/\/lyfilter.com\/de\/wp-json\/wp\/v2\/product\/3927","targetHints":{"allow":["GET"]}}],"collection":[{"href":"https:\/\/lyfilter.com\/de\/wp-json\/wp\/v2\/product"}],"about":[{"href":"https:\/\/lyfilter.com\/de\/wp-json\/wp\/v2\/types\/product"}],"replies":[{"embeddable":true,"href":"https:\/\/lyfilter.com\/de\/wp-json\/wp\/v2\/comments?post=3927"}],"wp:featuredmedia":[{"embeddable":true,"href":"https:\/\/lyfilter.com\/de\/wp-json\/wp\/v2\/media\/3933"}],"wp:attachment":[{"href":"https:\/\/lyfilter.com\/de\/wp-json\/wp\/v2\/media?parent=3927"}],"wp:term":[{"taxonomy":"product_brand","embeddable":true,"href":"https:\/\/lyfilter.com\/de\/wp-json\/wp\/v2\/product_brand?post=3927"},{"taxonomy":"product_cat","embeddable":true,"href":"https:\/\/lyfilter.com\/de\/wp-json\/wp\/v2\/product_cat?post=3927"},{"taxonomy":"product_tag","embeddable":true,"href":"https:\/\/lyfilter.com\/de\/wp-json\/wp\/v2\/product_tag?post=3927"}],"curies":[{"name":"wp","href":"https:\/\/api.w.org\/{rel}","templated":true}]}}