{"id":3920,"date":"2026-04-03T06:36:02","date_gmt":"2026-04-03T06:36:02","guid":{"rendered":"https:\/\/lyfilter.com\/"},"modified":"2026-04-03T06:36:03","modified_gmt":"2026-04-03T06:36:03","slug":"ss-single-bag-filter-housing-316-stainless-steel-filter-strainer-for-industrial-liquid-filtration","status":"publish","type":"product","link":"https:\/\/lyfilter.com\/de\/ss-single-bag-filter-housing-316-stainless-steel-filter-strainer-for-industrial-liquid-filtration\/","title":{"rendered":"SS Einzelbeutel-Filtergeh\u00e4use\/316 Edelstahl-Filtersieb f\u00fcr industrielle Fl\u00fcssigkeitsfiltration"},"content":{"rendered":"<p>Dieses f\u00fcr die industrielle Fl\u00fcssigkeitsfiltration konzipierte SS-Einbeutelfiltergeh\u00e4use besteht aus 316er Edelstahl, der eine dauerhafte Filterung, einen gleichm\u00e4\u00dfigen Durchfluss und eine einfache Wartung erm\u00f6glicht. Sein robustes Design tr\u00e4gt zur Verbesserung der Effizienz und zum zuverl\u00e4ssigen t\u00e4glichen Betrieb bei.<\/p>","protected":false},"excerpt":{"rendered":"<table>\n<thead>\n<tr>\n<th>Feld<\/th>\n<th>Wert<\/th>\n<\/tr>\n<\/thead>\n<tbody>\n<tr>\n<td>Anwendbare Industrien<\/td>\n<td>Produktionsanlagen, Lebensmittel- und Getr\u00e4nkefabrik, Wasseraufbereitung<\/td>\n<\/tr>\n<tr>\n<td>Ort der Herkunft<\/td>\n<td>Guangdong, China<\/td>\n<\/tr>\n<tr>\n<td>Markenname<\/td>\n<td>Lvyuan, OEM, ODM<\/td>\n<\/tr>\n<tr>\n<td>Material<\/td>\n<td>unlegierter Stahl 304<\/td>\n<\/tr>\n<tr>\n<td>Gewicht<\/td>\n<td>angepasst<\/td>\n<\/tr>\n<tr>\n<td>Gr\u00f6\u00dfe<\/td>\n<td>angepasst<\/td>\n<\/tr>\n<tr>\n<td>Strom<\/td>\n<td>0<\/td>\n<\/tr>\n<tr>\n<td>Garantie<\/td>\n<td>1 Jahr<\/td>\n<\/tr>\n<tr>\n<td>After-Sales-Service<\/td>\n<td>Online-Unterst\u00fctzung<\/td>\n<\/tr>\n<tr>\n<td>Merkmal<\/td>\n<td>Gute Abdichtung<\/td>\n<\/tr>\n<tr>\n<td>Filterbeutelgr\u00f6\u00dfe<\/td>\n<td>180*810mm<\/td>\n<\/tr>\n<tr>\n<td>Zertifizierung<\/td>\n<td>SGS<\/td>\n<\/tr>\n<tr>\n<td>Verwendung<\/td>\n<td>Wasserfiltration<\/td>\n<\/tr>\n<tr>\n<td>Anmeldung<\/td>\n<td>Industrie<\/td>\n<\/tr>\n<tr>\n<td>Oberfl\u00e4che<\/td>\n<td>poliert\/verspiegelt<\/td>\n<\/tr>\n<tr>\n<td>Rohmaterial<\/td>\n<td>rostfreier Stahl<\/td>\n<\/tr>\n<tr>\n<td>Arbeitsdruck<\/td>\n<td>300Psi<\/td>\n<\/tr>\n<tr>\n<td>Schl\u00fcsselw\u00f6rter<\/td>\n<td>Schlauchfilter<\/td>\n<\/tr>\n<tr>\n<td>Filtermedien<\/td>\n<td>PP\/PE\/SS<\/td>\n<\/tr>\n<tr>\n<td>Verkaufende Einheiten<\/td>\n<td>Einzelnes Element<\/td>\n<\/tr>\n<tr>\n<td>Einzelne Packungsgr\u00f6\u00dfe<\/td>\n<td>150X40X45 cm<\/td>\n<\/tr>\n<tr>\n<td>Einfaches Bruttogewicht<\/td>\n<td>26.000 kg<\/td>\n<\/tr>\n<tr>\n<td>Vorlaufzeit<\/td>\n<td>Menge (St\u00fcck): 1 - 500, Est. Zeit(Tage): 7; Menge(St\u00fcck): &gt;500, Est. Zeit(Tage): Zu verhandeln<\/td>\n<\/tr>\n<\/tbody>\n<\/table>","protected":false},"featured_media":3926,"comment_status":"open","ping_status":"closed","template":"","meta":{"_gspb_post_css":""},"product_brand":[],"product_cat":[15],"product_tag":[1319,42,68,1318,1320,1136],"class_list":{"0":"post-3920","1":"product","2":"type-product","3":"status-publish","4":"has-post-thumbnail","6":"product_cat-stainless-steel-filter-housing","7":"product_tag-316-stainless-steel-filter-strainer","8":"product_tag-industrial-liquid-filtration","9":"product_tag-liquid-filter-housing","10":"product_tag-ss-single-bag-filter-housing","11":"product_tag-stainless-steel-bag-filter","12":"product_tag-water-filter-locks","14":"first","15":"instock","16":"shipping-taxable","17":"product-type-simple"},"_links":{"self":[{"href":"https:\/\/lyfilter.com\/de\/wp-json\/wp\/v2\/product\/3920","targetHints":{"allow":["GET"]}}],"collection":[{"href":"https:\/\/lyfilter.com\/de\/wp-json\/wp\/v2\/product"}],"about":[{"href":"https:\/\/lyfilter.com\/de\/wp-json\/wp\/v2\/types\/product"}],"replies":[{"embeddable":true,"href":"https:\/\/lyfilter.com\/de\/wp-json\/wp\/v2\/comments?post=3920"}],"wp:featuredmedia":[{"embeddable":true,"href":"https:\/\/lyfilter.com\/de\/wp-json\/wp\/v2\/media\/3926"}],"wp:attachment":[{"href":"https:\/\/lyfilter.com\/de\/wp-json\/wp\/v2\/media?parent=3920"}],"wp:term":[{"taxonomy":"product_brand","embeddable":true,"href":"https:\/\/lyfilter.com\/de\/wp-json\/wp\/v2\/product_brand?post=3920"},{"taxonomy":"product_cat","embeddable":true,"href":"https:\/\/lyfilter.com\/de\/wp-json\/wp\/v2\/product_cat?post=3920"},{"taxonomy":"product_tag","embeddable":true,"href":"https:\/\/lyfilter.com\/de\/wp-json\/wp\/v2\/product_tag?post=3920"}],"curies":[{"name":"wp","href":"https:\/\/api.w.org\/{rel}","templated":true}]}}