{"id":3915,"date":"2026-04-03T06:26:10","date_gmt":"2026-04-03T06:26:10","guid":{"rendered":"https:\/\/lyfilter.com\/"},"modified":"2026-05-08T01:22:03","modified_gmt":"2026-05-08T01:22:03","slug":"lvyuan-hot-sale-commercial-ro-plant-supplier-wholesale-for-industry","status":"publish","type":"product","link":"https:\/\/lyfilter.com\/de\/lvyuan-hot-sale-commercial-ro-plant-supplier-wholesale-for-industry\/","title":{"rendered":"Lvyuan Hei\u00dfer Verkauf Kommerzielle RO Anlage Lieferant Gro\u00dfhandel f\u00fcr Industrie"},"content":{"rendered":"<p>1. die Textilindustrie, die chemische Industrie, Prozesswasser\/Chemie-Recyclingwasser, chemische Produkte<\/p>\n<p>&nbsp;<\/p>\n<p>Herstellung, Reinigung und Aufbereitung von Wasser ;<\/p>\n<p>&nbsp;<\/p>\n<p>2. industrielles Wasser f\u00fcr die Lebensmittel- und Getr\u00e4nkeindustrie, gereinigtes Trinkwasser, Getr\u00e4nke, Bier,<\/p>\n<p>&nbsp;<\/p>\n<p>Spirituosen, Gesundheitsprodukte wie Wasserreinigung und Wasseraufbereitung;<\/p>\n<p>&nbsp;<\/p>\n<p>3) Meerwasser, Brackwasserentsalzungsinseln, Schiffe, Offshore-Bohrinseln,<\/p>\n<p>&nbsp;<\/p>\n<p>Brackwassergebiete<\/p>\n<p>&nbsp;<\/p>\n<p>4. eine gr\u00f6\u00dfere Gemeinde, Immobilien, Schulen, Fabriken, Krankenh\u00e4user und Restaurants,<\/p>\n<p>&nbsp;<\/p>\n<p>Hotels, Sch\u00f6nheitssalons, Kantinen und andere verschiedene Arten von Unternehmen und Einrichtungen.<\/p>\n<p>&nbsp;<\/p>\n<p>5. integrierte Schaltungen, Siliziumwafer, Anzeiger\u00f6hren und andere elektronische Bauteile aus<\/p>\n<p>&nbsp;<\/p>\n<p>elektronisches Brauchwasser Sp\u00fclwasser<\/p>\n<p>&nbsp;<\/p>\n<p>6. kann f\u00fcr die Abf\u00fcllung von Wasser in Flaschen, Mineralwasser und andere Vorbereitung Arbeit verwendet werden<\/p>\n<p>&nbsp;<\/p>","protected":false},"excerpt":{"rendered":"<table>\n<thead>\n<tr>\n<th>Feld<\/th>\n<th>Wert<\/th>\n<\/tr>\n<\/thead>\n<tbody>\n<tr>\n<td>Anwendbare Industrien<\/td>\n<td>Bauernh\u00f6fe, Bauarbeiten, Lebensmittel- und Getr\u00e4nkem\u00e4rkte<\/td>\n<\/tr>\n<tr>\n<td>Service nach der Garantie<\/td>\n<td>Online-Unterst\u00fctzung<\/td>\n<\/tr>\n<tr>\n<td>Lokaler Dienstort<\/td>\n<td>keine<\/td>\n<\/tr>\n<tr>\n<td>Standort des Ausstellungsraums<\/td>\n<td>keine<\/td>\n<\/tr>\n<tr>\n<td>Video-Ausgangsinspektion<\/td>\n<td>Zur Verf\u00fcgung gestellt<\/td>\n<\/tr>\n<tr>\n<td>Maschinen-Testbericht<\/td>\n<td>Nicht verf\u00fcgbar<\/td>\n<\/tr>\n<tr>\n<td>Marketing-Typ<\/td>\n<td>Gew\u00f6hnliches Produkt<\/td>\n<\/tr>\n<tr>\n<td>Garantie f\u00fcr Kernkomponenten<\/td>\n<td>1 Jahr<\/td>\n<\/tr>\n<tr>\n<td>Kernkomponenten<\/td>\n<td>Druckbeh\u00e4lter, Pumpe, Motor<\/td>\n<\/tr>\n<tr>\n<td>Ort der Herkunft<\/td>\n<td>Guangdong, China<\/td>\n<\/tr>\n<tr>\n<td>Markenname<\/td>\n<td>Guangzhou Lvyuan<\/td>\n<\/tr>\n<tr>\n<td>Garantie<\/td>\n<td>1 Jahr<\/td>\n<\/tr>\n<tr>\n<td>After-Sales-Service<\/td>\n<td>Online-Unterst\u00fctzung<\/td>\n<\/tr>\n<tr>\n<td>Posten 1<\/td>\n<td>Meerwasseraufbereitungssystem<\/td>\n<\/tr>\n<tr>\n<td>Posten 2<\/td>\n<td>Automatisches oder manuelles Steuerventil<\/td>\n<\/tr>\n<tr>\n<td>Punkt 3<\/td>\n<td>FRP- oder Edelstahltank<\/td>\n<\/tr>\n<tr>\n<td>Posten 4<\/td>\n<td>RO-Membran mit guter Qualit\u00e4t<\/td>\n<\/tr>\n<tr>\n<td>Punkt 5<\/td>\n<td>Durchflussmenge 1000LPH<\/td>\n<\/tr>\n<tr>\n<td>Punkt 6<\/td>\n<td>Trinkwasseraufbereitungsanlage<\/td>\n<\/tr>\n<tr>\n<td>Punkt 7<\/td>\n<td>UV-Lampe<\/td>\n<\/tr>\n<tr>\n<td>Posten 8<\/td>\n<td>EDI-System<\/td>\n<\/tr>\n<tr>\n<td>Artikel 9<\/td>\n<td>Rohre aus rostfreiem Stahl<\/td>\n<\/tr>\n<tr>\n<td>Paket<\/td>\n<td>Holzkiste oder Holzrahmen<\/td>\n<\/tr>\n<tr>\n<td>Lieferf\u00e4higkeit<\/td>\n<td>5 St\u00fcck\/St\u00fcck pro Monat<\/td>\n<\/tr>\n<\/tbody>\n<\/table>","protected":false},"featured_media":3916,"comment_status":"open","ping_status":"closed","template":"","meta":{"_gspb_post_css":""},"product_brand":[],"product_cat":[15],"product_tag":[1312,1310,1309,1313,1136,1311],"class_list":{"0":"post-3915","1":"product","2":"type-product","3":"status-publish","4":"has-post-thumbnail","6":"product_cat-stainless-steel-filter-housing","7":"product_tag-commercial-water-purification-plant","8":"product_tag-industrial-ro-water-system","9":"product_tag-lvyuan-commercial-ro-plant","10":"product_tag-reverse-osmosis-treatment-system","11":"product_tag-water-filter-locks","12":"product_tag-wholesale-ro-plant-supplier","14":"first","15":"instock","16":"shipping-taxable","17":"product-type-simple"},"_links":{"self":[{"href":"https:\/\/lyfilter.com\/de\/wp-json\/wp\/v2\/product\/3915","targetHints":{"allow":["GET"]}}],"collection":[{"href":"https:\/\/lyfilter.com\/de\/wp-json\/wp\/v2\/product"}],"about":[{"href":"https:\/\/lyfilter.com\/de\/wp-json\/wp\/v2\/types\/product"}],"replies":[{"embeddable":true,"href":"https:\/\/lyfilter.com\/de\/wp-json\/wp\/v2\/comments?post=3915"}],"wp:featuredmedia":[{"embeddable":true,"href":"https:\/\/lyfilter.com\/de\/wp-json\/wp\/v2\/media\/3916"}],"wp:attachment":[{"href":"https:\/\/lyfilter.com\/de\/wp-json\/wp\/v2\/media?parent=3915"}],"wp:term":[{"taxonomy":"product_brand","embeddable":true,"href":"https:\/\/lyfilter.com\/de\/wp-json\/wp\/v2\/product_brand?post=3915"},{"taxonomy":"product_cat","embeddable":true,"href":"https:\/\/lyfilter.com\/de\/wp-json\/wp\/v2\/product_cat?post=3915"},{"taxonomy":"product_tag","embeddable":true,"href":"https:\/\/lyfilter.com\/de\/wp-json\/wp\/v2\/product_tag?post=3915"}],"curies":[{"name":"wp","href":"https:\/\/api.w.org\/{rel}","templated":true}]}}